{"id":51644,"date":"2025-05-22T11:35:52","date_gmt":"2025-05-22T09:40:21","guid":{"rendered":"https:\/\/sundar.be\/product\/medixwell-bandeau-en-tissu-eponge-5-pcs\/"},"modified":"2025-05-22T11:40:30","modified_gmt":"2025-05-22T09:40:30","slug":"medixwell-bandeau-en-tissu-eponge-5-pcs","status":"publish","type":"product","link":"https:\/\/sundar.be\/fr\/produit\/medixwell-bandeau-en-tissu-eponge-5-pcs\/","title":{"rendered":"Medixwell Bandeau en Tissu \u00c9ponge, 5 pcs"},"content":{"rendered":"<p>Medixwell Bandeau \u2013 Lot de 5 en tissu \u00e9ponge<\/p>\n<p><strong>Dimensions:<\/strong><\/p>\n<ul>\n<li>Standard : 5 cm de large, longueur ajustable gr\u00e2ce \u00e0 une fermeture Velcro<\/li>\n<li>Maxi : 9 cm de large, longueur ajustable gr\u00e2ce \u00e0 une fermeture Velcro<\/li>\n<\/ul>\n<p><strong>Informations sur le produit :<\/strong><\/p>\n<p>Gr\u00e2ce \u00e0 leur \u00e9lasticit\u00e9, les bandeaux Medixwell offrent un grand confort et ne provoquent pas de maux de t\u00eate.<\/p>\n","protected":false},"excerpt":{"rendered":"<p>Bandeaux pour cheveux en diff\u00e9rentes couleurs et tailles.<\/p>\n","protected":false},"featured_media":51636,"comment_status":"open","ping_status":"closed","template":"","meta":{"_acf_changed":false},"product_brand":[],"product_cat":[5697,5699,4223],"product_tag":[],"class_list":{"0":"post-51644","1":"product","2":"type-product","3":"status-publish","4":"has-post-thumbnail","6":"product_cat-articles-jetables-ligne-de-bain","7":"product_cat-bandeaux-filets","8":"product_cat-massage-fr-webshop-fr","9":"pa_kleur-grijs","10":"pa_kleur-wit","11":"pa_kleur-zand","12":"pa_kleur-zwart","13":"pa_maat-maxi-fr","14":"pa_maat-standard","16":"first","17":"instock","18":"taxable","19":"shipping-taxable","20":"product-type-variable"},"acf":[],"_links":{"self":[{"href":"https:\/\/sundar.be\/fr\/wp-json\/wp\/v2\/product\/51644","targetHints":{"allow":["GET"]}}],"collection":[{"href":"https:\/\/sundar.be\/fr\/wp-json\/wp\/v2\/product"}],"about":[{"href":"https:\/\/sundar.be\/fr\/wp-json\/wp\/v2\/types\/product"}],"replies":[{"embeddable":true,"href":"https:\/\/sundar.be\/fr\/wp-json\/wp\/v2\/comments?post=51644"}],"wp:featuredmedia":[{"embeddable":true,"href":"https:\/\/sundar.be\/fr\/wp-json\/wp\/v2\/media\/51636"}],"wp:attachment":[{"href":"https:\/\/sundar.be\/fr\/wp-json\/wp\/v2\/media?parent=51644"}],"wp:term":[{"taxonomy":"product_brand","embeddable":true,"href":"https:\/\/sundar.be\/fr\/wp-json\/wp\/v2\/product_brand?post=51644"},{"taxonomy":"product_cat","embeddable":true,"href":"https:\/\/sundar.be\/fr\/wp-json\/wp\/v2\/product_cat?post=51644"},{"taxonomy":"product_tag","embeddable":true,"href":"https:\/\/sundar.be\/fr\/wp-json\/wp\/v2\/product_tag?post=51644"}],"curies":[{"name":"wp","href":"https:\/\/api.w.org\/{rel}","templated":true}]}}