{"id":51625,"date":"2025-05-22T11:22:21","date_gmt":"2025-05-22T09:22:21","guid":{"rendered":"https:\/\/sundar.be\/product\/mini-cabi-hl-6\/"},"modified":"2025-05-22T11:23:27","modified_gmt":"2025-05-22T09:23:27","slug":"mini-cabi-hl-6","status":"publish","type":"product","link":"https:\/\/sundar.be\/fr\/produit\/mini-cabi-hl-6\/","title":{"rendered":"Mini-Cabi HL-6"},"content":{"rendered":"<p>Permet de chauffer jusqu\u2019\u00e0 6 serviettes humides \u00e0 une temp\u00e9rature de 70 \u00e0 80 \u00b0C. Effet d\u00e9sinfectant gr\u00e2ce aux lampes UV int\u00e9gr\u00e9es. Tiroir de r\u00e9cup\u00e9ration d\u2019eau inclus. Un panier \u00e0 serviettes est fourni avec l\u2019appareil.    <\/p>\n<p><strong>Donn\u00e9es techniques :<\/strong><\/p>\n<ul>\n<li>Tension : 230 V \/ 50 Hz<\/li>\n<li>Puissance : 200 W<\/li>\n<li>Capacit\u00e9 : 13 litres<\/li>\n<li>Dimensions int\u00e9rieures : 17 \u00d7 36,8 \u00d7 21,3 cm<\/li>\n<li>Dimensions ext\u00e9rieures : 29 \u00d7 45,5 \u00d7 32 cm<\/li>\n<li>Poids : 7,5 kg<\/li>\n<\/ul>\n","protected":false},"excerpt":{"rendered":"<p>Permet de chauffer jusqu\u2019\u00e0 6 serviettes humides \u00e0 une temp\u00e9rature de 70 \u00e0 80 \u00b0C. Effet d\u00e9sinfectant gr\u00e2ce aux lampes UV int\u00e9gr\u00e9es. Tiroir de r\u00e9cup\u00e9ration d\u2019eau inclus. Un panier \u00e0 serviettes est fourni avec l\u2019appareil. Donn\u00e9es techniques : Tension : 230 V \/ 50 Hz Puissance : 200 W Capacit\u00e9 : 13 litres Dimensions int\u00e9rieures [&hellip;]<\/p>\n","protected":false},"featured_media":51624,"comment_status":"open","ping_status":"closed","template":"","meta":{"_acf_changed":false},"product_brand":[],"product_cat":[4945,4769,6164,5696,5608,4982,4223,4972],"product_tag":[],"class_list":{"0":"post-51625","1":"product","2":"type-product","3":"status-publish","4":"has-post-thumbnail","6":"product_cat-amenagement-institut-webshop-fr","7":"product_cat-amenagement-appareils","8":"product_cat-appareils-ionto","9":"product_cat-armoires-chauffantes-pour-serviettes","10":"product_cat-chauffe-compresses","11":"product_cat-ionto-comed-fr","12":"product_cat-massage-fr-webshop-fr","13":"product_cat-nos-marques","15":"first","16":"instock","17":"taxable","18":"shipping-taxable","19":"product-type-simple"},"acf":[],"_links":{"self":[{"href":"https:\/\/sundar.be\/fr\/wp-json\/wp\/v2\/product\/51625","targetHints":{"allow":["GET"]}}],"collection":[{"href":"https:\/\/sundar.be\/fr\/wp-json\/wp\/v2\/product"}],"about":[{"href":"https:\/\/sundar.be\/fr\/wp-json\/wp\/v2\/types\/product"}],"replies":[{"embeddable":true,"href":"https:\/\/sundar.be\/fr\/wp-json\/wp\/v2\/comments?post=51625"}],"wp:featuredmedia":[{"embeddable":true,"href":"https:\/\/sundar.be\/fr\/wp-json\/wp\/v2\/media\/51624"}],"wp:attachment":[{"href":"https:\/\/sundar.be\/fr\/wp-json\/wp\/v2\/media?parent=51625"}],"wp:term":[{"taxonomy":"product_brand","embeddable":true,"href":"https:\/\/sundar.be\/fr\/wp-json\/wp\/v2\/product_brand?post=51625"},{"taxonomy":"product_cat","embeddable":true,"href":"https:\/\/sundar.be\/fr\/wp-json\/wp\/v2\/product_cat?post=51625"},{"taxonomy":"product_tag","embeddable":true,"href":"https:\/\/sundar.be\/fr\/wp-json\/wp\/v2\/product_tag?post=51625"}],"curies":[{"name":"wp","href":"https:\/\/api.w.org\/{rel}","templated":true}]}}