{"id":51620,"date":"2025-05-22T11:14:53","date_gmt":"2025-05-22T09:20:38","guid":{"rendered":"https:\/\/sundar.be\/product\/towel-heater-eco-11l\/"},"modified":"2025-05-22T11:20:38","modified_gmt":"2025-05-22T09:20:38","slug":"towel-heater-eco-11l","status":"publish","type":"product","link":"https:\/\/sundar.be\/fr\/produit\/towel-heater-eco-11l\/","title":{"rendered":"Towel Heater Eco 11L"},"content":{"rendered":"<p>Chauffe-serviettes avec une capacit\u00e9 de 11 litres.<br \/>L\u2019appareil est \u00e9quip\u00e9 d\u2019une lampe UV qui \u00e9limine les germes et les bact\u00e9ries. Id\u00e9al pour conserver les serviettes dans des conditions d\u2019hygi\u00e8ne parfaites. Fonctionne \u00e0 une temp\u00e9rature maximale de 80 \u00b0C.   <\/p>\n<p><strong>CARACT\u00c9RISTIQUES TECHNIQUES<\/strong><\/p>\n<ul>\n<li>Dimensions de l\u2019emballage : 53 x 42 x 37,5 cm<\/li>\n<li>Poids brut : 7 kg<\/li>\n<li>Dimensions du produit : 46 x 35 x 31 cm<\/li>\n<li>Capacit\u00e9 : 11 litres<\/li>\n<li>Temp\u00e9rature : 80 \u00b0C<\/li>\n<li>Tension nominale : 220V ~ 240V<\/li>\n<li>Fr\u00e9quence : 50Hz \/ 60Hz<\/li>\n<li>Puissance nominale : 200 W<\/li>\n<\/ul>\n","protected":false},"excerpt":{"rendered":"<p>Chauffe-serviettes avec une capacit\u00e9 de 11 litres.L\u2019appareil est \u00e9quip\u00e9 d\u2019une lampe UV qui \u00e9limine les germes et les bact\u00e9ries. Id\u00e9al pour conserver les serviettes dans des conditions d\u2019hygi\u00e8ne parfaites. Fonctionne \u00e0 une temp\u00e9rature maximale de 80 \u00b0C. CARACT\u00c9RISTIQUES TECHNIQUES Dimensions de l\u2019emballage : 53 x 42 x 37,5 cm Poids brut : 7 kg Dimensions [&hellip;]<\/p>\n","protected":false},"featured_media":51619,"comment_status":"open","ping_status":"closed","template":"","meta":{"_acf_changed":false},"product_brand":[],"product_cat":[4945,4769,5696,5608,4223],"product_tag":[],"class_list":{"0":"post-51620","1":"product","2":"type-product","3":"status-publish","4":"has-post-thumbnail","6":"product_cat-amenagement-institut-webshop-fr","7":"product_cat-amenagement-appareils","8":"product_cat-armoires-chauffantes-pour-serviettes","9":"product_cat-chauffe-compresses","10":"product_cat-massage-fr-webshop-fr","12":"first","13":"instock","14":"taxable","15":"shipping-taxable","16":"product-type-simple"},"acf":[],"_links":{"self":[{"href":"https:\/\/sundar.be\/fr\/wp-json\/wp\/v2\/product\/51620","targetHints":{"allow":["GET"]}}],"collection":[{"href":"https:\/\/sundar.be\/fr\/wp-json\/wp\/v2\/product"}],"about":[{"href":"https:\/\/sundar.be\/fr\/wp-json\/wp\/v2\/types\/product"}],"replies":[{"embeddable":true,"href":"https:\/\/sundar.be\/fr\/wp-json\/wp\/v2\/comments?post=51620"}],"wp:featuredmedia":[{"embeddable":true,"href":"https:\/\/sundar.be\/fr\/wp-json\/wp\/v2\/media\/51619"}],"wp:attachment":[{"href":"https:\/\/sundar.be\/fr\/wp-json\/wp\/v2\/media?parent=51620"}],"wp:term":[{"taxonomy":"product_brand","embeddable":true,"href":"https:\/\/sundar.be\/fr\/wp-json\/wp\/v2\/product_brand?post=51620"},{"taxonomy":"product_cat","embeddable":true,"href":"https:\/\/sundar.be\/fr\/wp-json\/wp\/v2\/product_cat?post=51620"},{"taxonomy":"product_tag","embeddable":true,"href":"https:\/\/sundar.be\/fr\/wp-json\/wp\/v2\/product_tag?post=51620"}],"curies":[{"name":"wp","href":"https:\/\/api.w.org\/{rel}","templated":true}]}}