{"id":51616,"date":"2025-05-22T10:48:46","date_gmt":"2025-05-22T08:48:46","guid":{"rendered":"https:\/\/sundar.be\/product\/ionto-spa-sensity\/"},"modified":"2025-12-16T14:43:39","modified_gmt":"2025-12-16T13:43:39","slug":"ionto-spa-sensity","status":"publish","type":"product","link":"https:\/\/sundar.be\/fr\/produit\/ionto-spa-sensity\/","title":{"rendered":"IONTO SPA Sensity"},"content":{"rendered":"<p><span style=\"color: #557e96;\"><strong>IONTO SPA Sensity; La combinaison id\u00e9ale de confort, de diversit\u00e9 de soins et d\u2019espace de rangement.<\/strong><\/span><\/p>\n<p>Les innombrables possibilit\u00e9s de r\u00e9glage de la Spa Sensity constituent la base du confort et de l\u2019ergonomie. Les appuie-bras et l\u2019appuie-t\u00eate r\u00e9glables offrent un espace optimal pour les jambes du praticien. Les accoudoirs peuvent \u00eatre ajust\u00e9s vers l\u2019avant, permettant au client de s\u2019allonger confortablement les bras vers l\u2019avant pendant un massage du dos.  <\/p>\n<p>Gr\u00e2ce \u00e0 la conception pratique de la base, un grand espace de rangement est disponible, par exemple pour les serviettes. Des roulettes sont disponibles en option. Le dossier est enti\u00e8rement recouvert d\u2019un capot de protection en plastique \u00e0 l\u2019arri\u00e8re, pour des raisons d\u2019hygi\u00e8ne et d\u2019esth\u00e9tique. La Spa Sensity est construite selon le principe \u00ab plug and play \u00bb : les coussins peuvent \u00eatre mont\u00e9s tr\u00e8s facilement en quelques clics.    <\/p>\n<h2><strong>Specifications<\/strong><\/h2>\n<ul>\n<li>Cat\u00e9gorie : Enti\u00e8rement automatique<\/li>\n<li>Utilisation : Soins esth\u00e9tiques, bien-\u00eatre, massage et soins corporels<\/li>\n<li>Convient pour massage : Excellent<\/li>\n<li>Motorisation : 4 moteurs \u00e9lectriques<\/li>\n<li>Poids : env. 120 kg \/ 144 kg avec base<\/li>\n<li>Charge maximale : 220 kg<\/li>\n<li>Capacit\u00e9 de levage : 200 kg<\/li>\n<li>Commande : T\u00e9l\u00e9commande (programmable)<\/li>\n<li>Dimensions : L 205 cm x l 85\/76 cm x H 55 cm\n<ul>\n<li>Largeur du matelas : 85\/76 cm<\/li>\n<li>Dimensions du ch\u00e2ssis : L 110 cm x l 62 cm<\/li>\n<li>Hauteur d\u2019acc\u00e8s : 55 cm<\/li>\n<li>Hauteur maximale d\u2019assise : 95 cm<\/li>\n<\/ul>\n<\/li>\n<li>Accoudoirs : r\u00e9glables sur 15 cm<\/li>\n<li>Inclinaison du dossier : 75\u00ba<\/li>\n<li>Fonction bascule : 38\u00ba<\/li>\n<li>R\u00e9glage du repose-jambes : 40\u00ba<\/li>\n<li>R\u00e9glage de l\u2019appuie-t\u00eate : +25\u00ba \/ -35\u00ba<\/li>\n<\/ul>\n","protected":false},"excerpt":{"rendered":"<p>Qu\u2019il s\u2019agisse d\u2019un spa, d\u2019un h\u00f4tel ou d\u2019un institut de beaut\u00e9, tous les prestataires de soins bien-\u00eatre haut de gamme utilisent aujourd\u2019hui des concepts de traitement bien pens\u00e9s afin de satisfaire les clients les plus exigeants. Les nombreuses options de r\u00e9glage exceptionnelles de la IONTO Spa-Sensity peuvent \u00eatre combin\u00e9es \u00e0 une grande diversit\u00e9 de soins, offrant ainsi au client une sensation de bien-\u00eatre absolu. <\/p>\n","protected":false},"featured_media":51615,"comment_status":"open","ping_status":"closed","template":"","meta":{"_acf_changed":false},"product_brand":[],"product_cat":[4945,4791,4982,4223,4784,6167,4972,5694,5058],"product_tag":[],"class_list":{"0":"post-51616","1":"product","2":"type-product","3":"status-publish","4":"has-post-thumbnail","6":"product_cat-amenagement-institut-webshop-fr","7":"product_cat-fauteuils-soins-esthetiques","8":"product_cat-ionto-comed-fr","9":"product_cat-massage-fr-webshop-fr","10":"product_cat-amenagement-mobilier","11":"product_cat-mobilier-ionto","12":"product_cat-nos-marques","13":"product_cat-tables-de-massage","14":"product_cat-webshop-fr","16":"first","17":"instock","18":"taxable","19":"shipping-taxable","20":"product-type-simple"},"acf":[],"_links":{"self":[{"href":"https:\/\/sundar.be\/fr\/wp-json\/wp\/v2\/product\/51616","targetHints":{"allow":["GET"]}}],"collection":[{"href":"https:\/\/sundar.be\/fr\/wp-json\/wp\/v2\/product"}],"about":[{"href":"https:\/\/sundar.be\/fr\/wp-json\/wp\/v2\/types\/product"}],"replies":[{"embeddable":true,"href":"https:\/\/sundar.be\/fr\/wp-json\/wp\/v2\/comments?post=51616"}],"wp:featuredmedia":[{"embeddable":true,"href":"https:\/\/sundar.be\/fr\/wp-json\/wp\/v2\/media\/51615"}],"wp:attachment":[{"href":"https:\/\/sundar.be\/fr\/wp-json\/wp\/v2\/media?parent=51616"}],"wp:term":[{"taxonomy":"product_brand","embeddable":true,"href":"https:\/\/sundar.be\/fr\/wp-json\/wp\/v2\/product_brand?post=51616"},{"taxonomy":"product_cat","embeddable":true,"href":"https:\/\/sundar.be\/fr\/wp-json\/wp\/v2\/product_cat?post=51616"},{"taxonomy":"product_tag","embeddable":true,"href":"https:\/\/sundar.be\/fr\/wp-json\/wp\/v2\/product_tag?post=51616"}],"curies":[{"name":"wp","href":"https:\/\/api.w.org\/{rel}","templated":true}]}}