{"id":51364,"date":"2025-05-21T08:37:58","date_gmt":"2025-05-21T06:53:48","guid":{"rendered":"https:\/\/sundar.be\/product\/astonishing-monomer\/"},"modified":"2025-05-21T08:53:48","modified_gmt":"2025-05-21T06:53:48","slug":"astonishing-monomer","status":"publish","type":"product","link":"https:\/\/sundar.be\/fr\/produit\/astonishing-monomer\/","title":{"rendered":"Astonishing Monomer"},"content":{"rendered":"<p>Le liquide acrylique Astonishing est un monom\u00e8re de haute qualit\u00e9 qui assure une adh\u00e9rence sup\u00e9rieure, une stabilit\u00e9 des couleurs et un \u00e9quilibre parfait entre flexibilit\u00e9 et duret\u00e9. Cela permet d\u2019\u00e9viter les \u00e9clats et\/ou fissures. Odeur minimale lors d\u2019une utilisation professionnelle dans un environnement adapt\u00e9.  <\/p>\n","protected":false},"excerpt":{"rendered":"<p>Le liquide acrylique Astonishing est un monom\u00e8re de haute qualit\u00e9 qui assure une adh\u00e9rence sup\u00e9rieure, une stabilit\u00e9 des couleurs et un \u00e9quilibre parfait entre flexibilit\u00e9 et duret\u00e9. Cela permet d\u2019\u00e9viter les \u00e9clats et\/ou fissures. Odeur minimale lors d\u2019une utilisation professionnelle dans un environnement adapt\u00e9.<\/p>\n","protected":false},"featured_media":51356,"comment_status":"open","ping_status":"closed","template":"","meta":{"_acf_changed":false},"product_brand":[],"product_cat":[5342,5318,4761],"product_tag":[],"class_list":{"0":"post-51364","1":"product","2":"type-product","3":"status-publish","4":"has-post-thumbnail","6":"product_cat-astonishing-nails-acryl-fr","7":"product_cat-astonishing-nails-fr","8":"product_cat-pose-ongles","9":"pa_inhoud-100-ml-fr","10":"pa_inhoud-1000-ml-fr","11":"pa_inhoud-250-ml-fr","12":"pa_inhoud-50-ml-fr","14":"first","15":"instock","16":"taxable","17":"shipping-taxable","18":"product-type-variable"},"acf":[],"_links":{"self":[{"href":"https:\/\/sundar.be\/fr\/wp-json\/wp\/v2\/product\/51364","targetHints":{"allow":["GET"]}}],"collection":[{"href":"https:\/\/sundar.be\/fr\/wp-json\/wp\/v2\/product"}],"about":[{"href":"https:\/\/sundar.be\/fr\/wp-json\/wp\/v2\/types\/product"}],"replies":[{"embeddable":true,"href":"https:\/\/sundar.be\/fr\/wp-json\/wp\/v2\/comments?post=51364"}],"wp:featuredmedia":[{"embeddable":true,"href":"https:\/\/sundar.be\/fr\/wp-json\/wp\/v2\/media\/51356"}],"wp:attachment":[{"href":"https:\/\/sundar.be\/fr\/wp-json\/wp\/v2\/media?parent=51364"}],"wp:term":[{"taxonomy":"product_brand","embeddable":true,"href":"https:\/\/sundar.be\/fr\/wp-json\/wp\/v2\/product_brand?post=51364"},{"taxonomy":"product_cat","embeddable":true,"href":"https:\/\/sundar.be\/fr\/wp-json\/wp\/v2\/product_cat?post=51364"},{"taxonomy":"product_tag","embeddable":true,"href":"https:\/\/sundar.be\/fr\/wp-json\/wp\/v2\/product_tag?post=51364"}],"curies":[{"name":"wp","href":"https:\/\/api.w.org\/{rel}","templated":true}]}}