{"id":51314,"date":"2025-05-21T08:25:10","date_gmt":"2025-05-21T06:26:02","guid":{"rendered":"https:\/\/sundar.be\/product\/astonishing-acrylic-powder-clear\/"},"modified":"2025-05-21T08:26:02","modified_gmt":"2025-05-21T06:26:02","slug":"astonishing-acrylic-powder-clear","status":"publish","type":"product","link":"https:\/\/sundar.be\/fr\/produit\/astonishing-acrylic-powder-clear\/","title":{"rendered":"Astonishing Acrylic Powder Clear"},"content":{"rendered":"<p>Les poudres acryliques Astonishing sont sp\u00e9cialement formul\u00e9es pour une application contr\u00f4l\u00e9e.<br \/>La combinaison entre le liquide et les poudres offre une adh\u00e9rence sup\u00e9rieure, une meilleure flexibilit\u00e9, une stabilit\u00e9 des couleurs optimis\u00e9e et une duret\u00e9 parfaite du produit pour ongles artificiels.<br \/>Donnez \u00e0 l\u2019ongle un effet ultra brillant, sans ternissement ni rayures. L\u2019association des poudres Astonishing avec le liquide Astonishing permet au professionnel de cr\u00e9er un ongle complet avec seulement quelques perles d\u2019acrylique, selon la longueur de l\u2019ongle.   <\/p>\n<p>Il existe 10 couleurs de base :<\/p>\n<ul>\n<li>Clear<\/li>\n<li>Transparent Pink<\/li>\n<li>Translucent White<\/li>\n<li>Soft White<\/li>\n<li>Global White<\/li>\n<li>Cover Peach<\/li>\n<li>Soft Cover Peach<\/li>\n<li>Cover Nude<\/li>\n<li>Cover Pink<\/li>\n<li>Opaque Pink<\/li>\n<\/ul>\n","protected":false},"excerpt":{"rendered":"<p>Les poudres acryliques Astonishing sont sp\u00e9cialement formul\u00e9es pour une application contr\u00f4l\u00e9e.La combinaison entre le liquide et les poudres offre une adh\u00e9rence sup\u00e9rieure, une meilleure flexibilit\u00e9, une stabilit\u00e9 des couleurs optimis\u00e9e et une duret\u00e9 parfaite du produit pour ongles artificiels.Donnez \u00e0 l\u2019ongle un effet ultra brillant, sans ternissement ni rayures. L\u2019association des poudres Astonishing avec le [&hellip;]<\/p>\n","protected":false},"featured_media":51313,"comment_status":"open","ping_status":"closed","template":"","meta":{"_acf_changed":false},"product_brand":[],"product_cat":[5342,5318,4761],"product_tag":[],"class_list":{"0":"post-51314","1":"product","2":"type-product","3":"status-publish","4":"has-post-thumbnail","6":"product_cat-astonishing-nails-acryl-fr","7":"product_cat-astonishing-nails-fr","8":"product_cat-pose-ongles","9":"pa_inhoud-100-g-fr","10":"pa_inhoud-25-g-fr","11":"pa_inhoud-250-g-fr-2","13":"first","14":"instock","15":"taxable","16":"shipping-taxable","17":"product-type-variable"},"acf":[],"_links":{"self":[{"href":"https:\/\/sundar.be\/fr\/wp-json\/wp\/v2\/product\/51314","targetHints":{"allow":["GET"]}}],"collection":[{"href":"https:\/\/sundar.be\/fr\/wp-json\/wp\/v2\/product"}],"about":[{"href":"https:\/\/sundar.be\/fr\/wp-json\/wp\/v2\/types\/product"}],"replies":[{"embeddable":true,"href":"https:\/\/sundar.be\/fr\/wp-json\/wp\/v2\/comments?post=51314"}],"wp:featuredmedia":[{"embeddable":true,"href":"https:\/\/sundar.be\/fr\/wp-json\/wp\/v2\/media\/51313"}],"wp:attachment":[{"href":"https:\/\/sundar.be\/fr\/wp-json\/wp\/v2\/media?parent=51314"}],"wp:term":[{"taxonomy":"product_brand","embeddable":true,"href":"https:\/\/sundar.be\/fr\/wp-json\/wp\/v2\/product_brand?post=51314"},{"taxonomy":"product_cat","embeddable":true,"href":"https:\/\/sundar.be\/fr\/wp-json\/wp\/v2\/product_cat?post=51314"},{"taxonomy":"product_tag","embeddable":true,"href":"https:\/\/sundar.be\/fr\/wp-json\/wp\/v2\/product_tag?post=51314"}],"curies":[{"name":"wp","href":"https:\/\/api.w.org\/{rel}","templated":true}]}}