{"id":51280,"date":"2025-05-20T08:26:14","date_gmt":"2025-05-20T06:28:16","guid":{"rendered":"https:\/\/sundar.be\/product\/flacon-pompe-avec-clapet-anti-evaporation-chrome-assorti\/"},"modified":"2025-05-20T08:28:16","modified_gmt":"2025-05-20T06:28:16","slug":"flacon-pompe-avec-clapet-anti-evaporation-chrome-assorti","status":"publish","type":"product","link":"https:\/\/sundar.be\/fr\/produit\/flacon-pompe-avec-clapet-anti-evaporation-chrome-assorti\/","title":{"rendered":"Flacon-pompe avec clapet anti-\u00e9vaporation, chrome assorti"},"content":{"rendered":"<p>Flacon rechargeable avec clapet anti-\u00e9vaporation et bouchon de s\u00e9curit\u00e9, con\u00e7u pour distribuer du dissolvant.<\/p>\n<p>Contient une pompe en m\u00e9tal et un flacon en plastique de 180 ml. Les couleurs sont livr\u00e9es de mani\u00e8re assortie. <\/p>\n","protected":false},"excerpt":{"rendered":"<p>Flacon rechargeable avec clapet anti-\u00e9vaporation et bouchon de s\u00e9curit\u00e9, con\u00e7u pour distribuer du dissolvant. Contient une pompe en m\u00e9tal et un flacon en plastique de 180 ml. Les couleurs sont livr\u00e9es de mani\u00e8re assortie.<\/p>\n","protected":false},"featured_media":51277,"comment_status":"open","ping_status":"closed","template":"","meta":{"_acf_changed":false},"product_brand":[],"product_cat":[5662,5655,4761],"product_tag":[],"class_list":{"0":"post-51280","1":"product","2":"type-product","3":"status-publish","4":"has-post-thumbnail","6":"product_cat-flacons-anti-evaporation","7":"product_cat-instruments-accessoires","8":"product_cat-pose-ongles","10":"first","11":"instock","12":"taxable","13":"shipping-taxable","14":"product-type-simple"},"acf":[],"_links":{"self":[{"href":"https:\/\/sundar.be\/fr\/wp-json\/wp\/v2\/product\/51280","targetHints":{"allow":["GET"]}}],"collection":[{"href":"https:\/\/sundar.be\/fr\/wp-json\/wp\/v2\/product"}],"about":[{"href":"https:\/\/sundar.be\/fr\/wp-json\/wp\/v2\/types\/product"}],"replies":[{"embeddable":true,"href":"https:\/\/sundar.be\/fr\/wp-json\/wp\/v2\/comments?post=51280"}],"wp:featuredmedia":[{"embeddable":true,"href":"https:\/\/sundar.be\/fr\/wp-json\/wp\/v2\/media\/51277"}],"wp:attachment":[{"href":"https:\/\/sundar.be\/fr\/wp-json\/wp\/v2\/media?parent=51280"}],"wp:term":[{"taxonomy":"product_brand","embeddable":true,"href":"https:\/\/sundar.be\/fr\/wp-json\/wp\/v2\/product_brand?post=51280"},{"taxonomy":"product_cat","embeddable":true,"href":"https:\/\/sundar.be\/fr\/wp-json\/wp\/v2\/product_cat?post=51280"},{"taxonomy":"product_tag","embeddable":true,"href":"https:\/\/sundar.be\/fr\/wp-json\/wp\/v2\/product_tag?post=51280"}],"curies":[{"name":"wp","href":"https:\/\/api.w.org\/{rel}","templated":true}]}}