{"id":51114,"date":"2025-05-16T09:04:59","date_gmt":"2025-05-16T07:04:59","guid":{"rendered":"https:\/\/sundar.be\/product\/verre-melange-dappen-dish\/"},"modified":"2025-11-26T12:04:02","modified_gmt":"2025-11-26T11:04:02","slug":"verre-melange-dappen-dish","status":"publish","type":"product","link":"https:\/\/sundar.be\/fr\/produit\/verre-melange-dappen-dish\/","title":{"rendered":"Verre M\u00e9lange Dappen Dish"},"content":{"rendered":"<p>Godet Dappen solide en verre. Un couvercle s\u00e9par\u00e9 est \u00e9galement disponible pour le godet. <\/p>\n<p>Pratique pour votre liquide\/monom\u00e8re, mais aussi utilisable pour m\u00e9langer de la teinture avec un r\u00e9v\u00e9lateur.<\/p>\n","protected":false},"excerpt":{"rendered":"<p>Godet de m\u00e9lange solide pour liquide ou teinture<\/p>\n","protected":false},"featured_media":51113,"comment_status":"open","ping_status":"closed","template":"","meta":{"_acf_changed":false},"product_brand":[],"product_cat":[4767,4446,5656,5792,5655,5790,4761],"product_tag":[],"class_list":{"0":"post-51114","1":"product","2":"type-product","3":"status-publish","4":"has-post-thumbnail","6":"product_cat-beaute","7":"product_cat-cils-sourcils","8":"product_cat-dappen-dishes","9":"product_cat-godets-melange-teinture","10":"product_cat-instruments-accessoires","11":"product_cat-ion-color-brilliance","12":"product_cat-pose-ongles","14":"first","15":"instock","16":"taxable","17":"shipping-taxable","18":"product-type-simple"},"acf":[],"_links":{"self":[{"href":"https:\/\/sundar.be\/fr\/wp-json\/wp\/v2\/product\/51114","targetHints":{"allow":["GET"]}}],"collection":[{"href":"https:\/\/sundar.be\/fr\/wp-json\/wp\/v2\/product"}],"about":[{"href":"https:\/\/sundar.be\/fr\/wp-json\/wp\/v2\/types\/product"}],"replies":[{"embeddable":true,"href":"https:\/\/sundar.be\/fr\/wp-json\/wp\/v2\/comments?post=51114"}],"wp:featuredmedia":[{"embeddable":true,"href":"https:\/\/sundar.be\/fr\/wp-json\/wp\/v2\/media\/51113"}],"wp:attachment":[{"href":"https:\/\/sundar.be\/fr\/wp-json\/wp\/v2\/media?parent=51114"}],"wp:term":[{"taxonomy":"product_brand","embeddable":true,"href":"https:\/\/sundar.be\/fr\/wp-json\/wp\/v2\/product_brand?post=51114"},{"taxonomy":"product_cat","embeddable":true,"href":"https:\/\/sundar.be\/fr\/wp-json\/wp\/v2\/product_cat?post=51114"},{"taxonomy":"product_tag","embeddable":true,"href":"https:\/\/sundar.be\/fr\/wp-json\/wp\/v2\/product_tag?post=51114"}],"curies":[{"name":"wp","href":"https:\/\/api.w.org\/{rel}","templated":true}]}}