{"id":50930,"date":"2025-05-15T14:12:03","date_gmt":"2025-05-15T12:16:01","guid":{"rendered":"https:\/\/sundar.be\/product\/astonishing-gelosophy-student-kit\/"},"modified":"2025-05-15T14:16:01","modified_gmt":"2025-05-15T12:16:01","slug":"astonishing-gelosophy-student-kit","status":"publish","type":"product","link":"https:\/\/sundar.be\/fr\/produit\/astonishing-gelosophy-student-kit\/","title":{"rendered":"Astonishing Gelosophy Student Kit"},"content":{"rendered":"<p>Avec ce pratique kit \u00e9tudiant tout-en-un Astonishing Gelosophy, vous avez tous les produits n\u00e9cessaires pour une application Gelosophy compl\u00e8te \u00e0 port\u00e9e de main.<br \/>Obtenez une finition ultra brillante gr\u00e2ce \u00e0 la s\u00e9lection optimale de produits haut de gamme et aux limes de la plus haute qualit\u00e9 d\u2019Astonishing. <\/p>\n<p><strong>Contenu Gel Student Kit:<\/strong><\/p>\n<ul>\n<li>1x Blue Scrub 100ml<\/li>\n<li>1x Hydra Spray 100ml<\/li>\n<li>1x UV Cleanser 100ml<\/li>\n<li>1x Tea Tree Lemongrass 15ml<\/li>\n<li>1x Soak Off Base Gel 15ml<\/li>\n<li>1x Soak Off No- Cleanse Brilliant Top 15ml<\/li>\n<li>1x Soak Off Matte Top Gel 15 ml<\/li>\n<li>1x Soak Off Stretch Base Crystal 15ml<\/li>\n<li>1x #003 RED 15ml<\/li>\n<li>1x #024 MIDAS TOUCH 15ml<\/li>\n<li>1x #050 SIMPLY SHEER 15ml<\/li>\n<li>1x 180\/180 Traditional Straight<\/li>\n<li>1x 240\/240 Traditional Straight<\/li>\n<li>1x 220\/280 Sponge<\/li>\n<li>1x Cuticle Pusher<\/li>\n<li>1x Gel Sponges 10pcs<\/li>\n<li>1x Nail Wipes 20 pcs<\/li>\n<\/ul>\n","protected":false},"excerpt":{"rendered":"<p>Un ensemble complet de produits haut de gamme pour une application Gelosophy.<\/p>\n","protected":false},"featured_media":50929,"comment_status":"open","ping_status":"closed","template":"","meta":{"_acf_changed":false},"product_brand":[],"product_cat":[5318,5350,4972],"product_tag":[],"class_list":{"0":"post-50930","1":"product","2":"type-product","3":"status-publish","4":"has-post-thumbnail","6":"product_cat-astonishing-nails-fr","7":"product_cat-astonishing-nails-kits-paquets","8":"product_cat-nos-marques","10":"first","11":"instock","12":"taxable","13":"shipping-taxable","14":"product-type-simple"},"acf":[],"_links":{"self":[{"href":"https:\/\/sundar.be\/fr\/wp-json\/wp\/v2\/product\/50930","targetHints":{"allow":["GET"]}}],"collection":[{"href":"https:\/\/sundar.be\/fr\/wp-json\/wp\/v2\/product"}],"about":[{"href":"https:\/\/sundar.be\/fr\/wp-json\/wp\/v2\/types\/product"}],"replies":[{"embeddable":true,"href":"https:\/\/sundar.be\/fr\/wp-json\/wp\/v2\/comments?post=50930"}],"wp:featuredmedia":[{"embeddable":true,"href":"https:\/\/sundar.be\/fr\/wp-json\/wp\/v2\/media\/50929"}],"wp:attachment":[{"href":"https:\/\/sundar.be\/fr\/wp-json\/wp\/v2\/media?parent=50930"}],"wp:term":[{"taxonomy":"product_brand","embeddable":true,"href":"https:\/\/sundar.be\/fr\/wp-json\/wp\/v2\/product_brand?post=50930"},{"taxonomy":"product_cat","embeddable":true,"href":"https:\/\/sundar.be\/fr\/wp-json\/wp\/v2\/product_cat?post=50930"},{"taxonomy":"product_tag","embeddable":true,"href":"https:\/\/sundar.be\/fr\/wp-json\/wp\/v2\/product_tag?post=50930"}],"curies":[{"name":"wp","href":"https:\/\/api.w.org\/{rel}","templated":true}]}}