{"id":50926,"date":"2025-05-15T11:10:43","date_gmt":"2025-05-15T09:10:43","guid":{"rendered":"https:\/\/sundar.be\/product\/astonishing-gelosophy-sample-kit\/"},"modified":"2025-08-04T11:38:29","modified_gmt":"2025-08-04T09:38:29","slug":"astonishing-gelosophy-sample-kit","status":"publish","type":"product","link":"https:\/\/sundar.be\/fr\/produit\/astonishing-gelosophy-sample-kit\/","title":{"rendered":"Astonishing Gelosophy Sample Kit"},"content":{"rendered":"<p>Le kit d\u2019\u00e9chantillons Astonishing Gelosophy est id\u00e9al pour d\u00e9couvrir la gamme Astonishing.<\/p>\n<p>Il ne donne pas seulement une couleur magnifique aux ongles, mais aussi une brillance \u00e9clatante.<br \/>Astonishing propose des couleurs tendances et modernes qui restent belles pendant environ 4 semaines. <\/p>\n<p>Ce gel polish poss\u00e8de une nouvelle formule am\u00e9lior\u00e9e, plus facile \u00e0 appliquer gr\u00e2ce \u00e0 une viscosit\u00e9 parfaite.<br \/>Astonishing Gelosophy est hautement pigment\u00e9, ce qui permet d\u2019obtenir une couvrance optimale d\u00e8s la premi\u00e8re couche fine.<br \/>Gr\u00e2ce \u00e0 la prise en main sp\u00e9cialement con\u00e7ue du bouchon, le gel polish s\u2019applique facilement et de mani\u00e8re professionnelle.<br \/>Astonishing Gelosophy est un gel polish soak-off, qui peut \u00eatre retir\u00e9 en 8 \u00e0 10 minutes.   <\/p>\n<p><strong>Le sample kit contient:<\/strong><\/p>\n<ul>\n<li>1x Soak Off Stretch Base Crystal 7ml<\/li>\n<li>1x Gelosophy #003 RED 7ml,<\/li>\n<li>1x Soak Off No- Cleanse Brilliant Top 7ml<\/li>\n<\/ul>\n","protected":false},"excerpt":{"rendered":"<p>Le kit d\u2019\u00e9chantillons Astonishing Gelosophy est id\u00e9al pour d\u00e9couvrir la gamme Astonishing. Il ne donne pas seulement une couleur magnifique aux ongles, mais aussi une brillance \u00e9clatante.Astonishing propose des couleurs tendances et modernes qui restent belles pendant environ 4 semaines. Ce gel polish poss\u00e8de une nouvelle formule am\u00e9lior\u00e9e, plus facile \u00e0 appliquer gr\u00e2ce \u00e0 une [&hellip;]<\/p>\n","protected":false},"featured_media":50925,"comment_status":"open","ping_status":"closed","template":"","meta":{"_acf_changed":false},"product_brand":[],"product_cat":[5318,5360,5344,5350,4761],"product_tag":[],"class_list":{"0":"post-50926","1":"product","2":"type-product","3":"status-publish","4":"has-post-thumbnail","6":"product_cat-astonishing-nails-fr","7":"product_cat-astonishing-nails-couleurs","8":"product_cat-astonishing-nails-gelosophy-fr","9":"product_cat-astonishing-nails-kits-paquets","10":"product_cat-pose-ongles","12":"first","13":"instock","14":"taxable","15":"shipping-taxable","16":"product-type-simple"},"acf":[],"_links":{"self":[{"href":"https:\/\/sundar.be\/fr\/wp-json\/wp\/v2\/product\/50926","targetHints":{"allow":["GET"]}}],"collection":[{"href":"https:\/\/sundar.be\/fr\/wp-json\/wp\/v2\/product"}],"about":[{"href":"https:\/\/sundar.be\/fr\/wp-json\/wp\/v2\/types\/product"}],"replies":[{"embeddable":true,"href":"https:\/\/sundar.be\/fr\/wp-json\/wp\/v2\/comments?post=50926"}],"wp:featuredmedia":[{"embeddable":true,"href":"https:\/\/sundar.be\/fr\/wp-json\/wp\/v2\/media\/50925"}],"wp:attachment":[{"href":"https:\/\/sundar.be\/fr\/wp-json\/wp\/v2\/media?parent=50926"}],"wp:term":[{"taxonomy":"product_brand","embeddable":true,"href":"https:\/\/sundar.be\/fr\/wp-json\/wp\/v2\/product_brand?post=50926"},{"taxonomy":"product_cat","embeddable":true,"href":"https:\/\/sundar.be\/fr\/wp-json\/wp\/v2\/product_cat?post=50926"},{"taxonomy":"product_tag","embeddable":true,"href":"https:\/\/sundar.be\/fr\/wp-json\/wp\/v2\/product_tag?post=50926"}],"curies":[{"name":"wp","href":"https:\/\/api.w.org\/{rel}","templated":true}]}}