{"id":50922,"date":"2025-05-15T11:04:18","date_gmt":"2025-05-15T09:04:18","guid":{"rendered":"https:\/\/sundar.be\/product\/astonishing-fiber-gel-sample-kit\/"},"modified":"2025-08-04T11:37:03","modified_gmt":"2025-08-04T09:37:03","slug":"astonishing-fiber-gel-sample-kit","status":"publish","type":"product","link":"https:\/\/sundar.be\/fr\/produit\/astonishing-fiber-gel-sample-kit\/","title":{"rendered":"Astonishing Fiber Gel Sample Kit"},"content":{"rendered":"<p>Les Astonishing Fiber Gels assurent une adh\u00e9rence optimale, m\u00eame sur les ongles difficiles, tels que les ongles ab\u00eem\u00e9s ou \u00e0 probl\u00e8mes. Le Fiber Gel est le produit id\u00e9al pour cr\u00e9er des ongles fins et r\u00e9sistants. <\/p>\n<p><strong>Contenu Astonishing Fiber Gel Sample Kit:<\/strong><\/p>\n<ul>\n<li>Fiber Gel Clear 7gr<\/li>\n<li>Fiber Gel Soft White 7gr<\/li>\n<li>Fiber Gel Intense Cover 7gr<\/li>\n<li>Air Dry Bonder 15ml<\/li>\n<li>Steel Finish Gel No-Cleanse 15ml<\/li>\n<\/ul>\n","protected":false},"excerpt":{"rendered":"<p>Curieux de d\u00e9couvrir nos produits Astonishing ? Essayez d\u00e8s maintenant l\u2019un de nos kits d\u2019\u00e9chantillons ! <\/p>\n","protected":false},"featured_media":50920,"comment_status":"open","ping_status":"closed","template":"","meta":{"_acf_changed":false},"product_brand":[],"product_cat":[5318,5350,4761],"product_tag":[],"class_list":{"0":"post-50922","1":"product","2":"type-product","3":"status-publish","4":"has-post-thumbnail","6":"product_cat-astonishing-nails-fr","7":"product_cat-astonishing-nails-kits-paquets","8":"product_cat-pose-ongles","10":"first","11":"instock","12":"taxable","13":"shipping-taxable","14":"product-type-simple"},"acf":[],"_links":{"self":[{"href":"https:\/\/sundar.be\/fr\/wp-json\/wp\/v2\/product\/50922","targetHints":{"allow":["GET"]}}],"collection":[{"href":"https:\/\/sundar.be\/fr\/wp-json\/wp\/v2\/product"}],"about":[{"href":"https:\/\/sundar.be\/fr\/wp-json\/wp\/v2\/types\/product"}],"replies":[{"embeddable":true,"href":"https:\/\/sundar.be\/fr\/wp-json\/wp\/v2\/comments?post=50922"}],"wp:featuredmedia":[{"embeddable":true,"href":"https:\/\/sundar.be\/fr\/wp-json\/wp\/v2\/media\/50920"}],"wp:attachment":[{"href":"https:\/\/sundar.be\/fr\/wp-json\/wp\/v2\/media?parent=50922"}],"wp:term":[{"taxonomy":"product_brand","embeddable":true,"href":"https:\/\/sundar.be\/fr\/wp-json\/wp\/v2\/product_brand?post=50922"},{"taxonomy":"product_cat","embeddable":true,"href":"https:\/\/sundar.be\/fr\/wp-json\/wp\/v2\/product_cat?post=50922"},{"taxonomy":"product_tag","embeddable":true,"href":"https:\/\/sundar.be\/fr\/wp-json\/wp\/v2\/product_tag?post=50922"}],"curies":[{"name":"wp","href":"https:\/\/api.w.org\/{rel}","templated":true}]}}