{"id":50875,"date":"2025-05-15T10:06:38","date_gmt":"2025-05-15T08:06:38","guid":{"rendered":"https:\/\/sundar.be\/product\/astonishing-rapid-tips-100-pieces\/"},"modified":"2025-08-04T11:38:26","modified_gmt":"2025-08-04T09:38:26","slug":"astonishing-rapid-tips-100-pieces","status":"publish","type":"product","link":"https:\/\/sundar.be\/fr\/produit\/astonishing-rapid-tips-100-pieces\/","title":{"rendered":"Astonishing Rapid Tips, 100 pi\u00e8ces"},"content":{"rendered":"<p>Les Astonishing Rapid Tips, avec une zone de contact courte, offrent \u00e0 la styliste ongulaire une application facile sur l\u2019ongle naturel et n\u00e9cessitent un m\u00e9lange minimal avec la plaque de l\u2019ongle. Les Rapid Tips sont fabriqu\u00e9s en plastique ABS, ce qui leur conf\u00e8re une durabilit\u00e9 \u00e9lev\u00e9e et une extension effil\u00e9e et renforc\u00e9e. La courbe en C ainsi que les lignes lat\u00e9rales plus basses sont un peu plus marqu\u00e9es pour un effet plus spectaculaire.  <\/p>\n","protected":false},"excerpt":{"rendered":"<p>Les Astonishing Rapid Tips, avec une zone de contact courte, offrent \u00e0 la styliste ongulaire une application facile sur l\u2019ongle naturel et n\u00e9cessitent un m\u00e9lange minimal avec la plaque de l\u2019ongle. Les Rapid Tips sont fabriqu\u00e9s en plastique ABS, ce qui leur conf\u00e8re une durabilit\u00e9 \u00e9lev\u00e9e et une extension effil\u00e9e et renforc\u00e9e. La courbe en [&hellip;]<\/p>\n","protected":false},"featured_media":50874,"comment_status":"open","ping_status":"closed","template":"","meta":{"_acf_changed":false},"product_brand":[],"product_cat":[5318,5669,5012,4761,5347],"product_tag":[],"class_list":{"0":"post-50875","1":"product","2":"type-product","3":"status-publish","4":"has-post-thumbnail","6":"product_cat-astonishing-nails-fr","7":"product_cat-capsules-ongles","8":"product_cat-manucure-chablons","9":"product_cat-pose-ongles","10":"product_cat-astonishing-nails-tips-forms-fr","12":"first","13":"instock","14":"taxable","15":"shipping-taxable","16":"product-type-simple"},"acf":[],"_links":{"self":[{"href":"https:\/\/sundar.be\/fr\/wp-json\/wp\/v2\/product\/50875","targetHints":{"allow":["GET"]}}],"collection":[{"href":"https:\/\/sundar.be\/fr\/wp-json\/wp\/v2\/product"}],"about":[{"href":"https:\/\/sundar.be\/fr\/wp-json\/wp\/v2\/types\/product"}],"replies":[{"embeddable":true,"href":"https:\/\/sundar.be\/fr\/wp-json\/wp\/v2\/comments?post=50875"}],"wp:featuredmedia":[{"embeddable":true,"href":"https:\/\/sundar.be\/fr\/wp-json\/wp\/v2\/media\/50874"}],"wp:attachment":[{"href":"https:\/\/sundar.be\/fr\/wp-json\/wp\/v2\/media?parent=50875"}],"wp:term":[{"taxonomy":"product_brand","embeddable":true,"href":"https:\/\/sundar.be\/fr\/wp-json\/wp\/v2\/product_brand?post=50875"},{"taxonomy":"product_cat","embeddable":true,"href":"https:\/\/sundar.be\/fr\/wp-json\/wp\/v2\/product_cat?post=50875"},{"taxonomy":"product_tag","embeddable":true,"href":"https:\/\/sundar.be\/fr\/wp-json\/wp\/v2\/product_tag?post=50875"}],"curies":[{"name":"wp","href":"https:\/\/api.w.org\/{rel}","templated":true}]}}