{"id":50870,"date":"2025-05-15T10:01:47","date_gmt":"2025-05-15T08:01:47","guid":{"rendered":"https:\/\/sundar.be\/product\/astonishing-foundation-tips\/"},"modified":"2025-08-04T11:37:30","modified_gmt":"2025-08-04T09:37:30","slug":"astonishing-foundation-tips","status":"publish","type":"product","link":"https:\/\/sundar.be\/fr\/produit\/astonishing-foundation-tips\/","title":{"rendered":"Astonishing Foundation Tips, 100 pi\u00e8ces"},"content":{"rendered":"<p>Les Astonishing Foundation Tips sont fabriqu\u00e9s avec le m\u00eame plastique ABS que la plupart des formes d\u2019ongles et sont parfaits pour les ongles endommag\u00e9s ou les parties manquantes de l\u2019ongle naturel. La zone de contact est plus longue, mais se fond facilement avec la plaque de l\u2019ongle naturel. <\/p>\n<p>La courbe en C est plus douce et les lignes lat\u00e9rales plus basses donnent un aspect plus naturel.<\/p>\n","protected":false},"excerpt":{"rendered":"<p>Les Astonishing Foundation Tips sont fabriqu\u00e9s avec le m\u00eame plastique ABS que la plupart des formes d\u2019ongles et sont parfaits pour les ongles endommag\u00e9s ou les parties manquantes de l\u2019ongle naturel. La zone de contact est plus longue, mais se fond facilement avec la plaque de l\u2019ongle naturel. La courbe en C est plus douce [&hellip;]<\/p>\n","protected":false},"featured_media":50869,"comment_status":"open","ping_status":"closed","template":"","meta":{"_acf_changed":false},"product_brand":[],"product_cat":[5318,5669,5012,4761,5347],"product_tag":[],"class_list":{"0":"post-50870","1":"product","2":"type-product","3":"status-publish","4":"has-post-thumbnail","6":"product_cat-astonishing-nails-fr","7":"product_cat-capsules-ongles","8":"product_cat-manucure-chablons","9":"product_cat-pose-ongles","10":"product_cat-astonishing-nails-tips-forms-fr","12":"first","13":"instock","14":"taxable","15":"shipping-taxable","16":"product-type-simple"},"acf":[],"_links":{"self":[{"href":"https:\/\/sundar.be\/fr\/wp-json\/wp\/v2\/product\/50870","targetHints":{"allow":["GET"]}}],"collection":[{"href":"https:\/\/sundar.be\/fr\/wp-json\/wp\/v2\/product"}],"about":[{"href":"https:\/\/sundar.be\/fr\/wp-json\/wp\/v2\/types\/product"}],"replies":[{"embeddable":true,"href":"https:\/\/sundar.be\/fr\/wp-json\/wp\/v2\/comments?post=50870"}],"wp:featuredmedia":[{"embeddable":true,"href":"https:\/\/sundar.be\/fr\/wp-json\/wp\/v2\/media\/50869"}],"wp:attachment":[{"href":"https:\/\/sundar.be\/fr\/wp-json\/wp\/v2\/media?parent=50870"}],"wp:term":[{"taxonomy":"product_brand","embeddable":true,"href":"https:\/\/sundar.be\/fr\/wp-json\/wp\/v2\/product_brand?post=50870"},{"taxonomy":"product_cat","embeddable":true,"href":"https:\/\/sundar.be\/fr\/wp-json\/wp\/v2\/product_cat?post=50870"},{"taxonomy":"product_tag","embeddable":true,"href":"https:\/\/sundar.be\/fr\/wp-json\/wp\/v2\/product_tag?post=50870"}],"curies":[{"name":"wp","href":"https:\/\/api.w.org\/{rel}","templated":true}]}}