{"id":50864,"date":"2025-05-15T09:56:27","date_gmt":"2025-05-15T07:56:27","guid":{"rendered":"https:\/\/sundar.be\/product\/astonishing-chablons-300-pieces\/"},"modified":"2025-08-04T11:37:09","modified_gmt":"2025-08-04T09:37:09","slug":"astonishing-chablons-300-pieces","status":"publish","type":"product","link":"https:\/\/sundar.be\/fr\/produit\/astonishing-chablons-300-pieces\/","title":{"rendered":"Astonishing Chablons, 300 pi\u00e8ces"},"content":{"rendered":"<p>Ces chablons Astonishing, sp\u00e9cialement con\u00e7us, sont de la plus haute qualit\u00e9 et disponibles en deux tailles diff\u00e9rentes (Large et Extra Large). Les chablons sont utilis\u00e9s lors des poses en acrylique. <\/p>\n<p>Gr\u00e2ce \u00e0 leur possibilit\u00e9 d\u2019\u00eatre d\u00e9coup\u00e9s et \u00e0 leurs grands c\u00f4t\u00e9s, les chablons s\u2019adaptent parfaitement \u00e0 chaque doigt.<\/p>\n<p>Disponible en: L et XL<\/p>\n","protected":false},"excerpt":{"rendered":"<p>Ces chablons Astonishing, sp\u00e9cialement con\u00e7us, sont de la plus haute qualit\u00e9 et disponibles en deux tailles diff\u00e9rentes (Large et Extra Large). Les chablons sont utilis\u00e9s lors des poses en acrylique. Gr\u00e2ce \u00e0 leur possibilit\u00e9 d\u2019\u00eatre d\u00e9coup\u00e9s et \u00e0 leurs grands c\u00f4t\u00e9s, les chablons s\u2019adaptent parfaitement \u00e0 chaque doigt. Disponible en: L et XL<\/p>\n","protected":false},"featured_media":50846,"comment_status":"open","ping_status":"closed","template":"","meta":{"_acf_changed":false},"product_brand":[],"product_cat":[5318,5668,5012,4761,5347],"product_tag":[],"class_list":{"0":"post-50864","1":"product","2":"type-product","3":"status-publish","4":"has-post-thumbnail","6":"product_cat-astonishing-nails-fr","7":"product_cat-chablons","8":"product_cat-manucure-chablons","9":"product_cat-pose-ongles","10":"product_cat-astonishing-nails-tips-forms-fr","11":"pa_maat-l-fr","12":"pa_maat-xl-fr","14":"first","15":"instock","16":"taxable","17":"shipping-taxable","18":"product-type-variable"},"acf":[],"_links":{"self":[{"href":"https:\/\/sundar.be\/fr\/wp-json\/wp\/v2\/product\/50864","targetHints":{"allow":["GET"]}}],"collection":[{"href":"https:\/\/sundar.be\/fr\/wp-json\/wp\/v2\/product"}],"about":[{"href":"https:\/\/sundar.be\/fr\/wp-json\/wp\/v2\/types\/product"}],"replies":[{"embeddable":true,"href":"https:\/\/sundar.be\/fr\/wp-json\/wp\/v2\/comments?post=50864"}],"wp:featuredmedia":[{"embeddable":true,"href":"https:\/\/sundar.be\/fr\/wp-json\/wp\/v2\/media\/50846"}],"wp:attachment":[{"href":"https:\/\/sundar.be\/fr\/wp-json\/wp\/v2\/media?parent=50864"}],"wp:term":[{"taxonomy":"product_brand","embeddable":true,"href":"https:\/\/sundar.be\/fr\/wp-json\/wp\/v2\/product_brand?post=50864"},{"taxonomy":"product_cat","embeddable":true,"href":"https:\/\/sundar.be\/fr\/wp-json\/wp\/v2\/product_cat?post=50864"},{"taxonomy":"product_tag","embeddable":true,"href":"https:\/\/sundar.be\/fr\/wp-json\/wp\/v2\/product_tag?post=50864"}],"curies":[{"name":"wp","href":"https:\/\/api.w.org\/{rel}","templated":true}]}}