{"id":50856,"date":"2025-05-15T09:50:06","date_gmt":"2025-05-15T07:50:06","guid":{"rendered":"https:\/\/sundar.be\/product\/astonishing-brush-on-resin-colle-5ml\/"},"modified":"2025-08-04T11:37:41","modified_gmt":"2025-08-04T09:37:41","slug":"astonishing-brush-on-resin-colle-5ml","status":"publish","type":"product","link":"https:\/\/sundar.be\/fr\/produit\/astonishing-brush-on-resin-colle-5ml\/","title":{"rendered":"Astonishing Brush on Resin Colle, 5ml"},"content":{"rendered":"<p>Astonishing Brush on Resin est une colle de viscosit\u00e9 moyenne. C\u2019est une colle transparente qui offre une excellente r\u00e9sistance. Elle peut \u00eatre utilis\u00e9e pour la pose de capsules, ainsi que pour l\u2019application de soie ou de fibre de verre. Gr\u00e2ce \u00e0 ce flacon pratique, le gaspillage du produit est \u00e9vit\u00e9, et le pinceau permet une application sans grumeaux.   <\/p>\n<p>&nbsp;<\/p>\n","protected":false},"excerpt":{"rendered":"<p>Astonishing Brush on Resin est une colle de viscosit\u00e9 moyenne. C\u2019est une colle transparente qui offre une excellente r\u00e9sistance. Elle peut \u00eatre utilis\u00e9e pour la pose de capsules, ainsi que pour l\u2019application de soie ou de fibre de verre. Gr\u00e2ce \u00e0 ce flacon pratique, le gaspillage du produit est \u00e9vit\u00e9, et le pinceau permet une [&hellip;]<\/p>\n","protected":false},"featured_media":50855,"comment_status":"open","ping_status":"closed","template":"","meta":{"_acf_changed":false},"product_brand":[],"product_cat":[5318,5012,5670,4761,5347],"product_tag":[],"class_list":{"0":"post-50856","1":"product","2":"type-product","3":"status-publish","4":"has-post-thumbnail","6":"product_cat-astonishing-nails-fr","7":"product_cat-manucure-chablons","8":"product_cat-colle","9":"product_cat-pose-ongles","10":"product_cat-astonishing-nails-tips-forms-fr","12":"first","13":"instock","14":"taxable","15":"shipping-taxable","16":"product-type-simple"},"acf":[],"_links":{"self":[{"href":"https:\/\/sundar.be\/fr\/wp-json\/wp\/v2\/product\/50856","targetHints":{"allow":["GET"]}}],"collection":[{"href":"https:\/\/sundar.be\/fr\/wp-json\/wp\/v2\/product"}],"about":[{"href":"https:\/\/sundar.be\/fr\/wp-json\/wp\/v2\/types\/product"}],"replies":[{"embeddable":true,"href":"https:\/\/sundar.be\/fr\/wp-json\/wp\/v2\/comments?post=50856"}],"wp:featuredmedia":[{"embeddable":true,"href":"https:\/\/sundar.be\/fr\/wp-json\/wp\/v2\/media\/50855"}],"wp:attachment":[{"href":"https:\/\/sundar.be\/fr\/wp-json\/wp\/v2\/media?parent=50856"}],"wp:term":[{"taxonomy":"product_brand","embeddable":true,"href":"https:\/\/sundar.be\/fr\/wp-json\/wp\/v2\/product_brand?post=50856"},{"taxonomy":"product_cat","embeddable":true,"href":"https:\/\/sundar.be\/fr\/wp-json\/wp\/v2\/product_cat?post=50856"},{"taxonomy":"product_tag","embeddable":true,"href":"https:\/\/sundar.be\/fr\/wp-json\/wp\/v2\/product_tag?post=50856"}],"curies":[{"name":"wp","href":"https:\/\/api.w.org\/{rel}","templated":true}]}}