{"id":50806,"date":"2025-05-08T16:23:39","date_gmt":"2025-05-08T14:23:39","guid":{"rendered":"https:\/\/sundar.be\/product\/astonishing-professional-gel-brush\/"},"modified":"2025-08-04T15:01:33","modified_gmt":"2025-08-04T13:01:33","slug":"astonishing-professional-gel-brush","status":"publish","type":"product","link":"https:\/\/sundar.be\/fr\/produit\/astonishing-professional-gel-brush\/","title":{"rendered":"Astonishing Professional Gel Brush"},"content":{"rendered":"<p>Pinceaux exclusifs pour les stylistes professionnels. Les pinceaux Astonishing UV\/LED sont fabriqu\u00e9s \u00e0 partir de poils synth\u00e9tiques de tr\u00e8s haute qualit\u00e9. Gr\u00e2ce \u00e0 ces pinceaux pour Sculpting Gel, l&rsquo;ongle peut \u00eatre model\u00e9 facilement avec des mouvements fluides. Cela est d\u00fb \u00e0 leur forme plate et ovale, ainsi qu&rsquo;\u00e0 la l\u00e9g\u00e8ret\u00e9 du manche qui permet une prise en main facile. La cr\u00e9ation de la ligne de sourire parfaite est \u00e9galement facilit\u00e9e avec ces pinceaux Sculpting Gel.    <\/p>\n","protected":false},"excerpt":{"rendered":"<p>Pinceaux exclusifs pour les stylistes professionnels. Les pinceaux Astonishing UV\/LED sont fabriqu\u00e9s \u00e0 partir de poils synth\u00e9tiques de tr\u00e8s haute qualit\u00e9. Gr\u00e2ce \u00e0 ces pinceaux pour Sculpting Gel, l&rsquo;ongle peut \u00eatre model\u00e9 facilement avec des mouvements fluides. Cela est d\u00fb \u00e0 leur forme plate et ovale, ainsi qu&rsquo;\u00e0 la l\u00e9g\u00e8ret\u00e9 du manche qui permet une [&hellip;]<\/p>\n","protected":false},"featured_media":49447,"comment_status":"open","ping_status":"closed","template":"","meta":{"_acf_changed":false},"product_brand":[],"product_cat":[5318,5351,5010,5619,4761],"product_tag":[],"class_list":{"0":"post-50806","1":"product","2":"type-product","3":"status-publish","4":"has-post-thumbnail","6":"product_cat-astonishing-nails-fr","7":"product_cat-astonishing-nails-pinceaux","8":"product_cat-manucure-pinceaux","9":"product_cat-pinceaux-gel","10":"product_cat-pose-ongles","11":"pa_maat-taille-4","12":"pa_maat-taille-6","14":"first","15":"instock","16":"taxable","17":"shipping-taxable","18":"product-type-variable"},"acf":[],"_links":{"self":[{"href":"https:\/\/sundar.be\/fr\/wp-json\/wp\/v2\/product\/50806","targetHints":{"allow":["GET"]}}],"collection":[{"href":"https:\/\/sundar.be\/fr\/wp-json\/wp\/v2\/product"}],"about":[{"href":"https:\/\/sundar.be\/fr\/wp-json\/wp\/v2\/types\/product"}],"replies":[{"embeddable":true,"href":"https:\/\/sundar.be\/fr\/wp-json\/wp\/v2\/comments?post=50806"}],"wp:featuredmedia":[{"embeddable":true,"href":"https:\/\/sundar.be\/fr\/wp-json\/wp\/v2\/media\/49447"}],"wp:attachment":[{"href":"https:\/\/sundar.be\/fr\/wp-json\/wp\/v2\/media?parent=50806"}],"wp:term":[{"taxonomy":"product_brand","embeddable":true,"href":"https:\/\/sundar.be\/fr\/wp-json\/wp\/v2\/product_brand?post=50806"},{"taxonomy":"product_cat","embeddable":true,"href":"https:\/\/sundar.be\/fr\/wp-json\/wp\/v2\/product_cat?post=50806"},{"taxonomy":"product_tag","embeddable":true,"href":"https:\/\/sundar.be\/fr\/wp-json\/wp\/v2\/product_tag?post=50806"}],"curies":[{"name":"wp","href":"https:\/\/api.w.org\/{rel}","templated":true}]}}