{"id":50791,"date":"2025-05-08T16:27:34","date_gmt":"2025-05-08T14:27:34","guid":{"rendered":"https:\/\/sundar.be\/product\/astonishing-10-pinceau-acryl\/"},"modified":"2025-08-04T11:46:27","modified_gmt":"2025-08-04T09:46:27","slug":"astonishing-10-pinceau-acryl","status":"publish","type":"product","link":"https:\/\/sundar.be\/fr\/produit\/astonishing-10-pinceau-acryl\/","title":{"rendered":"Astonishing 10 Pinceau Acryl"},"content":{"rendered":"<p>Pinceaux acryliques exclusifs pour les stylistes professionnels, fabriqu\u00e9s avec un m\u00e9lange de poils Kolinsky et Red Sable. Gr\u00e2ce au capuchon inclus, la salissure des poils est \u00e9vit\u00e9e, ce qui prolonge la dur\u00e9e de vie du pinceau. La connexion press\u00e9e du pinceau permet au styliste ongulaire d\u2019avoir un meilleur contr\u00f4le sur l\u2019application, facilitant ainsi la sculpture de la convexit\u00e9 de l\u2019ongle. La bonne combinaison de flexibilit\u00e9 et de stabilit\u00e9 des poils permet une application parfaite sur les cuticules et les bords lat\u00e9raux de l\u2019ongle naturel.<br \/>Les pinceaux sont disponibles avec une prise en bois ou en aluminium.    <\/p>\n","protected":false},"excerpt":{"rendered":"<p>Pinceaux acryliques exclusifs pour les stylistes professionnels, fabriqu\u00e9s avec un m\u00e9lange de poils Kolinsky et Red Sable. Gr\u00e2ce au capuchon inclus, la salissure des poils est \u00e9vit\u00e9e, ce qui prolonge la dur\u00e9e de vie du pinceau. La connexion press\u00e9e du pinceau permet au styliste ongulaire d\u2019avoir un meilleur contr\u00f4le sur l\u2019application, facilitant ainsi la sculpture [&hellip;]<\/p>\n","protected":false},"featured_media":49454,"comment_status":"open","ping_status":"closed","template":"","meta":{"_acf_changed":false},"product_brand":[],"product_cat":[5318,5351,5010,5618,4761],"product_tag":[],"class_list":{"0":"post-50791","1":"product","2":"type-product","3":"status-publish","4":"has-post-thumbnail","6":"product_cat-astonishing-nails-fr","7":"product_cat-astonishing-nails-pinceaux","8":"product_cat-manucure-pinceaux","9":"product_cat-pinceaux-acryl","10":"product_cat-pose-ongles","11":"pa_vorm-aluminium-fr","12":"pa_vorm-bois","14":"first","15":"instock","16":"taxable","17":"shipping-taxable","18":"product-type-variable"},"acf":[],"_links":{"self":[{"href":"https:\/\/sundar.be\/fr\/wp-json\/wp\/v2\/product\/50791","targetHints":{"allow":["GET"]}}],"collection":[{"href":"https:\/\/sundar.be\/fr\/wp-json\/wp\/v2\/product"}],"about":[{"href":"https:\/\/sundar.be\/fr\/wp-json\/wp\/v2\/types\/product"}],"replies":[{"embeddable":true,"href":"https:\/\/sundar.be\/fr\/wp-json\/wp\/v2\/comments?post=50791"}],"wp:featuredmedia":[{"embeddable":true,"href":"https:\/\/sundar.be\/fr\/wp-json\/wp\/v2\/media\/49454"}],"wp:attachment":[{"href":"https:\/\/sundar.be\/fr\/wp-json\/wp\/v2\/media?parent=50791"}],"wp:term":[{"taxonomy":"product_brand","embeddable":true,"href":"https:\/\/sundar.be\/fr\/wp-json\/wp\/v2\/product_brand?post=50791"},{"taxonomy":"product_cat","embeddable":true,"href":"https:\/\/sundar.be\/fr\/wp-json\/wp\/v2\/product_cat?post=50791"},{"taxonomy":"product_tag","embeddable":true,"href":"https:\/\/sundar.be\/fr\/wp-json\/wp\/v2\/product_tag?post=50791"}],"curies":[{"name":"wp","href":"https:\/\/api.w.org\/{rel}","templated":true}]}}