{"id":50790,"date":"2025-05-08T16:29:52","date_gmt":"2025-05-08T14:29:52","guid":{"rendered":"https:\/\/sundar.be\/product\/astonishing-8-pinceau-acryl\/"},"modified":"2025-08-04T11:46:30","modified_gmt":"2025-08-04T09:46:30","slug":"astonishing-8-pinceau-acryl","status":"publish","type":"product","link":"https:\/\/sundar.be\/fr\/produit\/astonishing-8-pinceau-acryl\/","title":{"rendered":"Astonishing 8 Pinceau Acryl"},"content":{"rendered":"<p>Les pinceaux acryliques #08 exclusifs, id\u00e9aux pour les stylistes d\u00e9butants, sont fabriqu\u00e9s avec un m\u00e9lange de poils Kolinsky et Red Sable. Gr\u00e2ce \u00e0 la connexion press\u00e9e dans le pinceau, le technicien(ne) en ongles b\u00e9n\u00e9ficie d&rsquo;un meilleur contr\u00f4le lors de l&rsquo;application, permettant ainsi une sculpture plus facile de la convexit\u00e9 de l&rsquo;ongle. La bonne balance entre flexibilit\u00e9 et stabilit\u00e9 des poils du pinceau permet une application parfaite sur les cuticules et les bords lat\u00e9raux de l&rsquo;ongle naturel.  <\/p>\n","protected":false},"excerpt":{"rendered":"<p>Les pinceaux acryliques #08 exclusifs, id\u00e9aux pour les stylistes d\u00e9butants, sont fabriqu\u00e9s avec un m\u00e9lange de poils Kolinsky et Red Sable. Gr\u00e2ce \u00e0 la connexion press\u00e9e dans le pinceau, le technicien(ne) en ongles b\u00e9n\u00e9ficie d&rsquo;un meilleur contr\u00f4le lors de l&rsquo;application, permettant ainsi une sculpture plus facile de la convexit\u00e9 de l&rsquo;ongle. La bonne balance entre [&hellip;]<\/p>\n","protected":false},"featured_media":49458,"comment_status":"open","ping_status":"closed","template":"","meta":{"_acf_changed":false},"product_brand":[],"product_cat":[5318,5010,5351,5618,4761],"product_tag":[],"class_list":{"0":"post-50790","1":"product","2":"type-product","3":"status-publish","4":"has-post-thumbnail","6":"product_cat-astonishing-nails-fr","7":"product_cat-manucure-pinceaux","8":"product_cat-astonishing-nails-pinceaux","9":"product_cat-pinceaux-acryl","10":"product_cat-pose-ongles","12":"first","13":"instock","14":"taxable","15":"shipping-taxable","16":"product-type-simple"},"acf":[],"_links":{"self":[{"href":"https:\/\/sundar.be\/fr\/wp-json\/wp\/v2\/product\/50790","targetHints":{"allow":["GET"]}}],"collection":[{"href":"https:\/\/sundar.be\/fr\/wp-json\/wp\/v2\/product"}],"about":[{"href":"https:\/\/sundar.be\/fr\/wp-json\/wp\/v2\/types\/product"}],"replies":[{"embeddable":true,"href":"https:\/\/sundar.be\/fr\/wp-json\/wp\/v2\/comments?post=50790"}],"wp:featuredmedia":[{"embeddable":true,"href":"https:\/\/sundar.be\/fr\/wp-json\/wp\/v2\/media\/49458"}],"wp:attachment":[{"href":"https:\/\/sundar.be\/fr\/wp-json\/wp\/v2\/media?parent=50790"}],"wp:term":[{"taxonomy":"product_brand","embeddable":true,"href":"https:\/\/sundar.be\/fr\/wp-json\/wp\/v2\/product_brand?post=50790"},{"taxonomy":"product_cat","embeddable":true,"href":"https:\/\/sundar.be\/fr\/wp-json\/wp\/v2\/product_cat?post=50790"},{"taxonomy":"product_tag","embeddable":true,"href":"https:\/\/sundar.be\/fr\/wp-json\/wp\/v2\/product_tag?post=50790"}],"curies":[{"name":"wp","href":"https:\/\/api.w.org\/{rel}","templated":true}]}}