{"id":50781,"date":"2025-05-08T16:35:12","date_gmt":"2025-05-08T14:35:12","guid":{"rendered":"https:\/\/sundar.be\/product\/astonishing-uv-cleanser\/"},"modified":"2025-08-04T11:46:33","modified_gmt":"2025-08-04T09:46:33","slug":"astonishing-uv-cleanser","status":"publish","type":"product","link":"https:\/\/sundar.be\/fr\/produit\/astonishing-uv-cleanser\/","title":{"rendered":"Astonishing UV Cleanser"},"content":{"rendered":"<p>Astonishing UV Cleanser est un nettoyant sp\u00e9cialement formul\u00e9 pour le syst\u00e8me Astonishing UV\/LED Gel.<br \/>Il \u00e9limine la couche collante de tous les syst\u00e8mes de gel apr\u00e8s la polym\u00e9risation.<br \/>Utilisez Astonishing UV Cleanser pour retirer en toute s\u00e9curit\u00e9 la couche de dispersion apr\u00e8s la polym\u00e9risation, sans laisser de traces ni alt\u00e9rer la brillance.  <\/p>\n","protected":false},"excerpt":{"rendered":"<p>Astonishing UV Cleanser est un nettoyant sp\u00e9cialement formul\u00e9 pour le syst\u00e8me Astonishing UV\/LED Gel.Il \u00e9limine la couche collante de tous les syst\u00e8mes de gel apr\u00e8s la polym\u00e9risation.Utilisez Astonishing UV Cleanser pour retirer en toute s\u00e9curit\u00e9 la couche de dispersion apr\u00e8s la polym\u00e9risation, sans laisser de traces ni alt\u00e9rer la brillance.<\/p>\n","protected":false},"featured_media":49471,"comment_status":"open","ping_status":"closed","template":"","meta":{"_acf_changed":false},"product_brand":[],"product_cat":[5016,5318,5008,4761,5348],"product_tag":[],"class_list":{"0":"post-50781","1":"product","2":"type-product","3":"status-publish","4":"has-post-thumbnail","6":"product_cat-manucure-accessoires-liquides","7":"product_cat-astonishing-nails-fr","8":"product_cat-manucure-materiel-manucure","9":"product_cat-pose-ongles","10":"product_cat-astonishing-nails-remover-fr","11":"pa_inhoud-100-ml-fr","12":"pa_inhoud-1000-ml-fr","13":"pa_inhoud-250-ml-fr","15":"first","16":"instock","17":"taxable","18":"shipping-taxable","19":"product-type-variable"},"acf":[],"_links":{"self":[{"href":"https:\/\/sundar.be\/fr\/wp-json\/wp\/v2\/product\/50781","targetHints":{"allow":["GET"]}}],"collection":[{"href":"https:\/\/sundar.be\/fr\/wp-json\/wp\/v2\/product"}],"about":[{"href":"https:\/\/sundar.be\/fr\/wp-json\/wp\/v2\/types\/product"}],"replies":[{"embeddable":true,"href":"https:\/\/sundar.be\/fr\/wp-json\/wp\/v2\/comments?post=50781"}],"wp:featuredmedia":[{"embeddable":true,"href":"https:\/\/sundar.be\/fr\/wp-json\/wp\/v2\/media\/49471"}],"wp:attachment":[{"href":"https:\/\/sundar.be\/fr\/wp-json\/wp\/v2\/media?parent=50781"}],"wp:term":[{"taxonomy":"product_brand","embeddable":true,"href":"https:\/\/sundar.be\/fr\/wp-json\/wp\/v2\/product_brand?post=50781"},{"taxonomy":"product_cat","embeddable":true,"href":"https:\/\/sundar.be\/fr\/wp-json\/wp\/v2\/product_cat?post=50781"},{"taxonomy":"product_tag","embeddable":true,"href":"https:\/\/sundar.be\/fr\/wp-json\/wp\/v2\/product_tag?post=50781"}],"curies":[{"name":"wp","href":"https:\/\/api.w.org\/{rel}","templated":true}]}}