{"id":50778,"date":"2025-05-08T16:38:22","date_gmt":"2025-05-08T14:38:22","guid":{"rendered":"https:\/\/sundar.be\/product\/astonishing-soak-off-gel-remover\/"},"modified":"2025-08-04T11:48:07","modified_gmt":"2025-08-04T09:48:07","slug":"astonishing-soak-off-gel-remover","status":"publish","type":"product","link":"https:\/\/sundar.be\/fr\/produit\/astonishing-soak-off-gel-remover\/","title":{"rendered":"Astonishing Soak Off Gel Remover"},"content":{"rendered":"<p>Astonishing Soak Off Gel Remover est un liquide sp\u00e9cialement formul\u00e9 et l\u00e9g\u00e8rement parfum\u00e9 pour enlever les gels UV\/LED.<br \/>Utilisez Astonishing Soak Off Gel Remover pour retirer en toute s\u00e9curit\u00e9, efficacement et rapidement les gels UV\/LED et Gelosophy de l&rsquo;ongle naturel sans avoir besoin d&rsquo;une lime. <\/p>\n","protected":false},"excerpt":{"rendered":"<p>Astonishing Soak Off Gel Remover est un liquide sp\u00e9cialement formul\u00e9 et l\u00e9g\u00e8rement parfum\u00e9 pour enlever les gels UV\/LED.Utilisez Astonishing Soak Off Gel Remover pour retirer en toute s\u00e9curit\u00e9, efficacement et rapidement les gels UV\/LED et Gelosophy de l&rsquo;ongle naturel sans avoir besoin d&rsquo;une lime.<\/p>\n","protected":false},"featured_media":49476,"comment_status":"open","ping_status":"closed","template":"","meta":{"_acf_changed":false},"product_brand":[],"product_cat":[5016,5318,5008,4761,5348],"product_tag":[],"class_list":{"0":"post-50778","1":"product","2":"type-product","3":"status-publish","4":"has-post-thumbnail","6":"product_cat-manucure-accessoires-liquides","7":"product_cat-astonishing-nails-fr","8":"product_cat-manucure-materiel-manucure","9":"product_cat-pose-ongles","10":"product_cat-astonishing-nails-remover-fr","11":"pa_inhoud-100-ml-fr","12":"pa_inhoud-1000-ml-fr","14":"first","15":"instock","16":"taxable","17":"shipping-taxable","18":"product-type-variable"},"acf":[],"_links":{"self":[{"href":"https:\/\/sundar.be\/fr\/wp-json\/wp\/v2\/product\/50778","targetHints":{"allow":["GET"]}}],"collection":[{"href":"https:\/\/sundar.be\/fr\/wp-json\/wp\/v2\/product"}],"about":[{"href":"https:\/\/sundar.be\/fr\/wp-json\/wp\/v2\/types\/product"}],"replies":[{"embeddable":true,"href":"https:\/\/sundar.be\/fr\/wp-json\/wp\/v2\/comments?post=50778"}],"wp:featuredmedia":[{"embeddable":true,"href":"https:\/\/sundar.be\/fr\/wp-json\/wp\/v2\/media\/49476"}],"wp:attachment":[{"href":"https:\/\/sundar.be\/fr\/wp-json\/wp\/v2\/media?parent=50778"}],"wp:term":[{"taxonomy":"product_brand","embeddable":true,"href":"https:\/\/sundar.be\/fr\/wp-json\/wp\/v2\/product_brand?post=50778"},{"taxonomy":"product_cat","embeddable":true,"href":"https:\/\/sundar.be\/fr\/wp-json\/wp\/v2\/product_cat?post=50778"},{"taxonomy":"product_tag","embeddable":true,"href":"https:\/\/sundar.be\/fr\/wp-json\/wp\/v2\/product_tag?post=50778"}],"curies":[{"name":"wp","href":"https:\/\/api.w.org\/{rel}","templated":true}]}}