{"id":50777,"date":"2025-05-08T16:40:42","date_gmt":"2025-05-08T14:40:42","guid":{"rendered":"https:\/\/sundar.be\/product\/astonishing-uv-cleanser-passion-100ml\/"},"modified":"2025-08-04T11:46:36","modified_gmt":"2025-08-04T09:46:36","slug":"astonishing-uv-cleanser-passion-100ml","status":"publish","type":"product","link":"https:\/\/sundar.be\/fr\/produit\/astonishing-uv-cleanser-passion-100ml\/","title":{"rendered":"Astonishing UV Cleanser Passion, 100ml"},"content":{"rendered":"<p>Ceci est un nettoyant UV \/ LED parfait au parfum frais et chaleureux, avec une jolie teinte rose translucide.<br \/>Il \u00e9limine la couche collante form\u00e9e sur l\u2019ongle apr\u00e8s la polym\u00e9risation du gel.<br \/>Utilisez Astonishing UV Cleanser Passion pour retirer en toute s\u00e9curit\u00e9 la couche de dispersion apr\u00e8s la polym\u00e9risation, sans ternir la surface finale.  <\/p>\n","protected":false},"excerpt":{"rendered":"<p>Ceci est un nettoyant UV \/ LED parfait au parfum frais et chaleureux, avec une jolie teinte rose translucide.Il \u00e9limine la couche collante form\u00e9e sur l\u2019ongle apr\u00e8s la polym\u00e9risation du gel.Utilisez Astonishing UV Cleanser Passion pour retirer en toute s\u00e9curit\u00e9 la couche de dispersion apr\u00e8s la polym\u00e9risation, sans ternir la surface finale.<\/p>\n","protected":false},"featured_media":49481,"comment_status":"open","ping_status":"closed","template":"","meta":{"_acf_changed":false},"product_brand":[],"product_cat":[5016,5318,5008,4761,5348],"product_tag":[],"class_list":{"0":"post-50777","1":"product","2":"type-product","3":"status-publish","4":"has-post-thumbnail","6":"product_cat-manucure-accessoires-liquides","7":"product_cat-astonishing-nails-fr","8":"product_cat-manucure-materiel-manucure","9":"product_cat-pose-ongles","10":"product_cat-astonishing-nails-remover-fr","12":"first","13":"instock","14":"taxable","15":"shipping-taxable","16":"product-type-simple"},"acf":[],"_links":{"self":[{"href":"https:\/\/sundar.be\/fr\/wp-json\/wp\/v2\/product\/50777","targetHints":{"allow":["GET"]}}],"collection":[{"href":"https:\/\/sundar.be\/fr\/wp-json\/wp\/v2\/product"}],"about":[{"href":"https:\/\/sundar.be\/fr\/wp-json\/wp\/v2\/types\/product"}],"replies":[{"embeddable":true,"href":"https:\/\/sundar.be\/fr\/wp-json\/wp\/v2\/comments?post=50777"}],"wp:featuredmedia":[{"embeddable":true,"href":"https:\/\/sundar.be\/fr\/wp-json\/wp\/v2\/media\/49481"}],"wp:attachment":[{"href":"https:\/\/sundar.be\/fr\/wp-json\/wp\/v2\/media?parent=50777"}],"wp:term":[{"taxonomy":"product_brand","embeddable":true,"href":"https:\/\/sundar.be\/fr\/wp-json\/wp\/v2\/product_brand?post=50777"},{"taxonomy":"product_cat","embeddable":true,"href":"https:\/\/sundar.be\/fr\/wp-json\/wp\/v2\/product_cat?post=50777"},{"taxonomy":"product_tag","embeddable":true,"href":"https:\/\/sundar.be\/fr\/wp-json\/wp\/v2\/product_tag?post=50777"}],"curies":[{"name":"wp","href":"https:\/\/api.w.org\/{rel}","templated":true}]}}