{"id":50776,"date":"2025-05-08T17:01:39","date_gmt":"2025-05-08T15:01:39","guid":{"rendered":"https:\/\/sundar.be\/product\/astonishing-cuticle-remover-gel-5ml\/"},"modified":"2025-08-04T11:48:13","modified_gmt":"2025-08-04T09:48:13","slug":"astonishing-cuticle-remover-gel-5ml","status":"publish","type":"product","link":"https:\/\/sundar.be\/fr\/produit\/astonishing-cuticle-remover-gel-5ml\/","title":{"rendered":"Astonishing Cuticle Remover Gel, 5ml"},"content":{"rendered":"<p>Astonishing Cuticle Remover Gel est un gel pour cuticules profond\u00e9ment nourrissant et \u00e0 absorption rapide.<br \/>Il facilite l\u2019\u00e9limination des cuticules excessives sur la plaque de l\u2019ongle.<br \/>C\u2019est \u00e9galement un produit id\u00e9al \u00e0 utiliser entre deux prestations.  <\/p>\n","protected":false},"excerpt":{"rendered":"<p>Astonishing Cuticle Remover Gel est un gel pour cuticules profond\u00e9ment nourrissant et \u00e0 absorption rapide.Il facilite l\u2019\u00e9limination des cuticules excessives sur la plaque de l\u2019ongle.C\u2019est \u00e9galement un produit id\u00e9al \u00e0 utiliser entre deux prestations.<\/p>\n","protected":false},"featured_media":49484,"comment_status":"open","ping_status":"closed","template":"","meta":{"_acf_changed":false},"product_brand":[],"product_cat":[5016,5318,5008,4761,5348,5085,5077,5087],"product_tag":[],"class_list":{"0":"post-50776","1":"product","2":"type-product","3":"status-publish","4":"has-post-thumbnail","6":"product_cat-manucure-accessoires-liquides","7":"product_cat-astonishing-nails-fr","8":"product_cat-manucure-materiel-manucure","9":"product_cat-pose-ongles","10":"product_cat-astonishing-nails-remover-fr","11":"product_cat-manucure-serum-ongles","12":"product_cat-manucure-soin-des-ongles","13":"product_cat-soins-ciblees","15":"first","16":"instock","17":"taxable","18":"shipping-taxable","19":"product-type-simple"},"acf":[],"_links":{"self":[{"href":"https:\/\/sundar.be\/fr\/wp-json\/wp\/v2\/product\/50776","targetHints":{"allow":["GET"]}}],"collection":[{"href":"https:\/\/sundar.be\/fr\/wp-json\/wp\/v2\/product"}],"about":[{"href":"https:\/\/sundar.be\/fr\/wp-json\/wp\/v2\/types\/product"}],"replies":[{"embeddable":true,"href":"https:\/\/sundar.be\/fr\/wp-json\/wp\/v2\/comments?post=50776"}],"wp:featuredmedia":[{"embeddable":true,"href":"https:\/\/sundar.be\/fr\/wp-json\/wp\/v2\/media\/49484"}],"wp:attachment":[{"href":"https:\/\/sundar.be\/fr\/wp-json\/wp\/v2\/media?parent=50776"}],"wp:term":[{"taxonomy":"product_brand","embeddable":true,"href":"https:\/\/sundar.be\/fr\/wp-json\/wp\/v2\/product_brand?post=50776"},{"taxonomy":"product_cat","embeddable":true,"href":"https:\/\/sundar.be\/fr\/wp-json\/wp\/v2\/product_cat?post=50776"},{"taxonomy":"product_tag","embeddable":true,"href":"https:\/\/sundar.be\/fr\/wp-json\/wp\/v2\/product_tag?post=50776"}],"curies":[{"name":"wp","href":"https:\/\/api.w.org\/{rel}","templated":true}]}}