{"id":50773,"date":"2025-05-08T17:04:42","date_gmt":"2025-05-08T15:04:42","guid":{"rendered":"https:\/\/sundar.be\/product\/astonishing-acetone\/"},"modified":"2025-08-04T11:48:10","modified_gmt":"2025-08-04T09:48:10","slug":"astonishing-acetone","status":"publish","type":"product","link":"https:\/\/sundar.be\/fr\/produit\/astonishing-acetone\/","title":{"rendered":"Astonishing Acetone"},"content":{"rendered":"<p>Astonishing Acetone est un liquide con\u00e7u pour retirer les ongles en acrylique. Il dissout rapidement et en toute s\u00e9curit\u00e9 l\u2019acrylique de la plaque naturelle de l\u2019ongle.<br \/>Astonishing Acetone peut \u00e9galement \u00eatre utilis\u00e9 pour d\u00e9graisser et d\u00e9poussi\u00e9rer la plaque de l\u2019ongle, assurant ainsi une meilleure adh\u00e9rence entre l\u2019ongle naturel et le produit.  <\/p>\n","protected":false},"excerpt":{"rendered":"<p>Astonishing Acetone est un liquide con\u00e7u pour retirer les ongles en acrylique. Il dissout rapidement et en toute s\u00e9curit\u00e9 l\u2019acrylique de la plaque naturelle de l\u2019ongle.Astonishing Acetone peut \u00e9galement \u00eatre utilis\u00e9 pour d\u00e9graisser et d\u00e9poussi\u00e9rer la plaque de l\u2019ongle, assurant ainsi une meilleure adh\u00e9rence entre l\u2019ongle naturel et le produit.<\/p>\n","protected":false},"featured_media":49491,"comment_status":"open","ping_status":"closed","template":"","meta":{"_acf_changed":false},"product_brand":[],"product_cat":[5016,5318,5008,4761,5348],"product_tag":[],"class_list":{"0":"post-50773","1":"product","2":"type-product","3":"status-publish","4":"has-post-thumbnail","6":"product_cat-manucure-accessoires-liquides","7":"product_cat-astonishing-nails-fr","8":"product_cat-manucure-materiel-manucure","9":"product_cat-pose-ongles","10":"product_cat-astonishing-nails-remover-fr","11":"pa_inhoud-100-ml-fr","12":"pa_inhoud-1000-ml-fr","14":"first","15":"instock","16":"taxable","17":"shipping-taxable","18":"product-type-variable"},"acf":[],"_links":{"self":[{"href":"https:\/\/sundar.be\/fr\/wp-json\/wp\/v2\/product\/50773","targetHints":{"allow":["GET"]}}],"collection":[{"href":"https:\/\/sundar.be\/fr\/wp-json\/wp\/v2\/product"}],"about":[{"href":"https:\/\/sundar.be\/fr\/wp-json\/wp\/v2\/types\/product"}],"replies":[{"embeddable":true,"href":"https:\/\/sundar.be\/fr\/wp-json\/wp\/v2\/comments?post=50773"}],"wp:featuredmedia":[{"embeddable":true,"href":"https:\/\/sundar.be\/fr\/wp-json\/wp\/v2\/media\/49491"}],"wp:attachment":[{"href":"https:\/\/sundar.be\/fr\/wp-json\/wp\/v2\/media?parent=50773"}],"wp:term":[{"taxonomy":"product_brand","embeddable":true,"href":"https:\/\/sundar.be\/fr\/wp-json\/wp\/v2\/product_brand?post=50773"},{"taxonomy":"product_cat","embeddable":true,"href":"https:\/\/sundar.be\/fr\/wp-json\/wp\/v2\/product_cat?post=50773"},{"taxonomy":"product_tag","embeddable":true,"href":"https:\/\/sundar.be\/fr\/wp-json\/wp\/v2\/product_tag?post=50773"}],"curies":[{"name":"wp","href":"https:\/\/api.w.org\/{rel}","templated":true}]}}