{"id":50746,"date":"2025-05-08T17:32:42","date_gmt":"2025-05-08T15:32:42","guid":{"rendered":"https:\/\/sundar.be\/product\/astonishing-builder-in-a-bottle-15ml\/"},"modified":"2025-08-04T11:46:24","modified_gmt":"2025-08-04T09:46:24","slug":"astonishing-builder-in-a-bottle-15ml","status":"publish","type":"product","link":"https:\/\/sundar.be\/fr\/produit\/astonishing-builder-in-a-bottle-15ml\/","title":{"rendered":"Astonishing Builder in a Bottle, 15ml"},"content":{"rendered":"<p>Astonishing Builder in a Bottle est le choix id\u00e9al pour celles et ceux qui souhaitent \u00e9viter l&rsquo;utilisation s\u00e9par\u00e9e d\u2019une base, d\u2019un vernis gel et d\u2019un top coat.<\/p>\n<p>Astonishing Builder in a Bottle est un produit tout-en-un : base, gel de construction et top coat.<br \/>C\u2019est une alternative rapide pour cr\u00e9er une base solide pour le vernis gel, un renforcement de l\u2019ongle ou une extension avec les Astonishing Nail Forms ou les Astonishing Tips. <\/p>\n<p>Notre Astonishing Builder in a Bottle est disponible en cinq magnifiques teintes :<br \/>Clear, Cotton Lace, Sheer Nude, Dusty Rose et Opaque Pink.<\/p>\n","protected":false},"excerpt":{"rendered":"<p>Astonishing Builder in a Bottle est le choix parfait pour celles et ceux qui ne souhaitent pas utiliser s\u00e9par\u00e9ment une base, un vernis gel et un top coat.<br \/>\nAstonishing Builder in a Bottle est un produit tout-en-un : base, gel de construction et top coat.<\/p>\n","protected":false},"featured_media":49570,"comment_status":"open","ping_status":"closed","template":"","meta":{"_acf_changed":false},"product_brand":[],"product_cat":[5318,5343,4761],"product_tag":[],"class_list":{"0":"post-50746","1":"product","2":"type-product","3":"status-publish","4":"has-post-thumbnail","6":"product_cat-astonishing-nails-fr","7":"product_cat-astonishing-gel","8":"product_cat-pose-ongles","9":"pa_kleur-clear","10":"pa_kleur-cotton-lace","11":"pa_kleur-dusty-rose","12":"pa_kleur-opaque-pink","13":"pa_kleur-sheer-nude","15":"first","16":"instock","17":"taxable","18":"shipping-taxable","19":"product-type-variable"},"acf":[],"_links":{"self":[{"href":"https:\/\/sundar.be\/fr\/wp-json\/wp\/v2\/product\/50746","targetHints":{"allow":["GET"]}}],"collection":[{"href":"https:\/\/sundar.be\/fr\/wp-json\/wp\/v2\/product"}],"about":[{"href":"https:\/\/sundar.be\/fr\/wp-json\/wp\/v2\/types\/product"}],"replies":[{"embeddable":true,"href":"https:\/\/sundar.be\/fr\/wp-json\/wp\/v2\/comments?post=50746"}],"wp:featuredmedia":[{"embeddable":true,"href":"https:\/\/sundar.be\/fr\/wp-json\/wp\/v2\/media\/49570"}],"wp:attachment":[{"href":"https:\/\/sundar.be\/fr\/wp-json\/wp\/v2\/media?parent=50746"}],"wp:term":[{"taxonomy":"product_brand","embeddable":true,"href":"https:\/\/sundar.be\/fr\/wp-json\/wp\/v2\/product_brand?post=50746"},{"taxonomy":"product_cat","embeddable":true,"href":"https:\/\/sundar.be\/fr\/wp-json\/wp\/v2\/product_cat?post=50746"},{"taxonomy":"product_tag","embeddable":true,"href":"https:\/\/sundar.be\/fr\/wp-json\/wp\/v2\/product_tag?post=50746"}],"curies":[{"name":"wp","href":"https:\/\/api.w.org\/{rel}","templated":true}]}}