{"id":50734,"date":"2025-05-08T17:49:12","date_gmt":"2025-05-08T15:49:12","guid":{"rendered":"https:\/\/sundar.be\/product\/astonishing-sculpting-gel\/"},"modified":"2025-08-04T11:48:16","modified_gmt":"2025-08-04T09:48:16","slug":"astonishing-sculpting-gel","status":"publish","type":"product","link":"https:\/\/sundar.be\/fr\/produit\/astonishing-sculpting-gel\/","title":{"rendered":"Astonishing Sculpting Gel"},"content":{"rendered":"<p>Astonishing Sculpting Gel est un polym\u00e8re oligom\u00e8re \u00e0 r\u00e9ticulation crois\u00e9e offrant un \u00e9quilibre parfait entre flexibilit\u00e9 et solidit\u00e9. Ce syst\u00e8me innovant UV\/LED a \u00e9t\u00e9 sp\u00e9cialement d\u00e9velopp\u00e9 pour les professionnels de l\u2019onglerie. Ces gels de modelage permettent aux stylistes ongulaires de cr\u00e9er facilement de magnifiques am\u00e9liorations des ongles.  <\/p>\n<p>Chaque teinte de Sculpting Gel poss\u00e8de une viscosit\u00e9 constante, permettant au professionnel de l\u2019onglerie de maintenir une m\u00e9thode d\u2019application uniforme.<\/p>\n<p>Disponible en 4 teintes : Clear, Transparent Pink, Global White et Cover.<\/p>\n","protected":false},"excerpt":{"rendered":"<p>Un syst\u00e8me UV \/ LED innovant sp\u00e9cialement con\u00e7u pour les professionnels de l\u2019onglerie. Ces Sculpting Gels permettent de r\u00e9aliser facilement de magnifiques am\u00e9liorations des ongles. <\/p>\n","protected":false},"featured_media":49607,"comment_status":"open","ping_status":"closed","template":"","meta":{"_acf_changed":false},"product_brand":[],"product_cat":[5318,5343,4761],"product_tag":[],"class_list":{"0":"post-50734","1":"product","2":"type-product","3":"status-publish","4":"has-post-thumbnail","6":"product_cat-astonishing-nails-fr","7":"product_cat-astonishing-gel","8":"product_cat-pose-ongles","9":"pa_inhoud-14g-fr","10":"pa_inhoud-45g-fr","11":"pa_kleur-clear","12":"pa_kleur-cover","13":"pa_kleur-global-white","14":"pa_kleur-new-mix","15":"pa_kleur-soft-cover-blend","16":"pa_kleur-transparent-pink","18":"first","19":"instock","20":"taxable","21":"shipping-taxable","22":"product-type-variable"},"acf":[],"_links":{"self":[{"href":"https:\/\/sundar.be\/fr\/wp-json\/wp\/v2\/product\/50734","targetHints":{"allow":["GET"]}}],"collection":[{"href":"https:\/\/sundar.be\/fr\/wp-json\/wp\/v2\/product"}],"about":[{"href":"https:\/\/sundar.be\/fr\/wp-json\/wp\/v2\/types\/product"}],"replies":[{"embeddable":true,"href":"https:\/\/sundar.be\/fr\/wp-json\/wp\/v2\/comments?post=50734"}],"wp:featuredmedia":[{"embeddable":true,"href":"https:\/\/sundar.be\/fr\/wp-json\/wp\/v2\/media\/49607"}],"wp:attachment":[{"href":"https:\/\/sundar.be\/fr\/wp-json\/wp\/v2\/media?parent=50734"}],"wp:term":[{"taxonomy":"product_brand","embeddable":true,"href":"https:\/\/sundar.be\/fr\/wp-json\/wp\/v2\/product_brand?post=50734"},{"taxonomy":"product_cat","embeddable":true,"href":"https:\/\/sundar.be\/fr\/wp-json\/wp\/v2\/product_cat?post=50734"},{"taxonomy":"product_tag","embeddable":true,"href":"https:\/\/sundar.be\/fr\/wp-json\/wp\/v2\/product_tag?post=50734"}],"curies":[{"name":"wp","href":"https:\/\/api.w.org\/{rel}","templated":true}]}}