{"id":50723,"date":"2025-05-08T18:26:33","date_gmt":"2025-05-08T16:26:33","guid":{"rendered":"https:\/\/sundar.be\/product\/astonishing-solidious-gel\/"},"modified":"2025-08-04T11:46:20","modified_gmt":"2025-08-04T09:46:20","slug":"astonishing-solidious-gel","status":"publish","type":"product","link":"https:\/\/sundar.be\/fr\/produit\/astonishing-solidious-gel\/","title":{"rendered":"Astonishing Solidious Gel"},"content":{"rendered":"<p>Un nouveau gel innovant \u00e0 haute viscosit\u00e9, alliant la solidit\u00e9 de l\u2019acrylique \u00e0 l\u2019apparence cristalline du gel. Astonishing SOLIDIOUS Gel offre la m\u00eame maniabilit\u00e9 qu\u2019un produit acrylique, ce qui l\u2019emp\u00eache de couler dans les cuticules ou les bords lat\u00e9raux.  Le gel SOLIDIOUS s\u2019auto-\u00e9galise pendant le modelage, ce qui le rend parfait aussi bien pour les d\u00e9butants que pour les stylistes ongulaires exp\u00e9riment\u00e9s. Le SOLIDIOUS Gel d\u2019Astonishing est inodore et disponible en 5 magnifiques teintes : Clear, Global White, Cover, Medium Cover et Soft Cover.  <\/p>\n","protected":false},"excerpt":{"rendered":"<p>Un nouveau gel innovant \u00e0 haute viscosit\u00e9, alliant la solidit\u00e9 de l\u2019acrylique \u00e0 l\u2019apparence cristalline du gel. Astonishing SOLIDIOUS Gel offre la m\u00eame maniabilit\u00e9 qu\u2019un produit acrylique, ce qui l\u2019emp\u00eache de couler dans les cuticules ou les bords lat\u00e9raux. <\/p>\n","protected":false},"featured_media":49648,"comment_status":"open","ping_status":"closed","template":"","meta":{"_acf_changed":false},"product_brand":[],"product_cat":[5318,5343,4761],"product_tag":[],"class_list":{"0":"post-50723","1":"product","2":"type-product","3":"status-publish","4":"has-post-thumbnail","6":"product_cat-astonishing-nails-fr","7":"product_cat-astonishing-gel","8":"product_cat-pose-ongles","9":"pa_inhoud-14g-fr","10":"pa_inhoud-45g-fr","11":"pa_kleur-clear","12":"pa_kleur-cover","13":"pa_kleur-global-white","14":"pa_kleur-medium-cover","15":"pa_kleur-soft-cover","17":"first","18":"instock","19":"taxable","20":"shipping-taxable","21":"product-type-variable"},"acf":[],"_links":{"self":[{"href":"https:\/\/sundar.be\/fr\/wp-json\/wp\/v2\/product\/50723","targetHints":{"allow":["GET"]}}],"collection":[{"href":"https:\/\/sundar.be\/fr\/wp-json\/wp\/v2\/product"}],"about":[{"href":"https:\/\/sundar.be\/fr\/wp-json\/wp\/v2\/types\/product"}],"replies":[{"embeddable":true,"href":"https:\/\/sundar.be\/fr\/wp-json\/wp\/v2\/comments?post=50723"}],"wp:featuredmedia":[{"embeddable":true,"href":"https:\/\/sundar.be\/fr\/wp-json\/wp\/v2\/media\/49648"}],"wp:attachment":[{"href":"https:\/\/sundar.be\/fr\/wp-json\/wp\/v2\/media?parent=50723"}],"wp:term":[{"taxonomy":"product_brand","embeddable":true,"href":"https:\/\/sundar.be\/fr\/wp-json\/wp\/v2\/product_brand?post=50723"},{"taxonomy":"product_cat","embeddable":true,"href":"https:\/\/sundar.be\/fr\/wp-json\/wp\/v2\/product_cat?post=50723"},{"taxonomy":"product_tag","embeddable":true,"href":"https:\/\/sundar.be\/fr\/wp-json\/wp\/v2\/product_tag?post=50723"}],"curies":[{"name":"wp","href":"https:\/\/api.w.org\/{rel}","templated":true}]}}