{"id":50717,"date":"2025-05-08T18:35:46","date_gmt":"2025-05-08T16:35:46","guid":{"rendered":"https:\/\/sundar.be\/product\/astonishing-art-gel-7g\/"},"modified":"2025-08-04T11:47:50","modified_gmt":"2025-08-04T09:47:50","slug":"astonishing-art-gel-7g","status":"publish","type":"product","link":"https:\/\/sundar.be\/fr\/produit\/astonishing-art-gel-7g\/","title":{"rendered":"Astonishing Art Gel, 7g"},"content":{"rendered":"<p>Ces Art Gels hautement pigment\u00e9s sont parfaits pour les designs en gel d\u00e9taill\u00e9s et les motifs en one stroke. Leur texture cr\u00e9meuse et leur finition semi-mate les rendent \u00e9galement id\u00e9aux pour les Fun French.  Les possibilit\u00e9s sont infinies et les couleurs sont id\u00e9ales pour m\u00e9langer et assortir les couleurs vous-m\u00eame.<\/p>\n","protected":false},"excerpt":{"rendered":"<div class=\"prd-description prd-description-top\">Ces Art Gels hautement pigment\u00e9s sont parfaits pour les designs en gel d\u00e9taill\u00e9s et les motifs en one stroke. Leur texture cr\u00e9meuse et leur finition semi-mate les rendent \u00e9galement id\u00e9aux pour les Fun French. <\/div>\n","protected":false},"featured_media":49670,"comment_status":"open","ping_status":"closed","template":"","meta":{"_acf_changed":false},"product_brand":[],"product_cat":[5318,5343,4761],"product_tag":[],"class_list":{"0":"post-50717","1":"product","2":"type-product","3":"status-publish","4":"has-post-thumbnail","6":"product_cat-astonishing-nails-fr","7":"product_cat-astonishing-gel","8":"product_cat-pose-ongles","9":"pa_kleur-001-black","10":"pa_kleur-002-white","11":"pa_kleur-003-red","12":"pa_kleur-004-blue","13":"pa_kleur-005-yellow","15":"first","16":"instock","17":"taxable","18":"shipping-taxable","19":"product-type-variable"},"acf":[],"_links":{"self":[{"href":"https:\/\/sundar.be\/fr\/wp-json\/wp\/v2\/product\/50717","targetHints":{"allow":["GET"]}}],"collection":[{"href":"https:\/\/sundar.be\/fr\/wp-json\/wp\/v2\/product"}],"about":[{"href":"https:\/\/sundar.be\/fr\/wp-json\/wp\/v2\/types\/product"}],"replies":[{"embeddable":true,"href":"https:\/\/sundar.be\/fr\/wp-json\/wp\/v2\/comments?post=50717"}],"wp:featuredmedia":[{"embeddable":true,"href":"https:\/\/sundar.be\/fr\/wp-json\/wp\/v2\/media\/49670"}],"wp:attachment":[{"href":"https:\/\/sundar.be\/fr\/wp-json\/wp\/v2\/media?parent=50717"}],"wp:term":[{"taxonomy":"product_brand","embeddable":true,"href":"https:\/\/sundar.be\/fr\/wp-json\/wp\/v2\/product_brand?post=50717"},{"taxonomy":"product_cat","embeddable":true,"href":"https:\/\/sundar.be\/fr\/wp-json\/wp\/v2\/product_cat?post=50717"},{"taxonomy":"product_tag","embeddable":true,"href":"https:\/\/sundar.be\/fr\/wp-json\/wp\/v2\/product_tag?post=50717"}],"curies":[{"name":"wp","href":"https:\/\/api.w.org\/{rel}","templated":true}]}}