{"id":50716,"date":"2025-05-08T18:39:32","date_gmt":"2025-05-08T16:39:32","guid":{"rendered":"https:\/\/sundar.be\/product\/astonishing-steel-finish-gel-no-cleanse-15ml\/"},"modified":"2025-08-04T11:48:04","modified_gmt":"2025-08-04T09:48:04","slug":"astonishing-steel-finish-gel-no-cleanse-15ml","status":"publish","type":"product","link":"https:\/\/sundar.be\/fr\/produit\/astonishing-steel-finish-gel-no-cleanse-15ml\/","title":{"rendered":"Astonishing Steel Finish Gel No Cleanse, 15ml"},"content":{"rendered":"<p>Astonishing Steel Finish Gel No Cleanse cr\u00e9e une brillance \u00e9clatante sur le syst\u00e8me de modelage en gel Astonishing ainsi que sur le syst\u00e8me Monomer and Polymer Astonishing. Ce gel de finition est id\u00e9al pour les clientes expos\u00e9es \u00e0 des agents environnementaux corrosifs ou \u00e0 des produits pouvant provoquer un jaunissement.<br \/>\u00c0 utiliser uniquement avec des gels durs.  <\/p>\n","protected":false},"excerpt":{"rendered":"<p>Astonishing Steel Finish Gel No Cleanse cr\u00e9e une brillance \u00e9clatante sur le syst\u00e8me de sculpture en gel Astonishing ainsi que sur le syst\u00e8me Monomer and Polymer Astonishing.<\/p>\n","protected":false},"featured_media":49673,"comment_status":"open","ping_status":"closed","template":"","meta":{"_acf_changed":false},"product_brand":[],"product_cat":[5318,5343,4761],"product_tag":[],"class_list":{"0":"post-50716","1":"product","2":"type-product","3":"status-publish","4":"has-post-thumbnail","6":"product_cat-astonishing-nails-fr","7":"product_cat-astonishing-gel","8":"product_cat-pose-ongles","10":"first","11":"instock","12":"taxable","13":"shipping-taxable","14":"product-type-simple"},"acf":[],"_links":{"self":[{"href":"https:\/\/sundar.be\/fr\/wp-json\/wp\/v2\/product\/50716","targetHints":{"allow":["GET"]}}],"collection":[{"href":"https:\/\/sundar.be\/fr\/wp-json\/wp\/v2\/product"}],"about":[{"href":"https:\/\/sundar.be\/fr\/wp-json\/wp\/v2\/types\/product"}],"replies":[{"embeddable":true,"href":"https:\/\/sundar.be\/fr\/wp-json\/wp\/v2\/comments?post=50716"}],"wp:featuredmedia":[{"embeddable":true,"href":"https:\/\/sundar.be\/fr\/wp-json\/wp\/v2\/media\/49673"}],"wp:attachment":[{"href":"https:\/\/sundar.be\/fr\/wp-json\/wp\/v2\/media?parent=50716"}],"wp:term":[{"taxonomy":"product_brand","embeddable":true,"href":"https:\/\/sundar.be\/fr\/wp-json\/wp\/v2\/product_brand?post=50716"},{"taxonomy":"product_cat","embeddable":true,"href":"https:\/\/sundar.be\/fr\/wp-json\/wp\/v2\/product_cat?post=50716"},{"taxonomy":"product_tag","embeddable":true,"href":"https:\/\/sundar.be\/fr\/wp-json\/wp\/v2\/product_tag?post=50716"}],"curies":[{"name":"wp","href":"https:\/\/api.w.org\/{rel}","templated":true}]}}