{"id":50703,"date":"2025-05-08T19:12:29","date_gmt":"2025-05-08T17:12:29","guid":{"rendered":"https:\/\/sundar.be\/product\/astonishing-fiber-gel\/"},"modified":"2025-08-04T11:47:56","modified_gmt":"2025-08-04T09:47:56","slug":"astonishing-fiber-gel","status":"publish","type":"product","link":"https:\/\/sundar.be\/fr\/produit\/astonishing-fiber-gel\/","title":{"rendered":"Astonishing Fiber Gel"},"content":{"rendered":"<p>Les Astonishing Fiber Gels assurent une adh\u00e9rence optimale, m\u00eame sur les ongles difficiles, tels que les ongles ab\u00eem\u00e9s ou \u00e0 probl\u00e8mes. Le Fiber Gel est le produit id\u00e9al pour cr\u00e9er des ongles fins et r\u00e9sistants. <\/p>\n<p>Disponible en 6 teintes : Clear, Intens Cover, Cover, Opaque Pink, Translucent Pink et Soft White.<\/p>\n","protected":false},"excerpt":{"rendered":"<p>Les Astonishing Fiber Gels assurent une adh\u00e9rence optimale, m\u00eame sur les ongles difficiles, tels que les ongles ab\u00eem\u00e9s ou \u00e0 probl\u00e8mes. Le Fiber Gel est le produit id\u00e9al pour cr\u00e9er des ongles fins et r\u00e9sistants. <\/p>\n","protected":false},"featured_media":49718,"comment_status":"open","ping_status":"closed","template":"","meta":{"_acf_changed":false},"product_brand":[],"product_cat":[5318,5343,4761],"product_tag":[],"class_list":{"0":"post-50703","1":"product","2":"type-product","3":"status-publish","4":"has-post-thumbnail","6":"product_cat-astonishing-nails-fr","7":"product_cat-astonishing-gel","8":"product_cat-pose-ongles","9":"pa_inhoud-14g-fr","10":"pa_inhoud-45g-fr","11":"pa_kleur-clear","12":"pa_kleur-cover","13":"pa_kleur-intens-cover","14":"pa_kleur-opaque-pink","15":"pa_kleur-soft-white","16":"pa_kleur-translucent-pink","18":"first","19":"instock","20":"taxable","21":"shipping-taxable","22":"product-type-variable"},"acf":[],"_links":{"self":[{"href":"https:\/\/sundar.be\/fr\/wp-json\/wp\/v2\/product\/50703","targetHints":{"allow":["GET"]}}],"collection":[{"href":"https:\/\/sundar.be\/fr\/wp-json\/wp\/v2\/product"}],"about":[{"href":"https:\/\/sundar.be\/fr\/wp-json\/wp\/v2\/types\/product"}],"replies":[{"embeddable":true,"href":"https:\/\/sundar.be\/fr\/wp-json\/wp\/v2\/comments?post=50703"}],"wp:featuredmedia":[{"embeddable":true,"href":"https:\/\/sundar.be\/fr\/wp-json\/wp\/v2\/media\/49718"}],"wp:attachment":[{"href":"https:\/\/sundar.be\/fr\/wp-json\/wp\/v2\/media?parent=50703"}],"wp:term":[{"taxonomy":"product_brand","embeddable":true,"href":"https:\/\/sundar.be\/fr\/wp-json\/wp\/v2\/product_brand?post=50703"},{"taxonomy":"product_cat","embeddable":true,"href":"https:\/\/sundar.be\/fr\/wp-json\/wp\/v2\/product_cat?post=50703"},{"taxonomy":"product_tag","embeddable":true,"href":"https:\/\/sundar.be\/fr\/wp-json\/wp\/v2\/product_tag?post=50703"}],"curies":[{"name":"wp","href":"https:\/\/api.w.org\/{rel}","templated":true}]}}