{"id":50701,"date":"2025-05-08T19:17:44","date_gmt":"2025-05-08T17:17:44","guid":{"rendered":"https:\/\/sundar.be\/product\/astonishing-gelosophy-refill-top-gel-100ml\/"},"modified":"2025-08-04T11:48:00","modified_gmt":"2025-08-04T09:48:00","slug":"astonishing-gelosophy-refill-top-gel-100ml","status":"publish","type":"product","link":"https:\/\/sundar.be\/fr\/produit\/astonishing-gelosophy-refill-top-gel-100ml\/","title":{"rendered":"Astonishing Gelosophy REFILL Top Gel, 100ml"},"content":{"rendered":"<p>Les flacons recharge Astonishing sont l\u2019outil id\u00e9al pour recharger votre Gelosophy Soak Off Base Gel, Gelosophy Soak Off No Cleanse Top Gel, Gelosophy Soak Off No Cleanse Brilliant Top et votre Gelosophy Soak Off Top Gel. Ils sont parfaits pour \u00e9conomiser sur l\u2019achat de flacons individuels. Les flacons de recharge sont pr\u00e9sent\u00e9s dans des bo\u00eetes en carton \u00e9l\u00e9gantes, apportant une touche raffin\u00e9e \u00e0 votre comptoir.  <\/p>\n","protected":false},"excerpt":{"rendered":"<p>Les flacons recharge Astonishing sont l\u2019outil id\u00e9al pour recharger votre Gelosophy Soak Off Base Gel, Gelosophy Soak Off No Cleanse Top Gel, Gelosophy Soak Off No Cleanse Brilliant Top et votre Gelosophy Soak Off Top Gel. Ils sont parfaits pour \u00e9conomiser sur l\u2019achat de flacons individuels. Les flacons de recharge sont pr\u00e9sent\u00e9s dans des bo\u00eetes [&hellip;]<\/p>\n","protected":false},"featured_media":49727,"comment_status":"open","ping_status":"closed","template":"","meta":{"_acf_changed":false},"product_brand":[],"product_cat":[5318,5359,5344,4761],"product_tag":[],"class_list":{"0":"post-50701","1":"product","2":"type-product","3":"status-publish","4":"has-post-thumbnail","6":"product_cat-astonishing-nails-fr","7":"product_cat-astonishing-nails-essentials-fr","8":"product_cat-astonishing-nails-gelosophy-fr","9":"product_cat-pose-ongles","11":"first","12":"instock","13":"taxable","14":"shipping-taxable","15":"product-type-simple"},"acf":[],"_links":{"self":[{"href":"https:\/\/sundar.be\/fr\/wp-json\/wp\/v2\/product\/50701","targetHints":{"allow":["GET"]}}],"collection":[{"href":"https:\/\/sundar.be\/fr\/wp-json\/wp\/v2\/product"}],"about":[{"href":"https:\/\/sundar.be\/fr\/wp-json\/wp\/v2\/types\/product"}],"replies":[{"embeddable":true,"href":"https:\/\/sundar.be\/fr\/wp-json\/wp\/v2\/comments?post=50701"}],"wp:featuredmedia":[{"embeddable":true,"href":"https:\/\/sundar.be\/fr\/wp-json\/wp\/v2\/media\/49727"}],"wp:attachment":[{"href":"https:\/\/sundar.be\/fr\/wp-json\/wp\/v2\/media?parent=50701"}],"wp:term":[{"taxonomy":"product_brand","embeddable":true,"href":"https:\/\/sundar.be\/fr\/wp-json\/wp\/v2\/product_brand?post=50701"},{"taxonomy":"product_cat","embeddable":true,"href":"https:\/\/sundar.be\/fr\/wp-json\/wp\/v2\/product_cat?post=50701"},{"taxonomy":"product_tag","embeddable":true,"href":"https:\/\/sundar.be\/fr\/wp-json\/wp\/v2\/product_tag?post=50701"}],"curies":[{"name":"wp","href":"https:\/\/api.w.org\/{rel}","templated":true}]}}