{"id":50686,"date":"2025-05-08T19:35:11","date_gmt":"2025-05-08T17:35:11","guid":{"rendered":"https:\/\/sundar.be\/product\/astonishing-gelosophy-soak-off-stretch-base-7ml\/"},"modified":"2025-08-04T11:37:23","modified_gmt":"2025-08-04T09:37:23","slug":"astonishing-gelosophy-soak-off-stretch-base-7ml","status":"publish","type":"product","link":"https:\/\/sundar.be\/fr\/produit\/astonishing-gelosophy-soak-off-stretch-base-7ml\/","title":{"rendered":"Astonishing Gelosophy Soak Off Stretch Base, 7ml"},"content":{"rendered":"<p>Gelosophy Soak Off Stretch Base compl\u00e8te votre manucure Gelosophy ! Cette base soak off lisse la surface de l\u2019ongle, dissimule les imperfections et comble les stries, cr\u00e9ant ainsi une surface uniforme et r\u00e9guli\u00e8re.  Elle ne renforce pas seulement les ongles, mais permet \u00e9galement aux ongles naturels de pousser sans se fendre. Elle cr\u00e9e une base id\u00e9ale pour une application facile et parfaite du vernis gel. Un v\u00e9ritable indispensable lors d\u2019un traitement Gelosophy.  <\/p>\n","protected":false},"excerpt":{"rendered":"<p>Gelosophy Soak Off Stretch Base compl\u00e8te votre manucure Gelosophy ! Cette base soak off lisse la surface de l\u2019ongle, dissimule les imperfections et comble les stries, cr\u00e9ant ainsi une surface uniforme et r\u00e9guli\u00e8re. <\/p>\n","protected":false},"featured_media":49766,"comment_status":"open","ping_status":"closed","template":"","meta":{"_acf_changed":false},"product_brand":[],"product_cat":[5318,5359,5344,4761],"product_tag":[],"class_list":{"0":"post-50686","1":"product","2":"type-product","3":"status-publish","4":"has-post-thumbnail","6":"product_cat-astonishing-nails-fr","7":"product_cat-astonishing-nails-essentials-fr","8":"product_cat-astonishing-nails-gelosophy-fr","9":"product_cat-pose-ongles","10":"pa_kleur-antique","11":"pa_kleur-classy","12":"pa_kleur-crystal","13":"pa_kleur-enchanted","14":"pa_kleur-peony","15":"pa_kleur-royal","17":"first","18":"instock","19":"taxable","20":"shipping-taxable","21":"product-type-variable"},"acf":[],"_links":{"self":[{"href":"https:\/\/sundar.be\/fr\/wp-json\/wp\/v2\/product\/50686","targetHints":{"allow":["GET"]}}],"collection":[{"href":"https:\/\/sundar.be\/fr\/wp-json\/wp\/v2\/product"}],"about":[{"href":"https:\/\/sundar.be\/fr\/wp-json\/wp\/v2\/types\/product"}],"replies":[{"embeddable":true,"href":"https:\/\/sundar.be\/fr\/wp-json\/wp\/v2\/comments?post=50686"}],"wp:featuredmedia":[{"embeddable":true,"href":"https:\/\/sundar.be\/fr\/wp-json\/wp\/v2\/media\/49766"}],"wp:attachment":[{"href":"https:\/\/sundar.be\/fr\/wp-json\/wp\/v2\/media?parent=50686"}],"wp:term":[{"taxonomy":"product_brand","embeddable":true,"href":"https:\/\/sundar.be\/fr\/wp-json\/wp\/v2\/product_brand?post=50686"},{"taxonomy":"product_cat","embeddable":true,"href":"https:\/\/sundar.be\/fr\/wp-json\/wp\/v2\/product_cat?post=50686"},{"taxonomy":"product_tag","embeddable":true,"href":"https:\/\/sundar.be\/fr\/wp-json\/wp\/v2\/product_tag?post=50686"}],"curies":[{"name":"wp","href":"https:\/\/api.w.org\/{rel}","templated":true}]}}