{"id":50684,"date":"2025-05-08T19:38:51","date_gmt":"2025-05-08T17:38:51","guid":{"rendered":"https:\/\/sundar.be\/product\/astonishing-gelosophy-soak-off-no-cleanse-brilliant-top-15ml\/"},"modified":"2025-08-04T11:37:26","modified_gmt":"2025-08-04T09:37:26","slug":"astonishing-gelosophy-soak-off-no-cleanse-brilliant-top-15ml","status":"publish","type":"product","link":"https:\/\/sundar.be\/fr\/produit\/astonishing-gelosophy-soak-off-no-cleanse-brilliant-top-15ml\/","title":{"rendered":"Astonishing Gelosophy Soak Off No-Cleanse Brilliant Top, 15ml"},"content":{"rendered":"<p>Astonishing Soak Off No-Cleanse Brilliant Top offre une brillance \u00e9clatante \u00e0 toutes les applications ! C\u2019est une top gel flexible et soak off, compatible avec le syst\u00e8me acrylique Astonishing, le syst\u00e8me gel, ainsi que Gelosophy. Elle dure facilement de 3 \u00e0 4 semaines.  <\/p>\n","protected":false},"excerpt":{"rendered":"<p>Astonishing Soak Off No-Cleanse Brilliant Top apporte une brillance \u00e9clatante \u00e0 toutes les applications !<\/p>\n","protected":false},"featured_media":49775,"comment_status":"open","ping_status":"closed","template":"","meta":{"_acf_changed":false},"product_brand":[],"product_cat":[5318,5359,5344,4761],"product_tag":[],"class_list":{"0":"post-50684","1":"product","2":"type-product","3":"status-publish","4":"has-post-thumbnail","6":"product_cat-astonishing-nails-fr","7":"product_cat-astonishing-nails-essentials-fr","8":"product_cat-astonishing-nails-gelosophy-fr","9":"product_cat-pose-ongles","11":"first","12":"instock","13":"taxable","14":"shipping-taxable","15":"product-type-simple"},"acf":[],"_links":{"self":[{"href":"https:\/\/sundar.be\/fr\/wp-json\/wp\/v2\/product\/50684","targetHints":{"allow":["GET"]}}],"collection":[{"href":"https:\/\/sundar.be\/fr\/wp-json\/wp\/v2\/product"}],"about":[{"href":"https:\/\/sundar.be\/fr\/wp-json\/wp\/v2\/types\/product"}],"replies":[{"embeddable":true,"href":"https:\/\/sundar.be\/fr\/wp-json\/wp\/v2\/comments?post=50684"}],"wp:featuredmedia":[{"embeddable":true,"href":"https:\/\/sundar.be\/fr\/wp-json\/wp\/v2\/media\/49775"}],"wp:attachment":[{"href":"https:\/\/sundar.be\/fr\/wp-json\/wp\/v2\/media?parent=50684"}],"wp:term":[{"taxonomy":"product_brand","embeddable":true,"href":"https:\/\/sundar.be\/fr\/wp-json\/wp\/v2\/product_brand?post=50684"},{"taxonomy":"product_cat","embeddable":true,"href":"https:\/\/sundar.be\/fr\/wp-json\/wp\/v2\/product_cat?post=50684"},{"taxonomy":"product_tag","embeddable":true,"href":"https:\/\/sundar.be\/fr\/wp-json\/wp\/v2\/product_tag?post=50684"}],"curies":[{"name":"wp","href":"https:\/\/api.w.org\/{rel}","templated":true}]}}