{"id":50338,"date":"2025-05-09T09:16:44","date_gmt":"2025-05-09T07:16:44","guid":{"rendered":"https:\/\/sundar.be\/product\/astonishing-gelosophy-15ml\/"},"modified":"2025-08-04T11:37:33","modified_gmt":"2025-08-04T09:37:33","slug":"astonishing-gelosophy-15ml","status":"publish","type":"product","link":"https:\/\/sundar.be\/fr\/produit\/astonishing-gelosophy-15ml\/","title":{"rendered":"Astonishing Gelosophy, 15ml"},"content":{"rendered":"<p>Gelosophy est un vernis gel UV\/LED soak off sp\u00e9cialement formul\u00e9 et prot\u00e9g\u00e9 par des droits de propri\u00e9t\u00e9. Gelosophy est un vernis gel UV non soluble. Il offre au professionnel de l\u2019onglerie un service principal ou compl\u00e9mentaire.   Gelosophy propose une palette primaire de 120 couleurs orient\u00e9es vers la mode et quatre collections limit\u00e9es saisonni\u00e8res chaque ann\u00e9e. Gelosophy a une viscosit\u00e9 parfaite et s&rsquo;applique facilement en fines couches, r\u00e9duisant ainsi l&rsquo;exc\u00e8s de volume.<\/p>\n","protected":false},"excerpt":{"rendered":"<p>Gelosophy est un vernis gel UV\/LED soak off sp\u00e9cialement formul\u00e9 et prot\u00e9g\u00e9 par des droits de propri\u00e9t\u00e9. Gelosophy est un vernis gel UV non soluble. Il offre au professionnel de l\u2019onglerie un service principal ou compl\u00e9mentaire.  <\/p>\n","protected":false},"featured_media":50327,"comment_status":"open","ping_status":"closed","template":"","meta":{"_acf_changed":false},"product_brand":[],"product_cat":[5318,5360,5344,4761],"product_tag":[],"class_list":{"0":"post-50338","1":"product","2":"type-product","3":"status-publish","4":"has-post-thumbnail","6":"product_cat-astonishing-nails-fr","7":"product_cat-astonishing-nails-couleurs","8":"product_cat-astonishing-nails-gelosophy-fr","9":"product_cat-pose-ongles","10":"pa_kleur-001-amsterdam-rood","11":"pa_kleur-002-big-city-life","12":"pa_kleur-003-red","13":"pa_kleur-004-marilyn","14":"pa_kleur-005-ruby-sun","15":"pa_kleur-006-transylvania","16":"pa_kleur-007-nyc","17":"pa_kleur-008-posh","18":"pa_kleur-009-cocktail-party","19":"pa_kleur-010-the-cedars","20":"pa_kleur-011-wisdom","21":"pa_kleur-012-barbie","22":"pa_kleur-013-flamingo","23":"pa_kleur-014-gold-coast-bikini","24":"pa_kleur-015-doll-house","25":"pa_kleur-016-off-the-top","26":"pa_kleur-017-schick","27":"pa_kleur-018-waratah","28":"pa_kleur-019-in-between","29":"pa_kleur-020-orange-sun","30":"pa_kleur-021-hoi-an","31":"pa_kleur-022-ib","32":"pa_kleur-023-bababeige","33":"pa_kleur-024-midas-touch","34":"pa_kleur-025-the-roaring-20s","35":"pa_kleur-026-scultping-clay","36":"pa_kleur-027-lavish","37":"pa_kleur-028-stucco","38":"pa_kleur-029-dsb","39":"pa_kleur-030-runaway-grape","40":"pa_kleur-031-jaws","41":"pa_kleur-032-artic-ice","42":"pa_kleur-033-slate","43":"pa_kleur-034-smoky-eyes","44":"pa_kleur-035-wet-cement","45":"pa_kleur-036-army-green","46":"pa_kleur-037-florid-finch","47":"pa_kleur-038-plum-outta-luck","48":"pa_kleur-039-moskau-mist","49":"pa_kleur-040-amethyst","50":"pa_kleur-041-merlot","51":"pa_kleur-042-flac","52":"pa_kleur-043-south-beach","53":"pa_kleur-044-the-cape","54":"pa_kleur-045-midnight","55":"pa_kleur-046-starry-nite","56":"pa_kleur-047-100-david","57":"pa_kleur-048-flic","58":"pa_kleur-049-salon-success","59":"pa_kleur-050-simply-sheer","60":"pa_kleur-051-cinderellas-gown","61":"pa_kleur-052-opaque","62":"pa_kleur-053-spring-orchid","63":"pa_kleur-054-morning-horizon","64":"pa_kleur-055-intoxicating","65":"pa_kleur-056-vegas-lights","66":"pa_kleur-057-blurple","67":"pa_kleur-058-shibuya","68":"pa_kleur-059-electric-lila","69":"pa_kleur-060-purple-rain","70":"pa_kleur-061-merry","71":"pa_kleur-062-christmas","72":"pa_kleur-063-krystal","73":"pa_kleur-064-blau-shimmer","74":"pa_kleur-065-c-thru","75":"pa_kleur-066-dusty-rose","76":"pa_kleur-067-ballet-pointe","77":"pa_kleur-068-tarnished","78":"pa_kleur-069-i-o-n","79":"pa_kleur-070-pine","80":"pa_kleur-071-momento","81":"pa_kleur-072-10-speed","82":"pa_kleur-073-fall-aspen","83":"pa_kleur-074-the-70s","84":"pa_kleur-075-clubbin","85":"pa_kleur-076-baaaammm","86":"pa_kleur-077-dejaa-vu","87":"pa_kleur-078-bricks","88":"pa_kleur-079-iceland-night","89":"pa_kleur-080-illumination","90":"pa_kleur-081-cappuccino","91":"pa_kleur-082-scorched","92":"pa_kleur-083-blink","93":"pa_kleur-084-shaved-ice","94":"pa_kleur-085-tickled-pink","95":"pa_kleur-086-snow-drift","96":"pa_kleur-087-number-87","97":"pa_kleur-088-cream-pink","98":"pa_kleur-089-teddy","99":"pa_kleur-090-strands-of-silk","100":"pa_kleur-091-butter","101":"pa_kleur-092-lemonade","102":"pa_kleur-093-soft-orange","103":"pa_kleur-094-peaches","104":"pa_kleur-095-manderine","105":"pa_kleur-096-pink-grapefruit","106":"pa_kleur-097-bounce","107":"pa_kleur-098-red-sparkler","108":"pa_kleur-099-rose-petal","109":"pa_kleur-100-watermelon-w-sugar","110":"pa_kleur-101-cosmopolitan","111":"pa_kleur-102-gumball","112":"pa_kleur-103-joburg-storm","113":"pa_kleur-104-repu","114":"pa_kleur-105-subtle-sparkle","115":"pa_kleur-106-nude","116":"pa_kleur-107-frosted-flake","117":"pa_kleur-108-burlap","118":"pa_kleur-109-sterling","119":"pa_kleur-110-wilted-lavender","120":"pa_kleur-111-deep-blue-sea","121":"pa_kleur-112-denim","122":"pa_kleur-113-stone-washed","123":"pa_kleur-114-mazerine-blue","124":"pa_kleur-114-poolside","125":"pa_kleur-115-caribbean","126":"pa_kleur-116-spearmint","127":"pa_kleur-117-turquoise-green","128":"pa_kleur-118-iced-lime","129":"pa_kleur-119-the-619","130":"pa_kleur-120-black-n-blue","131":"pa_kleur-121-milky-way","132":"pa_kleur-122-fierce-peacock","133":"pa_kleur-123-flower-bomb-2","134":"pa_kleur-124-red-dots","135":"pa_kleur-125-pink-drums","136":"pa_kleur-126-eclectic-lights","137":"pa_kleur-126-electric-lights","138":"pa_kleur-127-mojito","139":"pa_kleur-128-lavender-fizz","140":"pa_kleur-129-kir-royal","141":"pa_kleur-130-bellini","142":"pa_kleur-131-blue-lagoon","143":"pa_kleur-132-dark-belgian","144":"pa_kleur-133-chocolate-chips","145":"pa_kleur-134-truffle","146":"pa_kleur-135-caramilk","147":"pa_kleur-136-bubbly","148":"pa_kleur-137-ashtons-ballet","149":"pa_kleur-138-black-tulip","150":"pa_kleur-139-poinsettia","151":"pa_kleur-140-violins","152":"pa_kleur-141-blue-giant","153":"pa_kleur-142-lagrias","154":"pa_kleur-143-his-imperial-majesty","155":"pa_kleur-144-mazarine-blue","156":"pa_kleur-145-rosy-maple-neon","157":"pa_kleur-146-blood-red-glider","158":"pa_kleur-147-lana","159":"pa_kleur-148-adrina","160":"pa_kleur-149-kailani","161":"pa_kleur-150-sereia","162":"pa_kleur-151-maisie","163":"pa_kleur-152-millesimato","164":"pa_kleur-153-tartalette-ganache","165":"pa_kleur-154-cream-scones","166":"pa_kleur-155-earl-grey","167":"pa_kleur-156-peach-puff","168":"pa_kleur-157-apophyllite","169":"pa_kleur-158-pyrite","170":"pa_kleur-159-moonstone","171":"pa_kleur-160-celestine","172":"pa_kleur-161-dewdrop-serenade","173":"pa_kleur-161-jasper","174":"pa_kleur-162-dewdrop-serenade","175":"pa_kleur-163-lavender-rhapsody","176":"pa_kleur-164-fresh-mint-melody","177":"pa_kleur-165-revitalizing-rose","178":"pa_kleur-166-blossom-breeze","179":"pa_kleur-167-metro-murals","180":"pa_kleur-168-pavement-pop","181":"pa_kleur-169-cap-off-green","182":"pa_kleur-170-neon-city-strokes","183":"pa_kleur-171-spray-play","184":"pa_kleur-172-evergreen","185":"pa_kleur-173-rustic-charm","186":"pa_kleur-174-autumn-majesty","187":"pa_kleur-175-ethereal-blush","188":"pa_kleur-176-bewitched-blaze","189":"pa_kleur-177-eternal-bond","190":"pa_kleur-178-chain-of-ellegance","191":"pa_kleur-179-timeless-in-luxe","192":"pa_kleur-180-ornate-brooch","193":"pa_kleur-181-sparkling-shackle","194":"pa_kleur-182-yozakura-ellegance","195":"pa_kleur-183-hanami-no-sora","196":"pa_kleur-184-sakura-biyori","197":"pa_kleur-185-hinode-no-niji","199":"first","200":"instock","201":"taxable","202":"shipping-taxable","203":"product-type-variable"},"acf":[],"_links":{"self":[{"href":"https:\/\/sundar.be\/fr\/wp-json\/wp\/v2\/product\/50338","targetHints":{"allow":["GET"]}}],"collection":[{"href":"https:\/\/sundar.be\/fr\/wp-json\/wp\/v2\/product"}],"about":[{"href":"https:\/\/sundar.be\/fr\/wp-json\/wp\/v2\/types\/product"}],"replies":[{"embeddable":true,"href":"https:\/\/sundar.be\/fr\/wp-json\/wp\/v2\/comments?post=50338"}],"wp:featuredmedia":[{"embeddable":true,"href":"https:\/\/sundar.be\/fr\/wp-json\/wp\/v2\/media\/50327"}],"wp:attachment":[{"href":"https:\/\/sundar.be\/fr\/wp-json\/wp\/v2\/media?parent=50338"}],"wp:term":[{"taxonomy":"product_brand","embeddable":true,"href":"https:\/\/sundar.be\/fr\/wp-json\/wp\/v2\/product_brand?post=50338"},{"taxonomy":"product_cat","embeddable":true,"href":"https:\/\/sundar.be\/fr\/wp-json\/wp\/v2\/product_cat?post=50338"},{"taxonomy":"product_tag","embeddable":true,"href":"https:\/\/sundar.be\/fr\/wp-json\/wp\/v2\/product_tag?post=50338"}],"curies":[{"name":"wp","href":"https:\/\/api.w.org\/{rel}","templated":true}]}}