{"id":49318,"date":"2025-05-08T08:14:44","date_gmt":"2025-05-08T06:14:44","guid":{"rendered":"https:\/\/sundar.be\/?post_type=product&#038;p=49318"},"modified":"2025-11-30T11:22:38","modified_gmt":"2025-11-30T10:22:38","slug":"camillen-60-creme-mains-plus","status":"publish","type":"product","link":"https:\/\/sundar.be\/fr\/produit\/camillen-60-creme-mains-plus\/","title":{"rendered":"Camillen 60 Cr\u00e8me Mains Plus"},"content":{"rendered":"<p><span style=\"color: #557e96;\"><strong>Camillen 60 Hand Cream Plus <\/strong><\/span>est une cr\u00e8me pour les mains intens\u00e9ment nourrissante qui hydrate, adoucit et prot\u00e8ge durablement la peau. Sa formule associe l\u2019ur\u00e9e, des huiles naturelles et des extraits apaisants pour redonner douceur, souplesse et confort aux mains s\u00e8ches, rugueuses ou sensibles. Elle p\u00e9n\u00e8tre rapidement sans laisser de film gras et cr\u00e9e une barri\u00e8re protectrice qui renforce la peau et aide \u00e0 retenir l\u2019hydratation \u2014 id\u00e9ale en cas de lavages fr\u00e9quents ou d\u2019exposition au froid et aux agressions quotidiennes.  <\/p>\n","protected":false},"excerpt":{"rendered":"<p>Cette cr\u00e8me hydrate en profondeur et apaise imm\u00e9diatement les mains s\u00e8ches et irrit\u00e9es. Avec une utilisation r\u00e9guli\u00e8re, les mains deviennent visiblement plus lisses, souples et r\u00e9sistantes aux agressions quotidiennes. <\/p>\n","protected":false},"featured_media":49332,"comment_status":"open","ping_status":"closed","template":"","meta":{"_acf_changed":false},"product_brand":[],"product_cat":[4988,5605,4969,4972,4761,2772,5797],"product_tag":[],"class_list":{"0":"post-49318","1":"product","2":"type-product","3":"status-publish","4":"has-post-thumbnail","6":"product_cat-camillen-60-fr","7":"product_cat-camillen-60-soins-mains","8":"product_cat-cremes-lotions-mains","9":"product_cat-nos-marques","10":"product_cat-pose-ongles","11":"product_cat-manucure-soin-mains","12":"product_cat-soins-mains-marque","13":"pa_inhoud-100-ml-fr","14":"pa_inhoud-30-ml-fr","15":"pa_inhoud-30-ml-edition-de-noel","16":"pa_inhoud-500-ml-fr","18":"first","19":"instock","20":"taxable","21":"shipping-taxable","22":"product-type-variable"},"acf":[],"_links":{"self":[{"href":"https:\/\/sundar.be\/fr\/wp-json\/wp\/v2\/product\/49318","targetHints":{"allow":["GET"]}}],"collection":[{"href":"https:\/\/sundar.be\/fr\/wp-json\/wp\/v2\/product"}],"about":[{"href":"https:\/\/sundar.be\/fr\/wp-json\/wp\/v2\/types\/product"}],"replies":[{"embeddable":true,"href":"https:\/\/sundar.be\/fr\/wp-json\/wp\/v2\/comments?post=49318"}],"wp:featuredmedia":[{"embeddable":true,"href":"https:\/\/sundar.be\/fr\/wp-json\/wp\/v2\/media\/49332"}],"wp:attachment":[{"href":"https:\/\/sundar.be\/fr\/wp-json\/wp\/v2\/media?parent=49318"}],"wp:term":[{"taxonomy":"product_brand","embeddable":true,"href":"https:\/\/sundar.be\/fr\/wp-json\/wp\/v2\/product_brand?post=49318"},{"taxonomy":"product_cat","embeddable":true,"href":"https:\/\/sundar.be\/fr\/wp-json\/wp\/v2\/product_cat?post=49318"},{"taxonomy":"product_tag","embeddable":true,"href":"https:\/\/sundar.be\/fr\/wp-json\/wp\/v2\/product_tag?post=49318"}],"curies":[{"name":"wp","href":"https:\/\/api.w.org\/{rel}","templated":true}]}}