{"id":49177,"date":"2025-05-02T10:00:32","date_gmt":"2025-05-02T08:00:32","guid":{"rendered":"https:\/\/sundar.be\/product\/bora-bora-hand-nail-butter-30-ml\/"},"modified":"2025-12-18T08:39:13","modified_gmt":"2025-12-18T07:39:13","slug":"bora-bora-hand-nail-butter-30-ml","status":"publish","type":"product","link":"https:\/\/sundar.be\/fr\/produit\/bora-bora-hand-nail-butter-30-ml\/","title":{"rendered":"LCN Bora Bora Hand &amp; Nail Butter, 30 ml"},"content":{"rendered":"<p class=\"\" data-start=\"54\" data-end=\"533\">Chouchoutez vos mains avec le luxe soyeux du <span style=\"color: #557e96;\"><strong>Bora Bora Hand &amp; Nail Butter<\/strong><\/span> \u2013 un beurre intens\u00e9ment nourrissant qui prend soin des mains s\u00e8ches et fatigu\u00e9es ainsi que des ongles fragiles, en les restaurant en profondeur. Cette formule riche, inspir\u00e9e par la splendeur tropicale de Bora Bora, combine de puissants beurres v\u00e9g\u00e9taux, huiles et extraits de fruits pour adoucir la peau, nourrir les cuticules et renforcer les ongles. Un soin bienfaisant dans une texture compacte et luxueuse.<\/p>\n<p>  <\/p>\n","protected":false},"excerpt":{"rendered":"<p>Le <span style=\"color: #557e96;\"><strong>Bora Bora Hand &amp; Nail Butter<\/strong><\/span> est un beurre de soin intensif qui hydrate, prot\u00e8ge et r\u00e9pare les mains et les ongles. Gr\u00e2ce aux beurres nourrissants, aux huiles et aux extraits de fruits, vos mains retrouvent douceur, souplesse et un aspect visiblement soign\u00e9 \u2013 avec une touche de paradis tropical. <\/p>\n","protected":false},"featured_media":49176,"comment_status":"open","ping_status":"closed","template":"","meta":{"_acf_changed":false},"product_brand":[],"product_cat":[4969,1442,5079,4936,4761,1477,1440,2772,5077,1467,4907,5058],"product_tag":[],"class_list":{"0":"post-49177","1":"product","2":"type-product","3":"status-publish","4":"has-post-thumbnail","6":"product_cat-cremes-lotions-mains","7":"product_cat-cremes-pour-les-mains","8":"product_cat-creme-ongles","9":"product_cat-lcn-fr","10":"product_cat-pose-ongles","11":"product_cat-lcn-soins-ongles-regeneration","12":"product_cat-lcn-soin-de-mains","13":"product_cat-manucure-soin-mains","14":"product_cat-manucure-soin-des-ongles","15":"product_cat-lcn-soin-des-ongles","16":"product_cat-soins","17":"product_cat-webshop-fr","19":"first","20":"instock","21":"taxable","22":"shipping-taxable","23":"product-type-simple"},"acf":[],"_links":{"self":[{"href":"https:\/\/sundar.be\/fr\/wp-json\/wp\/v2\/product\/49177","targetHints":{"allow":["GET"]}}],"collection":[{"href":"https:\/\/sundar.be\/fr\/wp-json\/wp\/v2\/product"}],"about":[{"href":"https:\/\/sundar.be\/fr\/wp-json\/wp\/v2\/types\/product"}],"replies":[{"embeddable":true,"href":"https:\/\/sundar.be\/fr\/wp-json\/wp\/v2\/comments?post=49177"}],"wp:featuredmedia":[{"embeddable":true,"href":"https:\/\/sundar.be\/fr\/wp-json\/wp\/v2\/media\/49176"}],"wp:attachment":[{"href":"https:\/\/sundar.be\/fr\/wp-json\/wp\/v2\/media?parent=49177"}],"wp:term":[{"taxonomy":"product_brand","embeddable":true,"href":"https:\/\/sundar.be\/fr\/wp-json\/wp\/v2\/product_brand?post=49177"},{"taxonomy":"product_cat","embeddable":true,"href":"https:\/\/sundar.be\/fr\/wp-json\/wp\/v2\/product_cat?post=49177"},{"taxonomy":"product_tag","embeddable":true,"href":"https:\/\/sundar.be\/fr\/wp-json\/wp\/v2\/product_tag?post=49177"}],"curies":[{"name":"wp","href":"https:\/\/api.w.org\/{rel}","templated":true}]}}