{"id":49173,"date":"2025-05-02T09:52:38","date_gmt":"2025-05-02T07:52:38","guid":{"rendered":"https:\/\/sundar.be\/product\/bora-bora-all-over-treasure-cream-75-ml\/"},"modified":"2025-12-18T08:39:39","modified_gmt":"2025-12-18T07:39:39","slug":"bora-bora-all-over-treasure-cream-75-ml","status":"publish","type":"product","link":"https:\/\/sundar.be\/fr\/produit\/bora-bora-all-over-treasure-cream-75-ml\/","title":{"rendered":"LCN Bora Bora All Over Treasure Cream, 75 ml"},"content":{"rendered":"<p>Plongez dans un moment de luxe tropical avec la <strong><g id=\"gid_1\">Bora Bora All Over Treasure Cream<\/g><\/strong> \u2013 une cr\u00e8me corporelle riche et nourrissante qui enveloppe la peau de la t\u00eate aux pieds. Inspir\u00e9e par la nature luxuriante de Bora Bora, cette cr\u00e8me associe des extraits botaniques puissants \u00e0 des huiles bienfaisantes et des agents hydratants pour une peau douce, souple et \u00e9clatante. Sa texture onctueuse fond sur la peau en laissant un voile parfum\u00e9 aux notes exotiques.  <\/p>\n","protected":false},"excerpt":{"rendered":"<p>La <span style=\"color: #557e96;\"><strong>Bora Bora All Over Treasure Cream<\/strong><\/span> est une cr\u00e8me corporelle nourrissante et hydratante, enrichie en extraits naturels et en huiles tropicales. Elle r\u00e9g\u00e9n\u00e8re et adoucit la peau tout en diffusant un parfum paradisiaque. Pour une peau lisse, lumineuse et sublim\u00e9e \u2013 jour apr\u00e8s jour.  <\/p>\n","protected":false},"featured_media":49172,"comment_status":"open","ping_status":"closed","template":"","meta":{"_acf_changed":false},"product_brand":[],"product_cat":[4969,1442,4936,4761,1440,2772,4907,5058],"product_tag":[],"class_list":{"0":"post-49173","1":"product","2":"type-product","3":"status-publish","4":"has-post-thumbnail","6":"product_cat-cremes-lotions-mains","7":"product_cat-cremes-pour-les-mains","8":"product_cat-lcn-fr","9":"product_cat-pose-ongles","10":"product_cat-lcn-soin-de-mains","11":"product_cat-manucure-soin-mains","12":"product_cat-soins","13":"product_cat-webshop-fr","15":"first","16":"instock","17":"taxable","18":"shipping-taxable","19":"product-type-simple"},"acf":[],"_links":{"self":[{"href":"https:\/\/sundar.be\/fr\/wp-json\/wp\/v2\/product\/49173","targetHints":{"allow":["GET"]}}],"collection":[{"href":"https:\/\/sundar.be\/fr\/wp-json\/wp\/v2\/product"}],"about":[{"href":"https:\/\/sundar.be\/fr\/wp-json\/wp\/v2\/types\/product"}],"replies":[{"embeddable":true,"href":"https:\/\/sundar.be\/fr\/wp-json\/wp\/v2\/comments?post=49173"}],"wp:featuredmedia":[{"embeddable":true,"href":"https:\/\/sundar.be\/fr\/wp-json\/wp\/v2\/media\/49172"}],"wp:attachment":[{"href":"https:\/\/sundar.be\/fr\/wp-json\/wp\/v2\/media?parent=49173"}],"wp:term":[{"taxonomy":"product_brand","embeddable":true,"href":"https:\/\/sundar.be\/fr\/wp-json\/wp\/v2\/product_brand?post=49173"},{"taxonomy":"product_cat","embeddable":true,"href":"https:\/\/sundar.be\/fr\/wp-json\/wp\/v2\/product_cat?post=49173"},{"taxonomy":"product_tag","embeddable":true,"href":"https:\/\/sundar.be\/fr\/wp-json\/wp\/v2\/product_tag?post=49173"}],"curies":[{"name":"wp","href":"https:\/\/api.w.org\/{rel}","templated":true}]}}