{"id":49151,"date":"2025-04-30T09:04:13","date_gmt":"2025-04-30T07:04:13","guid":{"rendered":"https:\/\/sundar.be\/product\/elixir-metamorphose-ultimate-glow-eye-pads\/"},"modified":"2025-12-08T08:35:54","modified_gmt":"2025-12-08T07:35:54","slug":"elixir-metamorphose-ultimate-glow-eye-pads","status":"publish","type":"product","link":"https:\/\/sundar.be\/fr\/produit\/elixir-metamorphose-ultimate-glow-eye-pads\/","title":{"rendered":"Monteil \u00c9LIXIR M\u00c9TAMORPHOSE Ultimate Glow Eye Pads"},"content":{"rendered":"<p>Les <span style=\"color: #557e96;\"><strong>\u00c9LIXIR M\u00c9TAMORPHOSE Ultimate Glow Eye Pads<\/strong><\/span> sont des masques pour les yeux luxueux et hydratants qui prennent soin intensivement de la peau d\u00e9licate du contour des yeux. Ils sont impr\u00e9gn\u00e9s d\u2019un puissant m\u00e9lange d\u2019antioxydants, d\u2019extraits botaniques, de c\u00e9ramides et de plusieurs formes d\u2019acide hyaluronique, sp\u00e9cialement formul\u00e9 pour r\u00e9duire visiblement les signes de fatigue, les ridules de d\u00e9shydratation et le teint terne.<\/p>\n","protected":false},"excerpt":{"rendered":"<p>Les <span style=\"color: #557e96;\"><strong>\u00c9LIXIR M\u00c9TAMORPHOSE Ultimate Glow Eye Pads<\/strong><\/span> sont des masques pour les yeux intens\u00e9ment hydratants et r\u00e9parateurs qui illuminent et raffermissent la peau du contour des yeux. Avec une formule riche en acide hyaluronique, vitamines, extraits de plantes et c\u00e9ramides, ils r\u00e9duisent visiblement les signes de fatigue. Id\u00e9al pour un regard frais et jeune en seulement quelques minutes.<\/p>\n","protected":false},"featured_media":49150,"comment_status":"open","ping_status":"closed","template":"","meta":{"_acf_changed":false},"product_brand":[],"product_cat":[4767,2701,5255,2683,5253,4920],"product_tag":[],"class_list":{"0":"post-49151","1":"product","2":"type-product","3":"status-publish","4":"has-post-thumbnail","6":"product_cat-beaute","7":"product_cat-elixir-metamorphose-fr","8":"product_cat-masques-des-yeux","9":"product_cat-monteil-fr","10":"product_cat-soin-des-yeux","11":"product_cat-beaute-soins-du-visage","12":"pa_inhoud-cabine-10-x-3-ml-fr","13":"pa_inhoud-vente-6-x-3-ml","15":"first","16":"instock","17":"taxable","18":"shipping-taxable","19":"product-type-variable"},"acf":[],"_links":{"self":[{"href":"https:\/\/sundar.be\/fr\/wp-json\/wp\/v2\/product\/49151","targetHints":{"allow":["GET"]}}],"collection":[{"href":"https:\/\/sundar.be\/fr\/wp-json\/wp\/v2\/product"}],"about":[{"href":"https:\/\/sundar.be\/fr\/wp-json\/wp\/v2\/types\/product"}],"replies":[{"embeddable":true,"href":"https:\/\/sundar.be\/fr\/wp-json\/wp\/v2\/comments?post=49151"}],"wp:featuredmedia":[{"embeddable":true,"href":"https:\/\/sundar.be\/fr\/wp-json\/wp\/v2\/media\/49150"}],"wp:attachment":[{"href":"https:\/\/sundar.be\/fr\/wp-json\/wp\/v2\/media?parent=49151"}],"wp:term":[{"taxonomy":"product_brand","embeddable":true,"href":"https:\/\/sundar.be\/fr\/wp-json\/wp\/v2\/product_brand?post=49151"},{"taxonomy":"product_cat","embeddable":true,"href":"https:\/\/sundar.be\/fr\/wp-json\/wp\/v2\/product_cat?post=49151"},{"taxonomy":"product_tag","embeddable":true,"href":"https:\/\/sundar.be\/fr\/wp-json\/wp\/v2\/product_tag?post=49151"}],"curies":[{"name":"wp","href":"https:\/\/api.w.org\/{rel}","templated":true}]}}