{"id":49143,"date":"2025-04-30T08:53:26","date_gmt":"2025-04-30T06:53:26","guid":{"rendered":"https:\/\/sundar.be\/product\/solutions-face-lift-ampoule\/"},"modified":"2025-12-08T08:39:42","modified_gmt":"2025-12-08T07:39:42","slug":"solutions-face-lift-ampoule","status":"publish","type":"product","link":"https:\/\/sundar.be\/fr\/produit\/solutions-face-lift-ampoule\/","title":{"rendered":"Monteil SOLUTIONS Face Lift Ampoule"},"content":{"rendered":"<p>La <span style=\"color: #557e96;\"><strong>SOLUTIONS Face Lift Ampoule<\/strong><\/span> est un s\u00e9rum hautement concentr\u00e9, sp\u00e9cialement formul\u00e9 pour raffermir visiblement la peau, att\u00e9nuer les ridules et am\u00e9liorer la texture cutan\u00e9e globale. Cette formule puissante combine des peptides avanc\u00e9s et des ingr\u00e9dients hydratants pour lifter et revitaliser la peau.<\/p>\n","protected":false},"excerpt":{"rendered":"<p>La <span style=\"color: #557e96;\"><strong>SOLUTIONS Face Lift Ampoule<\/strong><\/span> est un s\u00e9rum hautement concentr\u00e9, sp\u00e9cialement formul\u00e9 pour raffermir visiblement la peau, att\u00e9nuer les ridules et am\u00e9liorer la texture cutan\u00e9e globale.<\/p>\n","protected":false},"featured_media":49142,"comment_status":"open","ping_status":"closed","template":"","meta":{"_acf_changed":false},"product_brand":[],"product_cat":[2683,2703,2969],"product_tag":[],"class_list":{"0":"post-49143","1":"product","2":"type-product","3":"status-publish","4":"has-post-thumbnail","6":"product_cat-monteil-fr","7":"product_cat-solutions-fr","8":"product_cat-monteil-solutions-ampoules-fr","9":"pa_inhoud-cabine-10-x-2ml","10":"pa_inhoud-vente-3x2ml","12":"first","13":"instock","14":"taxable","15":"shipping-taxable","16":"product-type-variable"},"acf":[],"_links":{"self":[{"href":"https:\/\/sundar.be\/fr\/wp-json\/wp\/v2\/product\/49143","targetHints":{"allow":["GET"]}}],"collection":[{"href":"https:\/\/sundar.be\/fr\/wp-json\/wp\/v2\/product"}],"about":[{"href":"https:\/\/sundar.be\/fr\/wp-json\/wp\/v2\/types\/product"}],"replies":[{"embeddable":true,"href":"https:\/\/sundar.be\/fr\/wp-json\/wp\/v2\/comments?post=49143"}],"wp:featuredmedia":[{"embeddable":true,"href":"https:\/\/sundar.be\/fr\/wp-json\/wp\/v2\/media\/49142"}],"wp:attachment":[{"href":"https:\/\/sundar.be\/fr\/wp-json\/wp\/v2\/media?parent=49143"}],"wp:term":[{"taxonomy":"product_brand","embeddable":true,"href":"https:\/\/sundar.be\/fr\/wp-json\/wp\/v2\/product_brand?post=49143"},{"taxonomy":"product_cat","embeddable":true,"href":"https:\/\/sundar.be\/fr\/wp-json\/wp\/v2\/product_cat?post=49143"},{"taxonomy":"product_tag","embeddable":true,"href":"https:\/\/sundar.be\/fr\/wp-json\/wp\/v2\/product_tag?post=49143"}],"curies":[{"name":"wp","href":"https:\/\/api.w.org\/{rel}","templated":true}]}}