{"id":48986,"date":"2025-05-02T07:00:25","date_gmt":"2025-05-02T05:00:25","guid":{"rendered":"https:\/\/sundar.be\/product\/pedi-polish-8ml-neon\/"},"modified":"2025-11-26T08:12:18","modified_gmt":"2025-11-26T07:12:18","slug":"pedi-polish-8ml-neon","status":"publish","type":"product","link":"https:\/\/sundar.be\/fr\/produit\/pedi-polish-8ml-neon\/","title":{"rendered":"LCN Pedi Polish, 8ml \u00ab\u00a0Neon\u00a0\u00bb"},"content":{"rendered":"<p>Le syst\u00e8me de vernis facile pour les podologues et les p\u00e9dicures esth\u00e9tiques, sp\u00e9cialement con\u00e7u pour les besoins polyvalents des ongles de pied. Super facile \u00e0 appliquer, brillance \u00e9clatante, reste en place jusqu&rsquo;\u00e0 4 semaines et s&rsquo;enl\u00e8ve facilement. Garantie de gel \u00e0 100 % !<\/p>\n<p><strong>6 nouvelles couleurs n\u00e9on : <\/strong><\/p>\n<ul>\n<li>NE1 neon papaya blaze<\/li>\n<li>NE2 neon grapefruit glow<\/li>\n<li>NE3 neon cosmic guava<\/li>\n<li>NE4 neon dragon punch<\/li>\n<li>NE5 neon grape crush<\/li>\n<li>NE6 neon blueberry flash<\/li>\n<\/ul>\n","protected":false},"excerpt":{"rendered":"<p>Le syst\u00e8me de vernis facile pour les podologues et les p\u00e9dicures esth\u00e9tiques, sp\u00e9cialement con\u00e7u pour les besoins polyvalents des ongles de pied. Maintenant en version n\u00e9on.<\/p>\n","protected":false},"featured_media":48985,"comment_status":"open","ping_status":"closed","template":"","meta":{"_acf_changed":false},"product_brand":[],"product_cat":[4936,2630,1427,4907],"product_tag":[],"class_list":{"0":"post-48986","1":"product","2":"type-product","3":"status-publish","4":"has-post-thumbnail","6":"product_cat-lcn-fr","7":"product_cat-pedi-polish-foot-care-fr","8":"product_cat-lcn-soin-de-pieds","9":"product_cat-soins","10":"pa_kleur-ne1-neon-papaya-blaze","11":"pa_kleur-ne2-neon-grapefruit-glow","12":"pa_kleur-ne3-neon-cosmic-guava","13":"pa_kleur-ne4-neon-dragon-punch","14":"pa_kleur-ne5-neon-grape-crush","15":"pa_kleur-ne6-neon-blueberry-flash","16":"pa_kleur-set-met-6-kleuren","18":"first","19":"instock","20":"taxable","21":"shipping-taxable","22":"product-type-variable"},"acf":[],"_links":{"self":[{"href":"https:\/\/sundar.be\/fr\/wp-json\/wp\/v2\/product\/48986","targetHints":{"allow":["GET"]}}],"collection":[{"href":"https:\/\/sundar.be\/fr\/wp-json\/wp\/v2\/product"}],"about":[{"href":"https:\/\/sundar.be\/fr\/wp-json\/wp\/v2\/types\/product"}],"replies":[{"embeddable":true,"href":"https:\/\/sundar.be\/fr\/wp-json\/wp\/v2\/comments?post=48986"}],"wp:featuredmedia":[{"embeddable":true,"href":"https:\/\/sundar.be\/fr\/wp-json\/wp\/v2\/media\/48985"}],"wp:attachment":[{"href":"https:\/\/sundar.be\/fr\/wp-json\/wp\/v2\/media?parent=48986"}],"wp:term":[{"taxonomy":"product_brand","embeddable":true,"href":"https:\/\/sundar.be\/fr\/wp-json\/wp\/v2\/product_brand?post=48986"},{"taxonomy":"product_cat","embeddable":true,"href":"https:\/\/sundar.be\/fr\/wp-json\/wp\/v2\/product_cat?post=48986"},{"taxonomy":"product_tag","embeddable":true,"href":"https:\/\/sundar.be\/fr\/wp-json\/wp\/v2\/product_tag?post=48986"}],"curies":[{"name":"wp","href":"https:\/\/api.w.org\/{rel}","templated":true}]}}