{"id":48956,"date":"2025-05-02T07:00:06","date_gmt":"2025-05-02T05:00:06","guid":{"rendered":"https:\/\/sundar.be\/product\/vernis-a-ongles-8ml-summer-bash\/"},"modified":"2025-12-18T14:36:37","modified_gmt":"2025-12-18T13:36:37","slug":"vernis-a-ongles-8ml-summer-bash","status":"publish","type":"product","link":"https:\/\/sundar.be\/fr\/produit\/vernis-a-ongles-8ml-summer-bash\/","title":{"rendered":"LCN Vernis \u00e0 Ongles, 8ml &#8211; En Solde"},"content":{"rendered":"<p>D\u00e9couvrez nos Vernis \u00e0 Ongles LCN \u00e0 un prix avantageux, jusqu\u2019\u00e0 \u00e9puisement des stocks.<\/p>\n","protected":false},"excerpt":{"rendered":"<p>D\u00e9couvrez nos Vernis \u00e0 Ongles LCN \u00e0 un prix avantageux.<\/p>\n","protected":false},"featured_media":57106,"comment_status":"open","ping_status":"closed","template":"","meta":{"_acf_changed":false},"product_brand":[],"product_cat":[4936,2498,4952,4957],"product_tag":[],"class_list":{"0":"post-48956","1":"product","2":"type-product","3":"status-publish","4":"has-post-thumbnail","6":"product_cat-lcn-fr","7":"product_cat-sale-fr","8":"product_cat-lcn-systemes-de-couleur","9":"product_cat-lcn-systemes-de-couleur-vernis-ongles","10":"pa_kleur-724-do-you-like-my-red-blossom","11":"pa_kleur-728-dragon-fruitylicious","12":"pa_kleur-772-free-amazon","13":"pa_kleur-775-the-dark-side-of-jade","14":"pa_kleur-776-colour-of-strength","15":"pa_kleur-777-joy-and-hope","16":"pa_kleur-778-cheer-up","17":"pa_kleur-779-positive-vibes","18":"pa_kleur-780-great-expectations","19":"pa_kleur-787-legendary-beige","20":"pa_kleur-789-antique-grey","21":"pa_kleur-790-chalky-taupe","22":"pa_kleur-793-dahlia","23":"pa_kleur-794-lily","24":"pa_kleur-795-rose","25":"pa_kleur-796-flora","26":"pa_kleur-809-glow-glow-glow","27":"pa_kleur-810-ice-ice-baby","28":"pa_kleur-811-northern-lights","29":"pa_kleur-814-arctica","30":"pa_kleur-815-rose-quartz","31":"pa_kleur-816-aquamarine","32":"pa_kleur-817-citrine","33":"pa_kleur-818-aventurine","34":"pa_kleur-819-amethyst","35":"pa_kleur-820-ruby","36":"pa_kleur-821-tropical-palms","37":"pa_kleur-822-sweet-watermelon","38":"pa_kleur-823-tropical-gourmand","39":"pa_kleur-825-tangerine-dream","40":"pa_kleur-830-pale-grey","41":"pa_kleur-833-cozy-silk","42":"pa_kleur-834-soft-kiss","43":"pa_kleur-835-pastel-dreams","44":"pa_kleur-836-feel-good","45":"pa_kleur-839-cupid","46":"pa_kleur-840-obsession","47":"pa_kleur-841-lovestruck","48":"pa_kleur-842-seduction","49":"pa_kleur-845-cabo","50":"pa_kleur-846-baja-california","51":"pa_kleur-852-one-planet","52":"pa_kleur-853-one-goal","53":"pa_kleur-854-one-love","54":"pa_kleur-855-one-family","55":"pa_kleur-856-one-future","56":"pa_kleur-857-rouge-rush","57":"pa_kleur-862-coeur","58":"pa_kleur-863-fuzzy","59":"pa_kleur-865-jelly","60":"pa_kleur-868-fluffy","61":"pa_kleur-869-coral-crush","62":"pa_kleur-870-tropical-glow","63":"pa_kleur-871-flamingo-fizz","64":"pa_kleur-872-berry-sangria","65":"pa_kleur-873-heatwave-hibiscus","66":"pa_kleur-874-blue-wave","67":"pa_kleur-nagellak-set-summer-bash","69":"first","70":"instock","71":"sale","72":"taxable","73":"shipping-taxable","74":"product-type-variable"},"acf":[],"_links":{"self":[{"href":"https:\/\/sundar.be\/fr\/wp-json\/wp\/v2\/product\/48956","targetHints":{"allow":["GET"]}}],"collection":[{"href":"https:\/\/sundar.be\/fr\/wp-json\/wp\/v2\/product"}],"about":[{"href":"https:\/\/sundar.be\/fr\/wp-json\/wp\/v2\/types\/product"}],"replies":[{"embeddable":true,"href":"https:\/\/sundar.be\/fr\/wp-json\/wp\/v2\/comments?post=48956"}],"wp:featuredmedia":[{"embeddable":true,"href":"https:\/\/sundar.be\/fr\/wp-json\/wp\/v2\/media\/57106"}],"wp:attachment":[{"href":"https:\/\/sundar.be\/fr\/wp-json\/wp\/v2\/media?parent=48956"}],"wp:term":[{"taxonomy":"product_brand","embeddable":true,"href":"https:\/\/sundar.be\/fr\/wp-json\/wp\/v2\/product_brand?post=48956"},{"taxonomy":"product_cat","embeddable":true,"href":"https:\/\/sundar.be\/fr\/wp-json\/wp\/v2\/product_cat?post=48956"},{"taxonomy":"product_tag","embeddable":true,"href":"https:\/\/sundar.be\/fr\/wp-json\/wp\/v2\/product_tag?post=48956"}],"curies":[{"name":"wp","href":"https:\/\/api.w.org\/{rel}","templated":true}]}}