{"id":48888,"date":"2025-04-03T09:41:51","date_gmt":"2025-04-03T07:41:51","guid":{"rendered":"https:\/\/sundar.be\/product\/gehwol-coussin-avant-pied-1-piece\/"},"modified":"2025-12-15T08:09:49","modified_gmt":"2025-12-15T07:09:49","slug":"gehwol-coussin-avant-pied-1-piece","status":"publish","type":"product","link":"https:\/\/sundar.be\/fr\/produit\/gehwol-coussin-avant-pied-1-piece\/","title":{"rendered":"Gehwol Coussin Avant-pied, 1 pi\u00e8ce"},"content":{"rendered":"<p><span style=\"color: #557e96;\"><strong>Gehwol Coussin Avant-pied<\/strong><\/span><\/p>\n<ul>\n<li>Coussin en gel polym\u00e8re doux, tr\u00e8s \u00e9lastique et respectueux de la peau<\/li>\n<li>Avec un rembourrage plus \u00e9pais au centre<\/li>\n<li>Prot\u00e8ge l\u2019avant-pied des frottements et de la pression<\/li>\n<\/ul>\n","protected":false},"excerpt":{"rendered":"<p>Pour prot\u00e9ger le m\u00e9dio-pied.<\/p>\n","protected":false},"featured_media":48887,"comment_status":"open","ping_status":"closed","template":"","meta":{"_acf_changed":false},"product_brand":[],"product_cat":[5049,5048,6124,6270,5071,4972,4755],"product_tag":[],"class_list":{"0":"post-48888","1":"product","2":"type-product","3":"status-publish","4":"has-post-thumbnail","6":"product_cat-anti-pression","7":"product_cat-antipression-orthese","8":"product_cat-nos-marques-gehwol","9":"product_cat-anti-pression-gehwol","10":"product_cat-gehwol-soins-des-pieds","11":"product_cat-nos-marques","12":"product_cat-pedicure","14":"first","15":"instock","16":"taxable","17":"shipping-taxable","18":"product-type-simple"},"acf":[],"_links":{"self":[{"href":"https:\/\/sundar.be\/fr\/wp-json\/wp\/v2\/product\/48888","targetHints":{"allow":["GET"]}}],"collection":[{"href":"https:\/\/sundar.be\/fr\/wp-json\/wp\/v2\/product"}],"about":[{"href":"https:\/\/sundar.be\/fr\/wp-json\/wp\/v2\/types\/product"}],"replies":[{"embeddable":true,"href":"https:\/\/sundar.be\/fr\/wp-json\/wp\/v2\/comments?post=48888"}],"wp:featuredmedia":[{"embeddable":true,"href":"https:\/\/sundar.be\/fr\/wp-json\/wp\/v2\/media\/48887"}],"wp:attachment":[{"href":"https:\/\/sundar.be\/fr\/wp-json\/wp\/v2\/media?parent=48888"}],"wp:term":[{"taxonomy":"product_brand","embeddable":true,"href":"https:\/\/sundar.be\/fr\/wp-json\/wp\/v2\/product_brand?post=48888"},{"taxonomy":"product_cat","embeddable":true,"href":"https:\/\/sundar.be\/fr\/wp-json\/wp\/v2\/product_cat?post=48888"},{"taxonomy":"product_tag","embeddable":true,"href":"https:\/\/sundar.be\/fr\/wp-json\/wp\/v2\/product_tag?post=48888"}],"curies":[{"name":"wp","href":"https:\/\/api.w.org\/{rel}","templated":true}]}}