{"id":48879,"date":"2025-04-03T09:27:53","date_gmt":"2025-04-03T07:27:53","guid":{"rendered":"https:\/\/sundar.be\/product\/gehwol-baume-rafraichissant-75-ml\/"},"modified":"2025-11-26T14:26:16","modified_gmt":"2025-11-26T13:26:16","slug":"gehwol-baume-rafraichissant-75-ml","status":"publish","type":"product","link":"https:\/\/sundar.be\/fr\/produit\/gehwol-baume-rafraichissant-75-ml\/","title":{"rendered":"Gehwol Baume Rafra\u00eechissant, 75 ml"},"content":{"rendered":"<p class=\"\" data-start=\"160\" data-end=\"345\">Le<strong> Baume Rafra\u00eechissant Gehwol<\/strong> est un baume l\u00e9ger et rafra\u00eechissant pour les pieds, qui apporte imm\u00e9diatement fra\u00eecheur et confort aux pieds fatigu\u00e9s. La formule combine des agents hydratants avec du menthol rafra\u00eechissant et des huiles naturelles pour revitaliser, adoucir et prot\u00e9ger la peau. Id\u00e9al pour un usage quotidien, en particulier par temps chaud, lors de longues p\u00e9riodes debout ou en cas de fatigue des pieds.  <\/p>\n","protected":false},"excerpt":{"rendered":"<p data-start=\"657\" data-end=\"859\">Ce baume rafra\u00eechissant de Gehwol apaise et revitalise les pieds fatigu\u00e9s gr\u00e2ce \u00e0 un effet intens\u00e9ment rafra\u00eechissant. Les ingr\u00e9dients hydratants garantissent des pieds doux, souples et frais tout au long de la journ\u00e9e. <\/p>\n","protected":false},"featured_media":48873,"comment_status":"open","ping_status":"closed","template":"","meta":{"_acf_changed":false},"product_brand":[],"product_cat":[5053,6124,6322,5071,4972,4755,4996],"product_tag":[],"class_list":{"0":"post-48879","1":"product","2":"type-product","3":"status-publish","4":"has-post-thumbnail","6":"product_cat-cremes-rafraichissantes","7":"product_cat-nos-marques-gehwol","8":"product_cat-gehwol-classic","9":"product_cat-gehwol-soins-des-pieds","10":"product_cat-nos-marques","11":"product_cat-pedicure","12":"product_cat-soins-quotidiens-des-pieds","14":"first","15":"instock","16":"taxable","17":"shipping-taxable","18":"product-type-simple"},"acf":[],"_links":{"self":[{"href":"https:\/\/sundar.be\/fr\/wp-json\/wp\/v2\/product\/48879","targetHints":{"allow":["GET"]}}],"collection":[{"href":"https:\/\/sundar.be\/fr\/wp-json\/wp\/v2\/product"}],"about":[{"href":"https:\/\/sundar.be\/fr\/wp-json\/wp\/v2\/types\/product"}],"replies":[{"embeddable":true,"href":"https:\/\/sundar.be\/fr\/wp-json\/wp\/v2\/comments?post=48879"}],"wp:featuredmedia":[{"embeddable":true,"href":"https:\/\/sundar.be\/fr\/wp-json\/wp\/v2\/media\/48873"}],"wp:attachment":[{"href":"https:\/\/sundar.be\/fr\/wp-json\/wp\/v2\/media?parent=48879"}],"wp:term":[{"taxonomy":"product_brand","embeddable":true,"href":"https:\/\/sundar.be\/fr\/wp-json\/wp\/v2\/product_brand?post=48879"},{"taxonomy":"product_cat","embeddable":true,"href":"https:\/\/sundar.be\/fr\/wp-json\/wp\/v2\/product_cat?post=48879"},{"taxonomy":"product_tag","embeddable":true,"href":"https:\/\/sundar.be\/fr\/wp-json\/wp\/v2\/product_tag?post=48879"}],"curies":[{"name":"wp","href":"https:\/\/api.w.org\/{rel}","templated":true}]}}