{"id":48871,"date":"2025-04-03T09:24:26","date_gmt":"2025-04-03T07:24:26","guid":{"rendered":"https:\/\/sundar.be\/product\/gehwol-deodorant-nourrissant-pieds-150-ml\/"},"modified":"2025-12-15T08:10:23","modified_gmt":"2025-12-15T07:10:23","slug":"gehwol-deodorant-nourrissant-pieds-150-ml","status":"publish","type":"product","link":"https:\/\/sundar.be\/fr\/produit\/gehwol-deodorant-nourrissant-pieds-150-ml\/","title":{"rendered":"Gehwol D\u00e9odorant Nourrissant Pieds, 150 ml"},"content":{"rendered":"<p data-start=\"238\" data-end=\"601\">Le <span style=\"color: #557e96;\"><strong>D\u00e9o Soin pour les Pieds Gehwol<\/strong><\/span> est un d\u00e9odorant nourrissant et rafra\u00eechissant qui neutralise les odeurs d\u00e9sagr\u00e9ables et garde les pieds frais durablement. Le spray combine des agents hydratants avec des actifs antibact\u00e9riens et des huiles essentielles aromatiques pour une sensation de propret\u00e9, de douceur et d\u2019\u00e9nergie. Parfait pour un usage quotidien, \u00e0 la maison comme en d\u00e9placement.  <\/p>\n","protected":false},"excerpt":{"rendered":"<p>Ce d\u00e9odorant pour les pieds de Gehwol rafra\u00eechit imm\u00e9diatement et neutralise efficacement les mauvaises odeurs. Il hydrate et apaise \u00e9galement la peau pour une sensation durable de fra\u00eecheur et de confort. <\/p>\n","protected":false},"featured_media":48868,"comment_status":"open","ping_status":"closed","template":"","meta":{"_acf_changed":false},"product_brand":[],"product_cat":[4997,6124,6322,5071,4972,4755,4996],"product_tag":[],"class_list":{"0":"post-48871","1":"product","2":"type-product","3":"status-publish","4":"has-post-thumbnail","6":"product_cat-anti-transpirants","7":"product_cat-nos-marques-gehwol","8":"product_cat-gehwol-classic","9":"product_cat-gehwol-soins-des-pieds","10":"product_cat-nos-marques","11":"product_cat-pedicure","12":"product_cat-soins-quotidiens-des-pieds","14":"first","15":"instock","16":"taxable","17":"shipping-taxable","18":"product-type-simple"},"acf":[],"_links":{"self":[{"href":"https:\/\/sundar.be\/fr\/wp-json\/wp\/v2\/product\/48871","targetHints":{"allow":["GET"]}}],"collection":[{"href":"https:\/\/sundar.be\/fr\/wp-json\/wp\/v2\/product"}],"about":[{"href":"https:\/\/sundar.be\/fr\/wp-json\/wp\/v2\/types\/product"}],"replies":[{"embeddable":true,"href":"https:\/\/sundar.be\/fr\/wp-json\/wp\/v2\/comments?post=48871"}],"wp:featuredmedia":[{"embeddable":true,"href":"https:\/\/sundar.be\/fr\/wp-json\/wp\/v2\/media\/48868"}],"wp:attachment":[{"href":"https:\/\/sundar.be\/fr\/wp-json\/wp\/v2\/media?parent=48871"}],"wp:term":[{"taxonomy":"product_brand","embeddable":true,"href":"https:\/\/sundar.be\/fr\/wp-json\/wp\/v2\/product_brand?post=48871"},{"taxonomy":"product_cat","embeddable":true,"href":"https:\/\/sundar.be\/fr\/wp-json\/wp\/v2\/product_cat?post=48871"},{"taxonomy":"product_tag","embeddable":true,"href":"https:\/\/sundar.be\/fr\/wp-json\/wp\/v2\/product_tag?post=48871"}],"curies":[{"name":"wp","href":"https:\/\/api.w.org\/{rel}","templated":true}]}}