{"id":48869,"date":"2025-04-03T09:21:01","date_gmt":"2025-04-03T07:21:01","guid":{"rendered":"https:\/\/sundar.be\/product\/gehwol-creme-pieds-75ml\/"},"modified":"2025-12-15T08:11:37","modified_gmt":"2025-12-15T07:11:37","slug":"gehwol-creme-pieds-75ml","status":"publish","type":"product","link":"https:\/\/sundar.be\/fr\/produit\/gehwol-creme-pieds-75ml\/","title":{"rendered":"Gehwol Cr\u00e8me Pieds, 75ml"},"content":{"rendered":"<p>La <span style=\"color: #557e96;\"><strong>Cr\u00e8me pour les Pieds Gehwol <\/strong><\/span>est une cr\u00e8me de soin classique et intensive qui prot\u00e8ge, adoucit et rafra\u00eechit la peau. Sa formule riche combine des agents nourrissants avec des huiles essentielles pures pour une action soignante et l\u00e9g\u00e8rement antiseptique. Id\u00e9ale pour un usage quotidien afin de garder les pieds secs, sollicit\u00e9s ou sensibles doux, frais et confortables.  <\/p>\n","protected":false},"excerpt":{"rendered":"<p data-start=\"693\" data-end=\"879\">Une cr\u00e8me nourrissante et protectrice qui apaise intens\u00e9ment les pieds secs et sensibles. Les huiles essentielles offrent une senteur fra\u00eeche et pure et contribuent \u00e0 des pieds sains et confortables. <\/p>\n","protected":false},"featured_media":48864,"comment_status":"open","ping_status":"closed","template":"","meta":{"_acf_changed":false},"product_brand":[],"product_cat":[4998,5054,6124,6322,5071,4972,4755,4999,4996],"product_tag":[],"class_list":{"0":"post-48869","1":"product","2":"type-product","3":"status-publish","4":"has-post-thumbnail","6":"product_cat-cremes-lotions-pieds","7":"product_cat-cremes-diabetiques","8":"product_cat-nos-marques-gehwol","9":"product_cat-gehwol-classic","10":"product_cat-gehwol-soins-des-pieds","11":"product_cat-nos-marques","12":"product_cat-pedicure","13":"product_cat-soins-specifique-pieds","14":"product_cat-soins-quotidiens-des-pieds","16":"first","17":"instock","18":"taxable","19":"shipping-taxable","20":"product-type-simple"},"acf":[],"_links":{"self":[{"href":"https:\/\/sundar.be\/fr\/wp-json\/wp\/v2\/product\/48869","targetHints":{"allow":["GET"]}}],"collection":[{"href":"https:\/\/sundar.be\/fr\/wp-json\/wp\/v2\/product"}],"about":[{"href":"https:\/\/sundar.be\/fr\/wp-json\/wp\/v2\/types\/product"}],"replies":[{"embeddable":true,"href":"https:\/\/sundar.be\/fr\/wp-json\/wp\/v2\/comments?post=48869"}],"wp:featuredmedia":[{"embeddable":true,"href":"https:\/\/sundar.be\/fr\/wp-json\/wp\/v2\/media\/48864"}],"wp:attachment":[{"href":"https:\/\/sundar.be\/fr\/wp-json\/wp\/v2\/media?parent=48869"}],"wp:term":[{"taxonomy":"product_brand","embeddable":true,"href":"https:\/\/sundar.be\/fr\/wp-json\/wp\/v2\/product_brand?post=48869"},{"taxonomy":"product_cat","embeddable":true,"href":"https:\/\/sundar.be\/fr\/wp-json\/wp\/v2\/product_cat?post=48869"},{"taxonomy":"product_tag","embeddable":true,"href":"https:\/\/sundar.be\/fr\/wp-json\/wp\/v2\/product_tag?post=48869"}],"curies":[{"name":"wp","href":"https:\/\/api.w.org\/{rel}","templated":true}]}}