{"id":48862,"date":"2025-04-03T09:14:42","date_gmt":"2025-04-03T07:14:42","guid":{"rendered":"https:\/\/sundar.be\/product\/gehwol-extra-75ml\/"},"modified":"2025-12-15T08:11:29","modified_gmt":"2025-12-15T07:11:29","slug":"gehwol-extra-75ml","status":"publish","type":"product","link":"https:\/\/sundar.be\/fr\/produit\/gehwol-extra-75ml\/","title":{"rendered":"Gehwol Extra, 75ml"},"content":{"rendered":"<p class=\"\" data-start=\"176\" data-end=\"472\"><span style=\"color: #557e96;\"><strong>Gehwol Extra <\/strong><\/span>est une cr\u00e8me puissante et intensivement soignante pour les pieds fatigu\u00e9s, sollicit\u00e9s et sensibles. Sa formule combine des agents nourrissants riches avec un m\u00e9lange d\u2019huiles essentielles pour prot\u00e9ger, adoucir et revitaliser la peau. Ce classique de Gehwol apporte un soutien efficace aux zones s\u00e8ches, rugueuses ou sollicit\u00e9es et assure une fra\u00eecheur et un confort durables.  <\/p>\n","protected":false},"excerpt":{"rendered":"<p data-start=\"695\" data-end=\"909\">Une cr\u00e8me pour les pieds intensivement nourrissante qui adoucit, prot\u00e8ge et revitalise les pieds secs et sensibles. La combinaison d\u2019huiles v\u00e9g\u00e9tales et de composants rafra\u00eechissants offre des pieds sains, frais et souples. <\/p>\n","protected":false},"featured_media":48859,"comment_status":"open","ping_status":"closed","template":"","meta":{"_acf_changed":false},"product_brand":[],"product_cat":[4998,5054,6124,6322,5071,4972,4755,4999,4996],"product_tag":[],"class_list":{"0":"post-48862","1":"product","2":"type-product","3":"status-publish","4":"has-post-thumbnail","6":"product_cat-cremes-lotions-pieds","7":"product_cat-cremes-diabetiques","8":"product_cat-nos-marques-gehwol","9":"product_cat-gehwol-classic","10":"product_cat-gehwol-soins-des-pieds","11":"product_cat-nos-marques","12":"product_cat-pedicure","13":"product_cat-soins-specifique-pieds","14":"product_cat-soins-quotidiens-des-pieds","16":"first","17":"instock","18":"taxable","19":"shipping-taxable","20":"product-type-simple"},"acf":[],"_links":{"self":[{"href":"https:\/\/sundar.be\/fr\/wp-json\/wp\/v2\/product\/48862","targetHints":{"allow":["GET"]}}],"collection":[{"href":"https:\/\/sundar.be\/fr\/wp-json\/wp\/v2\/product"}],"about":[{"href":"https:\/\/sundar.be\/fr\/wp-json\/wp\/v2\/types\/product"}],"replies":[{"embeddable":true,"href":"https:\/\/sundar.be\/fr\/wp-json\/wp\/v2\/comments?post=48862"}],"wp:featuredmedia":[{"embeddable":true,"href":"https:\/\/sundar.be\/fr\/wp-json\/wp\/v2\/media\/48859"}],"wp:attachment":[{"href":"https:\/\/sundar.be\/fr\/wp-json\/wp\/v2\/media?parent=48862"}],"wp:term":[{"taxonomy":"product_brand","embeddable":true,"href":"https:\/\/sundar.be\/fr\/wp-json\/wp\/v2\/product_brand?post=48862"},{"taxonomy":"product_cat","embeddable":true,"href":"https:\/\/sundar.be\/fr\/wp-json\/wp\/v2\/product_cat?post=48862"},{"taxonomy":"product_tag","embeddable":true,"href":"https:\/\/sundar.be\/fr\/wp-json\/wp\/v2\/product_tag?post=48862"}],"curies":[{"name":"wp","href":"https:\/\/api.w.org\/{rel}","templated":true}]}}