{"id":48853,"date":"2025-04-03T09:07:54","date_gmt":"2025-04-03T07:07:54","guid":{"rendered":"https:\/\/sundar.be\/product\/gehwol-bain-de-pieds\/"},"modified":"2025-12-15T08:12:09","modified_gmt":"2025-12-15T07:12:09","slug":"gehwol-bain-de-pieds","status":"publish","type":"product","link":"https:\/\/sundar.be\/fr\/produit\/gehwol-bain-de-pieds\/","title":{"rendered":"Gehwol Bain de Pieds"},"content":{"rendered":"<p><span style=\"color: #557e96;\"><strong>Gehwol Bain de Pieds<\/strong><\/span> est un concentr\u00e9 rafra\u00eechissant et relaxant qui soulage les pieds fatigu\u00e9s et nettoie intens\u00e9ment la peau. La combinaison d\u2019ingr\u00e9dients soignants et d\u2019huiles essentielles aromatiques adoucit la peau rugueuse, r\u00e9duit les tensions et laisse les pieds d\u00e9licieusement frais. Id\u00e9al comme rituel pr\u00e9paratoire aux soins des pieds, \u00e0 la p\u00e9dicure ou simplement comme moment de d\u00e9tente apr\u00e8s une journ\u00e9e \u00e9prouvante.  <\/p>\n","protected":false},"excerpt":{"rendered":"<p data-start=\"690\" data-end=\"874\">Ce bain de pieds Gehwol nettoie, rafra\u00eechit et adoucit les pieds en profondeur. Des huiles essentielles comme le romarin et l\u2019eucalyptus apportent un regain d\u2019\u00e9nergie et aident les pieds fatigu\u00e9s \u00e0 r\u00e9cup\u00e9rer. <\/p>\n","protected":false},"featured_media":48847,"comment_status":"open","ping_status":"closed","template":"","meta":{"_acf_changed":false},"product_brand":[],"product_cat":[5055,6124,6322,5071,4972,4755,5056],"product_tag":[],"class_list":{"0":"post-48853","1":"product","2":"type-product","3":"status-publish","4":"has-post-thumbnail","6":"product_cat-bains-pieds-gommage","7":"product_cat-nos-marques-gehwol","8":"product_cat-gehwol-classic","9":"product_cat-gehwol-soins-des-pieds","10":"product_cat-nos-marques","11":"product_cat-pedicure","12":"product_cat-produits-bain-pieds","13":"pa_inhoud-10-x-20g-fr","14":"pa_inhoud-10kg-fr","15":"pa_inhoud-400g-fr","17":"first","18":"instock","19":"taxable","20":"shipping-taxable","21":"product-type-variable"},"acf":[],"_links":{"self":[{"href":"https:\/\/sundar.be\/fr\/wp-json\/wp\/v2\/product\/48853","targetHints":{"allow":["GET"]}}],"collection":[{"href":"https:\/\/sundar.be\/fr\/wp-json\/wp\/v2\/product"}],"about":[{"href":"https:\/\/sundar.be\/fr\/wp-json\/wp\/v2\/types\/product"}],"replies":[{"embeddable":true,"href":"https:\/\/sundar.be\/fr\/wp-json\/wp\/v2\/comments?post=48853"}],"wp:featuredmedia":[{"embeddable":true,"href":"https:\/\/sundar.be\/fr\/wp-json\/wp\/v2\/media\/48847"}],"wp:attachment":[{"href":"https:\/\/sundar.be\/fr\/wp-json\/wp\/v2\/media?parent=48853"}],"wp:term":[{"taxonomy":"product_brand","embeddable":true,"href":"https:\/\/sundar.be\/fr\/wp-json\/wp\/v2\/product_brand?post=48853"},{"taxonomy":"product_cat","embeddable":true,"href":"https:\/\/sundar.be\/fr\/wp-json\/wp\/v2\/product_cat?post=48853"},{"taxonomy":"product_tag","embeddable":true,"href":"https:\/\/sundar.be\/fr\/wp-json\/wp\/v2\/product_tag?post=48853"}],"curies":[{"name":"wp","href":"https:\/\/api.w.org\/{rel}","templated":true}]}}