{"id":48836,"date":"2025-04-03T08:55:48","date_gmt":"2025-04-03T06:55:48","guid":{"rendered":"https:\/\/sundar.be\/product\/gehwol-coussin-pour-oignon-g\/"},"modified":"2025-12-15T08:12:19","modified_gmt":"2025-12-15T07:12:19","slug":"gehwol-coussin-pour-oignon-g","status":"publish","type":"product","link":"https:\/\/sundar.be\/fr\/produit\/gehwol-coussin-pour-oignon-g\/","title":{"rendered":"Gehwol Coussin pour Oignon G"},"content":{"rendered":"<p><span style=\"color: #557e96;\"><strong>Gehwol Coussin pour Oignon G<\/strong><\/span><\/p>\n<ul>\n<li>Rembourrage doux, tr\u00e8s \u00e9lastique et respectueux de la peau<\/li>\n<li>Facilite la marche en cas de douleur au niveau de l\u2019articulation du gros orteil<\/li>\n<li>Offre protection et confort<\/li>\n<li>Le coussin pour oignon doit \u00eatre port\u00e9 sous une chaussette, qui le maintient en place sur le pied.<\/li>\n<li>Peut \u00e9galement \u00eatre utilis\u00e9 avec un s\u00e9parateur d\u2019orteils.<\/li>\n<\/ul>\n","protected":false},"excerpt":{"rendered":"<p>Pour soulager la pression en cas d&rsquo;oignons (hallux valgus).<\/p>\n","protected":false},"featured_media":48833,"comment_status":"open","ping_status":"closed","template":"","meta":{"_acf_changed":false},"product_brand":[],"product_cat":[5049,5048,6124,6270,5071,5272,4972,4755,4999],"product_tag":[],"class_list":{"0":"post-48836","1":"product","2":"type-product","3":"status-publish","4":"has-post-thumbnail","6":"product_cat-anti-pression","7":"product_cat-antipression-orthese","8":"product_cat-nos-marques-gehwol","9":"product_cat-anti-pression-gehwol","10":"product_cat-gehwol-soins-des-pieds","11":"product_cat-hallux-valgus","12":"product_cat-nos-marques","13":"product_cat-pedicure","14":"product_cat-soins-specifique-pieds","16":"first","17":"instock","18":"taxable","19":"shipping-taxable","20":"product-type-simple"},"acf":[],"_links":{"self":[{"href":"https:\/\/sundar.be\/fr\/wp-json\/wp\/v2\/product\/48836","targetHints":{"allow":["GET"]}}],"collection":[{"href":"https:\/\/sundar.be\/fr\/wp-json\/wp\/v2\/product"}],"about":[{"href":"https:\/\/sundar.be\/fr\/wp-json\/wp\/v2\/types\/product"}],"replies":[{"embeddable":true,"href":"https:\/\/sundar.be\/fr\/wp-json\/wp\/v2\/comments?post=48836"}],"wp:featuredmedia":[{"embeddable":true,"href":"https:\/\/sundar.be\/fr\/wp-json\/wp\/v2\/media\/48833"}],"wp:attachment":[{"href":"https:\/\/sundar.be\/fr\/wp-json\/wp\/v2\/media?parent=48836"}],"wp:term":[{"taxonomy":"product_brand","embeddable":true,"href":"https:\/\/sundar.be\/fr\/wp-json\/wp\/v2\/product_brand?post=48836"},{"taxonomy":"product_cat","embeddable":true,"href":"https:\/\/sundar.be\/fr\/wp-json\/wp\/v2\/product_cat?post=48836"},{"taxonomy":"product_tag","embeddable":true,"href":"https:\/\/sundar.be\/fr\/wp-json\/wp\/v2\/product_tag?post=48836"}],"curies":[{"name":"wp","href":"https:\/\/api.w.org\/{rel}","templated":true}]}}