{"id":48828,"date":"2025-04-03T08:51:00","date_gmt":"2025-04-03T06:51:00","guid":{"rendered":"https:\/\/sundar.be\/product\/gehwol-separateur-dorteils-3-pcs\/"},"modified":"2025-12-15T08:12:19","modified_gmt":"2025-12-15T07:12:19","slug":"gehwol-separateur-dorteils-3-pcs","status":"publish","type":"product","link":"https:\/\/sundar.be\/fr\/produit\/gehwol-separateur-dorteils-3-pcs\/","title":{"rendered":"Gehwol S\u00e9parateur d&rsquo;Orteils, 3 pcs"},"content":{"rendered":"<p><span style=\"color: #557e96;\"><strong>Gehwol S\u00e9parateur d&rsquo;Orteils<\/strong><\/span><\/p>\n<ul>\n<li>Coussin en gel polym\u00e8re respectueux de la peau<\/li>\n<li>Soulagement confortable et antid\u00e9rapant des cors entre les orteils<\/li>\n<li>Corrige les orteils serr\u00e9s et chevauchants<\/li>\n<li>Prot\u00e8ge contre les frottements et les irritations cutan\u00e9es<\/li>\n<\/ul>\n","protected":false},"excerpt":{"rendered":"<p>Gehwol S\u00e9parateur d&rsquo;Orteils Coussin en gel polym\u00e8re respectueux de la peau Soulagement confortable et antid\u00e9rapant des cors entre les orteils Corrige les orteils serr\u00e9s et chevauchants Prot\u00e8ge contre les frottements et les irritations cutan\u00e9es<\/p>\n","protected":false},"featured_media":48824,"comment_status":"open","ping_status":"closed","template":"","meta":{"_acf_changed":false},"product_brand":[],"product_cat":[5049,5048,5271,6124,6270,5071,4972,4755,4999],"product_tag":[],"class_list":{"0":"post-48828","1":"product","2":"type-product","3":"status-publish","4":"has-post-thumbnail","6":"product_cat-anti-pression","7":"product_cat-antipression-orthese","8":"product_cat-cors-au-pieds","9":"product_cat-nos-marques-gehwol","10":"product_cat-anti-pression-gehwol","11":"product_cat-gehwol-soins-des-pieds","12":"product_cat-nos-marques","13":"product_cat-pedicure","14":"product_cat-soins-specifique-pieds","15":"pa_maat-grand","16":"pa_maat-petit","18":"first","19":"instock","20":"taxable","21":"shipping-taxable","22":"product-type-variable"},"acf":[],"_links":{"self":[{"href":"https:\/\/sundar.be\/fr\/wp-json\/wp\/v2\/product\/48828","targetHints":{"allow":["GET"]}}],"collection":[{"href":"https:\/\/sundar.be\/fr\/wp-json\/wp\/v2\/product"}],"about":[{"href":"https:\/\/sundar.be\/fr\/wp-json\/wp\/v2\/types\/product"}],"replies":[{"embeddable":true,"href":"https:\/\/sundar.be\/fr\/wp-json\/wp\/v2\/comments?post=48828"}],"wp:featuredmedia":[{"embeddable":true,"href":"https:\/\/sundar.be\/fr\/wp-json\/wp\/v2\/media\/48824"}],"wp:attachment":[{"href":"https:\/\/sundar.be\/fr\/wp-json\/wp\/v2\/media?parent=48828"}],"wp:term":[{"taxonomy":"product_brand","embeddable":true,"href":"https:\/\/sundar.be\/fr\/wp-json\/wp\/v2\/product_brand?post=48828"},{"taxonomy":"product_cat","embeddable":true,"href":"https:\/\/sundar.be\/fr\/wp-json\/wp\/v2\/product_cat?post=48828"},{"taxonomy":"product_tag","embeddable":true,"href":"https:\/\/sundar.be\/fr\/wp-json\/wp\/v2\/product_tag?post=48828"}],"curies":[{"name":"wp","href":"https:\/\/api.w.org\/{rel}","templated":true}]}}