{"id":48814,"date":"2025-04-03T08:40:32","date_gmt":"2025-04-03T06:40:32","guid":{"rendered":"https:\/\/sundar.be\/product\/gehwol-med-creme-anti-callosites-75-ml\/"},"modified":"2025-12-15T08:12:43","modified_gmt":"2025-12-15T07:12:43","slug":"gehwol-med-creme-anti-callosites-75-ml","status":"publish","type":"product","link":"https:\/\/sundar.be\/fr\/produit\/gehwol-med-creme-anti-callosites-75-ml\/","title":{"rendered":"Gehwol Med Cr\u00e8me Callosit\u00e9s, 75 ml"},"content":{"rendered":"<p><span style=\"color: #557e96;\"><strong>Gehwol Med Cr\u00e8me Callosit\u00e9s<\/strong><\/span> est une cr\u00e8me intens\u00e9ment adoucissante, sp\u00e9cialement con\u00e7ue pour traiter efficacement les zones de callosit\u00e9s. Sa formule riche hydrate en profondeur, assouplit la peau durcie et soutient la r\u00e9g\u00e9n\u00e9ration des pieds sollicit\u00e9s. Gr\u00e2ce \u00e0 des huiles v\u00e9g\u00e9tales apaisantes et nourrissantes, cette cr\u00e8me offre une solution cibl\u00e9e pour les zones \u00e9paisses, rugueuses ou s\u00e8ches.  <\/p>\n","protected":false},"excerpt":{"rendered":"<p>Une cr\u00e8me puissante qui adoucit intens\u00e9ment la peau dure et rend les zones de callosit\u00e9s plus souples. Id\u00e9ale pour le soin quotidien des pieds sujets \u00e0 l\u2019\u00e9paississement cutan\u00e9. <\/p>\n","protected":false},"featured_media":48813,"comment_status":"open","ping_status":"closed","template":"","meta":{"_acf_changed":false},"product_brand":[],"product_cat":[5000,5054,6124,6321,5071,4972,4755,4999],"product_tag":[],"class_list":{"0":"post-48814","1":"product","2":"type-product","3":"status-publish","4":"has-post-thumbnail","6":"product_cat-callosites-crevasses","7":"product_cat-cremes-diabetiques","8":"product_cat-nos-marques-gehwol","9":"product_cat-gehwol-med","10":"product_cat-gehwol-soins-des-pieds","11":"product_cat-nos-marques","12":"product_cat-pedicure","13":"product_cat-soins-specifique-pieds","15":"first","16":"instock","17":"taxable","18":"shipping-taxable","19":"product-type-simple"},"acf":[],"_links":{"self":[{"href":"https:\/\/sundar.be\/fr\/wp-json\/wp\/v2\/product\/48814","targetHints":{"allow":["GET"]}}],"collection":[{"href":"https:\/\/sundar.be\/fr\/wp-json\/wp\/v2\/product"}],"about":[{"href":"https:\/\/sundar.be\/fr\/wp-json\/wp\/v2\/types\/product"}],"replies":[{"embeddable":true,"href":"https:\/\/sundar.be\/fr\/wp-json\/wp\/v2\/comments?post=48814"}],"wp:featuredmedia":[{"embeddable":true,"href":"https:\/\/sundar.be\/fr\/wp-json\/wp\/v2\/media\/48813"}],"wp:attachment":[{"href":"https:\/\/sundar.be\/fr\/wp-json\/wp\/v2\/media?parent=48814"}],"wp:term":[{"taxonomy":"product_brand","embeddable":true,"href":"https:\/\/sundar.be\/fr\/wp-json\/wp\/v2\/product_brand?post=48814"},{"taxonomy":"product_cat","embeddable":true,"href":"https:\/\/sundar.be\/fr\/wp-json\/wp\/v2\/product_cat?post=48814"},{"taxonomy":"product_tag","embeddable":true,"href":"https:\/\/sundar.be\/fr\/wp-json\/wp\/v2\/product_tag?post=48814"}],"curies":[{"name":"wp","href":"https:\/\/api.w.org\/{rel}","templated":true}]}}