{"id":48810,"date":"2025-04-02T16:50:41","date_gmt":"2025-04-02T14:50:41","guid":{"rendered":"https:\/\/sundar.be\/product\/gehwol-soft-feet-masker-50ml\/"},"modified":"2025-12-15T08:13:14","modified_gmt":"2025-12-15T07:13:14","slug":"gehwol-soft-feet-masker-50ml","status":"publish","type":"product","link":"https:\/\/sundar.be\/fr\/produit\/gehwol-soft-feet-masker-50ml\/","title":{"rendered":"Gehwol Soft Feet Masker, 50ml"},"content":{"rendered":"<p>Le <span style=\"color: #557e96;\"><strong>GEHWOL Soft Feet Masque <\/strong><\/span>est un masque pour les pieds luxueux et intens\u00e9ment nourrissant qui apaise imm\u00e9diatement les pieds secs et fatigu\u00e9s. Sa texture cr\u00e9meuse et riche p\u00e9n\u00e8tre profond\u00e9ment dans la peau, hydrate durablement et laisse les pieds visiblement plus doux et lisses. Gr\u00e2ce \u00e0 des huiles nourrissantes, des extraits v\u00e9g\u00e9taux apaisants et des agents hydratants, ce masque offre une v\u00e9ritable exp\u00e9rience bien-\u00eatre pour les pieds.  <\/p>\n","protected":false},"excerpt":{"rendered":"<p data-start=\"819\" data-end=\"1009\">Ce masque doux pour les pieds de GEHWOL hydrate, nourrit et adoucit m\u00eame les pieds tr\u00e8s secs. La combinaison de miel, d\u2019huile d\u2019avocat et d\u2019ur\u00e9e procure une peau intens\u00e9ment soign\u00e9e et soyeuse. <\/p>\n","protected":false},"featured_media":48809,"comment_status":"open","ping_status":"closed","template":"","meta":{"_acf_changed":false},"product_brand":[],"product_cat":[4998,6124,6323,5071,4972,4755,4996],"product_tag":[],"class_list":{"0":"post-48810","1":"product","2":"type-product","3":"status-publish","4":"has-post-thumbnail","6":"product_cat-cremes-lotions-pieds","7":"product_cat-nos-marques-gehwol","8":"product_cat-gehwol-fusskraft","9":"product_cat-gehwol-soins-des-pieds","10":"product_cat-nos-marques","11":"product_cat-pedicure","12":"product_cat-soins-quotidiens-des-pieds","14":"first","15":"instock","16":"taxable","17":"shipping-taxable","18":"product-type-simple"},"acf":[],"_links":{"self":[{"href":"https:\/\/sundar.be\/fr\/wp-json\/wp\/v2\/product\/48810","targetHints":{"allow":["GET"]}}],"collection":[{"href":"https:\/\/sundar.be\/fr\/wp-json\/wp\/v2\/product"}],"about":[{"href":"https:\/\/sundar.be\/fr\/wp-json\/wp\/v2\/types\/product"}],"replies":[{"embeddable":true,"href":"https:\/\/sundar.be\/fr\/wp-json\/wp\/v2\/comments?post=48810"}],"wp:featuredmedia":[{"embeddable":true,"href":"https:\/\/sundar.be\/fr\/wp-json\/wp\/v2\/media\/48809"}],"wp:attachment":[{"href":"https:\/\/sundar.be\/fr\/wp-json\/wp\/v2\/media?parent=48810"}],"wp:term":[{"taxonomy":"product_brand","embeddable":true,"href":"https:\/\/sundar.be\/fr\/wp-json\/wp\/v2\/product_brand?post=48810"},{"taxonomy":"product_cat","embeddable":true,"href":"https:\/\/sundar.be\/fr\/wp-json\/wp\/v2\/product_cat?post=48810"},{"taxonomy":"product_tag","embeddable":true,"href":"https:\/\/sundar.be\/fr\/wp-json\/wp\/v2\/product_tag?post=48810"}],"curies":[{"name":"wp","href":"https:\/\/api.w.org\/{rel}","templated":true}]}}